{"id":5475,"date":"2023-10-01T17:11:29","date_gmt":"2023-10-01T15:11:29","guid":{"rendered":"https:\/\/veganova.eu\/?post_type=product&#038;p=5475"},"modified":"2026-04-21T07:24:55","modified_gmt":"2026-04-21T05:24:55","slug":"enzymedica-candidase-42-caps","status":"publish","type":"product","link":"https:\/\/veganova.eu\/cs\/shop\/enzymedica-candidase-42-caps\/","title":{"rendered":"Enzymedica Candidase - 42 kapsl\u00ed"},"content":{"rendered":"<h3>Enzymedica Candidase - 42 kapsl\u00ed<\/h3>\n<p>\u017divotn\u00ed styl a faktory \u017eivotn\u00edho prost\u0159ed\u00ed mohou m\u00edt velk\u00fd vliv na schopnost organismu zachovat ide\u00e1ln\u00ed \u00farove\u0148 st\u0159evn\u00ed fl\u00f3ry. Udr\u017eov\u00e1n\u00ed zdrav\u00e9 st\u0159evn\u00ed fl\u00f3ry je pro celkov\u00e9 zdrav\u00ed kl\u00ed\u010dov\u00e9, proto\u017ee obnovuje energii v t\u011ble a udr\u017euje optim\u00e1ln\u00ed fungov\u00e1n\u00ed imunitn\u00edho a tr\u00e1vic\u00edho syst\u00e9mu.<\/p>\n<p>Pokud je st\u0159evn\u00ed fl\u00f3ra vyv\u00e1\u017een\u00e1, udr\u017euje se hladina kvasinek pod kontrolou a lze se vyhnout ob\u010dasn\u00fdm pot\u00ed\u017e\u00edm, jako jsou probl\u00e9my s tr\u00e1ven\u00edm, chu\u0165 na cukr, podr\u00e1\u017ed\u011bnost, \u00fanava a \u0161patn\u00e1 pam\u011b\u0165.<\/p>\n<p>Candidase obsahuje dv\u011b sm\u011bsi enzym\u016f, kter\u00e9 podporuj\u00ed p\u0159irozenou schopnost t\u011bla udr\u017eovat zdravou rovnov\u00e1hu st\u0159evn\u00ed fl\u00f3ry. Celul\u00e1za rozkl\u00e1d\u00e1 bun\u011b\u010dnou st\u011bnu kvasinek, zat\u00edmco prote\u00e1za tr\u00e1v\u00ed vnit\u0159n\u00ed b\u00edlkoviny. Tato kombinace zaji\u0161\u0165uje jemn\u00fd, \u010distic\u00ed \u00fa\u010dinek bez drsn\u00fdch nep\u0159\u00edjemn\u00fdch pocit\u016f, kter\u00e9 jsou p\u0159i \u010di\u0161t\u011bn\u00ed b\u011b\u017en\u00e9.<\/p>\n<p>Candidase obsahuje enzymy Thera-blend. Thera-blend je exkluzivn\u00ed proces, kter\u00fd kombinuje v\u00edce kmen\u016f enzym\u016f, kter\u00e9 pracuj\u00ed ve specifick\u00fdch \u00farovn\u00edch pH, co\u017e vede k vynikaj\u00edc\u00edmu v\u00fdkonu v t\u011ble.<\/p>","protected":false},"excerpt":{"rendered":"<p>Vegansk\u00fd dopln\u011bk stravy pro zdravou st\u0159evn\u00ed mikrofl\u00f3ru Enzymedica Candidase pom\u00e1h\u00e1 zlep\u0161it tr\u00e1ven\u00ed, podr\u00e1\u017ed\u011bnost, chu\u0165 na sladk\u00e9, \u00fanavu a \u0161patnou pam\u011b\u0165. Neobsahuje GMO. Balen\u00ed obsahuje: 42 kapsl\u00ed.<\/p>","protected":false},"featured_media":12114,"comment_status":"closed","ping_status":"closed","template":"","meta":{"advanced_seo_description":"","jetpack_seo_html_title":"","jetpack_seo_noindex":false},"pwb-brand":[467],"product_brand":[4767],"product_cat":[596],"product_tag":[1314,1462],"class_list":{"0":"post-5475","1":"product","2":"type-product","3":"status-publish","4":"has-post-thumbnail","6":"pwb-brand-enzymedica","7":"product_brand-enzymedica","8":"product_cat-digestion","9":"product_tag-candida","10":"product_tag-yeast","11":"brand_woo-enzymedica","13":"first","14":"instock","15":"taxable","16":"shipping-taxable","17":"purchasable","18":"product-type-simple"},"jetpack_sharing_enabled":true,"brands":[{"id":467,"name":"Enzymedica","slug":"enzymedica"}],"_links":{"self":[{"href":"https:\/\/veganova.eu\/cs\/wp-json\/wp\/v2\/product\/5475","targetHints":{"allow":["GET"]}}],"collection":[{"href":"https:\/\/veganova.eu\/cs\/wp-json\/wp\/v2\/product"}],"about":[{"href":"https:\/\/veganova.eu\/cs\/wp-json\/wp\/v2\/types\/product"}],"replies":[{"embeddable":true,"href":"https:\/\/veganova.eu\/cs\/wp-json\/wp\/v2\/comments?post=5475"}],"version-history":[{"count":1,"href":"https:\/\/veganova.eu\/cs\/wp-json\/wp\/v2\/product\/5475\/revisions"}],"predecessor-version":[{"id":58530,"href":"https:\/\/veganova.eu\/cs\/wp-json\/wp\/v2\/product\/5475\/revisions\/58530"}],"wp:featuredmedia":[{"embeddable":true,"href":"https:\/\/veganova.eu\/cs\/wp-json\/wp\/v2\/media\/12114"}],"wp:attachment":[{"href":"https:\/\/veganova.eu\/cs\/wp-json\/wp\/v2\/media?parent=5475"}],"wp:term":[{"taxonomy":"pwb-brand","embeddable":true,"href":"https:\/\/veganova.eu\/cs\/wp-json\/wp\/v2\/pwb-brand?post=5475"},{"taxonomy":"product_brand","embeddable":true,"href":"https:\/\/veganova.eu\/cs\/wp-json\/wp\/v2\/product_brand?post=5475"},{"taxonomy":"product_cat","embeddable":true,"href":"https:\/\/veganova.eu\/cs\/wp-json\/wp\/v2\/product_cat?post=5475"},{"taxonomy":"product_tag","embeddable":true,"href":"https:\/\/veganova.eu\/cs\/wp-json\/wp\/v2\/product_tag?post=5475"}],"curies":[{"name":"wp","href":"https:\/\/api.w.org\/{rel}","templated":true}]}}