{"id":5749,"date":"2023-10-01T17:11:40","date_gmt":"2023-10-01T15:11:40","guid":{"rendered":"https:\/\/veganova.eu\/?post_type=product&#038;p=5749"},"modified":"2026-04-21T07:24:57","modified_gmt":"2026-04-21T05:24:57","slug":"garden-of-life-sport-organic-plant-based-protein-chocolate-840g","status":"publish","type":"product","link":"https:\/\/veganova.eu\/cs\/shop\/garden-of-life-sport-organic-plant-based-protein-chocolate-840g\/","title":{"rendered":"Garden of Life Sport Organic Plant-Based Protein, \u010dokol\u00e1da - 840g"},"content":{"rendered":"<h3>Garden of Life Sport Organic Plant-Based Protein, \u010dokol\u00e1da - 840g<\/h3>\n<p>Rostlinn\u00e9 b\u00edlkoviny jsou nej\u010dist\u0161\u00ed dostupn\u00e9 b\u00edlkoviny, kter\u00e9 maj\u00ed \u010dty\u0159n\u00e1sobnou certifikaci t\u0159et\u00edch stran. Nejen\u017ee m\u00e1 certifik\u00e1t USDA a Non-GMO Project Verified, ale d\u00edky certifik\u00e1t\u016fm NSF Certified for Sport a Informed-Choice for Sport je Plant-Based Protein posunut na dal\u0161\u00ed \u00farove\u0148 pro sport. To zaru\u010duje, \u017ee v n\u011bm nejsou \u017e\u00e1dn\u00e9 zak\u00e1zan\u00e9 sportovn\u00ed l\u00e1tky - jen cel\u00e9 \u010dist\u00e9 \u017eiviny.<\/p>\n<p>Plant-Based Protein nab\u00edz\u00ed sm\u011bs certifikovan\u00fdch b\u00edlkovin z r\u016fzn\u00fdch zdroj\u016f a obsahuje hr\u00e1ch vyp\u011bstovan\u00fd v USA, kter\u00fd mu dod\u00e1v\u00e1 skv\u011blou hladkou a kr\u00e9movou strukturu. D\u00e1le jsme p\u0159idali dal\u0161\u00ed kvalitn\u00ed b\u00edlkoviny, jako jsou fazole garbanzo, fazole navy, \u010do\u010dka a protein ze semen brusinek. Jedna porce p\u0159in\u00e1\u0161\u00ed 30 g kompletn\u00edch b\u00edlkovin poskytuj\u00edc\u00edch pln\u00fd profil v\u0161ech esenci\u00e1ln\u00edch aminokyselin, 5,5 g BCAA a 5 g glutaminu, kter\u00e9 jsou d\u016fle\u017eit\u00e9 pro zkr\u00e1cen\u00ed doby regenerace po cvi\u010den\u00ed. Neobsahuje \u017e\u00e1dn\u00e9 syntetick\u00e9 aminokyseliny s rozv\u011btven\u00fdm \u0159et\u011bzcem - v\u0161echny poch\u00e1zej\u00ed ze surovin.<\/p>\n<p>Sm\u011bs pro zotaven\u00ed sval\u016f obsahuje t\u0159e\u0161n\u011b, jablka, kurkumu, bobule gogi a bor\u016fvky - tyto antioxidanty podporuj\u00ed rychlej\u0161\u00ed regeneraci. Vzhledem k tomu, \u017ee mnoho sportovc\u016f ohro\u017euje sv\u016fj imunitn\u00ed syst\u00e9m v d\u016fsledku intenzivn\u00edch tr\u00e9ninkov\u00fdch program\u016f, p\u0159idali jsme 2 miliardy CFU speci\u00e1ln\u011b vybran\u00e9ho, klinicky studovan\u00e9ho probiotika, u kter\u00e9ho bylo prok\u00e1z\u00e1no, \u017ee podporuje imunitn\u00ed zdrav\u00ed b\u011bhem intenzivn\u00edho tr\u00e9ninku.<\/p>","protected":false},"excerpt":{"rendered":"<p>Garden of Life Sport Organic Plant-Based Protein poskytuje 30 g \u010dist\u00fdch b\u00edlkovin v jedn\u00e9 d\u00e1vce, kompletn\u00ed profil esenci\u00e1ln\u00edch aminokyselin, 5,5 g BCAA a 5 g glutaminu. Neobsahuje GMO a lepek. Vegansk\u00e1 certifikace. P\u0159\u00edchu\u0165: \u010dokol\u00e1da. Slo\u017een\u00ed: \u010dokol\u00e1da, \u010dokol\u00e1da, \u010dokol\u00e1da, \u010dokol\u00e1da, \u010dokol\u00e1da, \u010dokol\u00e1da, \u010dokol\u00e1da: 840g.<\/p>","protected":false},"featured_media":52860,"comment_status":"closed","ping_status":"closed","template":"","meta":{"advanced_seo_description":"","jetpack_seo_html_title":"","jetpack_seo_noindex":false},"pwb-brand":[303],"product_brand":[4625],"product_cat":[132,133],"product_tag":[1467,1468,1378,1469],"class_list":{"0":"post-5749","1":"product","2":"type-product","3":"status-publish","4":"has-post-thumbnail","6":"pwb-brand-garden-of-life","7":"product_brand-garden-of-life","8":"product_cat-sports-nutrition","9":"product_cat-vegan-proteins","10":"product_tag-certified-vegan-protein","11":"product_tag-gluten-free-protein","12":"product_tag-protein-with-amino-acids","13":"product_tag-vegan-protein-for-athletes","14":"brand_woo-garden-of-life","16":"first","17":"instock","18":"sale","19":"taxable","20":"shipping-taxable","21":"purchasable","22":"product-type-simple"},"jetpack_sharing_enabled":true,"brands":[{"id":303,"name":"Zahrada \u017eivota","slug":"garden-of-life"}],"_links":{"self":[{"href":"https:\/\/veganova.eu\/cs\/wp-json\/wp\/v2\/product\/5749","targetHints":{"allow":["GET"]}}],"collection":[{"href":"https:\/\/veganova.eu\/cs\/wp-json\/wp\/v2\/product"}],"about":[{"href":"https:\/\/veganova.eu\/cs\/wp-json\/wp\/v2\/types\/product"}],"replies":[{"embeddable":true,"href":"https:\/\/veganova.eu\/cs\/wp-json\/wp\/v2\/comments?post=5749"}],"version-history":[{"count":1,"href":"https:\/\/veganova.eu\/cs\/wp-json\/wp\/v2\/product\/5749\/revisions"}],"predecessor-version":[{"id":58547,"href":"https:\/\/veganova.eu\/cs\/wp-json\/wp\/v2\/product\/5749\/revisions\/58547"}],"wp:featuredmedia":[{"embeddable":true,"href":"https:\/\/veganova.eu\/cs\/wp-json\/wp\/v2\/media\/52860"}],"wp:attachment":[{"href":"https:\/\/veganova.eu\/cs\/wp-json\/wp\/v2\/media?parent=5749"}],"wp:term":[{"taxonomy":"pwb-brand","embeddable":true,"href":"https:\/\/veganova.eu\/cs\/wp-json\/wp\/v2\/pwb-brand?post=5749"},{"taxonomy":"product_brand","embeddable":true,"href":"https:\/\/veganova.eu\/cs\/wp-json\/wp\/v2\/product_brand?post=5749"},{"taxonomy":"product_cat","embeddable":true,"href":"https:\/\/veganova.eu\/cs\/wp-json\/wp\/v2\/product_cat?post=5749"},{"taxonomy":"product_tag","embeddable":true,"href":"https:\/\/veganova.eu\/cs\/wp-json\/wp\/v2\/product_tag?post=5749"}],"curies":[{"name":"wp","href":"https:\/\/api.w.org\/{rel}","templated":true}]}}