{"id":8698,"date":"2023-10-01T17:12:14","date_gmt":"2023-10-01T15:12:14","guid":{"rendered":"https:\/\/veganova.eu\/?post_type=product&#038;p=8698"},"modified":"2026-04-21T07:25:03","modified_gmt":"2026-04-21T05:25:03","slug":"garden-of-life-beauty-beets-gummies-raspberry-60-fruit-gummies","status":"publish","type":"product","link":"https:\/\/veganova.eu\/cs\/shop\/garden-of-life-beauty-beets-gummies-raspberry-60-fruit-gummies\/","title":{"rendered":"Garden of Life Beauty Beets Gummies, malina - 60 ovocn\u00fdch gumov\u00fdch bonb\u00f3n\u016f"},"content":{"rendered":"<h3>Garden of Life Beauty Beets Gummies, malina - 60 ovocn\u00fdch gumov\u00fdch bonb\u00f3n\u016f<\/h3>\n<p>Pokud m\u00e1te z\u00e1jem o mladistv\u011b vypadaj\u00edc\u00ed ple\u0165, zdrav\u00e9 vlasy a tvorbu kolagenu, p\u0159idejte do sv\u00e9 kosmetick\u00e9 rutiny tento chutn\u00fd gumov\u00fd dopln\u011bk stravy - Beets Beauty Gummies!<\/p>\n<p>Obsahuj\u00ed antioxidanty 1 pro podporu zdrav\u00ed poko\u017eky a 10 mg organick\u00e9ho bambusov\u00e9ho oxidu k\u0159emi\u010dit\u00e9ho. Tyto gumov\u00e9 bonb\u00f3ny z \u010derven\u00e9 \u0159epy s p\u0159idan\u00fdmi vitaminy C a B12 a biotinem pro zdravou poko\u017eku a vlasy jsou k dispozici v chutn\u00e9 malinov\u00e9 p\u0159\u00edchuti.<\/p>\n<p>Beets Beauty Gummies jsou certifikov\u00e1ny USDA Organic, Non-GMO Project Verified, NSF Certified Gluten Free a Certified Vegan.<\/p>\n<p>Hlavn\u00ed v\u00fdhody:<\/p>\n<p>S organick\u00fdm koncentr\u00e1tem z \u010derven\u00e9 \u0159epy a organick\u00fdm bambusov\u00fdm oxidem k\u0159emi\u010dit\u00fdm v t\u011bchto chutn\u00fdch gumov\u00fdch bonbonech Raspberry Beauty.<br \/>\nObsahuje biotin, vitam\u00edn C a B12 z cel\u00e9 stravy<br \/>\nPodpora mladistv\u00e9 pleti a zdrav\u00ed poko\u017eky s biotinem 2<br \/>\nPodporuje tvorbu kolagenu 3<\/p>\n<p>Podrobnosti o strav\u011b:<\/p>\n<p>Organic<br \/>\nNon-GMO<br \/>\nVegan<br \/>\nBez lepku<br \/>\nBez s\u00f3ji<\/p>\n<p>1 Vitamin C p\u0159isp\u00edv\u00e1 k ochran\u011b bun\u011bk p\u0159ed oxidativn\u00edm stresem .<\/p>\n<p>2 Biotin p\u0159isp\u00edv\u00e1 k udr\u017een\u00ed norm\u00e1ln\u00edho stavu vlas\u016f a poko\u017eky.<\/p>\n<p>3 Vitamin C p\u0159isp\u00edv\u00e1 k norm\u00e1ln\u00ed tvorb\u011b kolagenu pro norm\u00e1ln\u00ed funkci poko\u017eky.<\/p>","protected":false},"excerpt":{"rendered":"<p>P\u0159\u00edrodn\u00ed dopln\u011bk stravy Garden of Life Beauty Beets Gummies s malinovou p\u0159\u00edchut\u00ed pom\u00e1h\u00e1 vytv\u00e1\u0159et kolagen pro va\u0161e vlasy, poko\u017eku a klouby. Vegansk\u00e9, organick\u00e9, NON GMO, bez lepku a s\u00f3ji. Obsah: Obsah: 60 gumov\u00fdch bonb\u00f3n\u016f.<\/p>","protected":false},"featured_media":53284,"comment_status":"closed","ping_status":"closed","template":"","meta":{"advanced_seo_description":"","jetpack_seo_html_title":"","jetpack_seo_noindex":false},"pwb-brand":[303],"product_brand":[4625],"product_cat":[688],"product_tag":[599,601,602],"class_list":{"0":"post-8698","1":"product","2":"type-product","3":"status-publish","4":"has-post-thumbnail","6":"pwb-brand-garden-of-life","7":"product_brand-garden-of-life","8":"product_cat-beauty-supplements","9":"product_tag-gluten-free","10":"product_tag-non-gmo","11":"product_tag-vegan","12":"brand_woo-garden-of-life","14":"first","15":"outofstock","16":"sale","17":"taxable","18":"shipping-taxable","19":"purchasable","20":"product-type-simple"},"jetpack_sharing_enabled":true,"brands":[{"id":303,"name":"Zahrada \u017eivota","slug":"garden-of-life"}],"_links":{"self":[{"href":"https:\/\/veganova.eu\/cs\/wp-json\/wp\/v2\/product\/8698","targetHints":{"allow":["GET"]}}],"collection":[{"href":"https:\/\/veganova.eu\/cs\/wp-json\/wp\/v2\/product"}],"about":[{"href":"https:\/\/veganova.eu\/cs\/wp-json\/wp\/v2\/types\/product"}],"replies":[{"embeddable":true,"href":"https:\/\/veganova.eu\/cs\/wp-json\/wp\/v2\/comments?post=8698"}],"version-history":[{"count":1,"href":"https:\/\/veganova.eu\/cs\/wp-json\/wp\/v2\/product\/8698\/revisions"}],"predecessor-version":[{"id":58625,"href":"https:\/\/veganova.eu\/cs\/wp-json\/wp\/v2\/product\/8698\/revisions\/58625"}],"wp:featuredmedia":[{"embeddable":true,"href":"https:\/\/veganova.eu\/cs\/wp-json\/wp\/v2\/media\/53284"}],"wp:attachment":[{"href":"https:\/\/veganova.eu\/cs\/wp-json\/wp\/v2\/media?parent=8698"}],"wp:term":[{"taxonomy":"pwb-brand","embeddable":true,"href":"https:\/\/veganova.eu\/cs\/wp-json\/wp\/v2\/pwb-brand?post=8698"},{"taxonomy":"product_brand","embeddable":true,"href":"https:\/\/veganova.eu\/cs\/wp-json\/wp\/v2\/product_brand?post=8698"},{"taxonomy":"product_cat","embeddable":true,"href":"https:\/\/veganova.eu\/cs\/wp-json\/wp\/v2\/product_cat?post=8698"},{"taxonomy":"product_tag","embeddable":true,"href":"https:\/\/veganova.eu\/cs\/wp-json\/wp\/v2\/product_tag?post=8698"}],"curies":[{"name":"wp","href":"https:\/\/api.w.org\/{rel}","templated":true}]}}