{"id":8722,"date":"2023-10-01T17:12:21","date_gmt":"2023-10-01T15:12:21","guid":{"rendered":"https:\/\/veganova.eu\/?post_type=product&#038;p=8722"},"modified":"2026-04-21T07:25:04","modified_gmt":"2026-04-21T05:25:04","slug":"natural-vitality-calm-magnesium-powder-cherry-226g","status":"publish","type":"product","link":"https:\/\/veganova.eu\/cs\/shop\/natural-vitality-calm-magnesium-powder-cherry-226g\/","title":{"rendered":"Natural Vitality Calm Magnesium Powder, t\u0159e\u0161e\u0148 - 226g"},"content":{"rendered":"<h3>Natural Vitality Calm Magnesium Powder, t\u0159e\u0161e\u0148 - 226g<\/h3>\n<p>Milujeme ho\u0159\u010d\u00edk pro jeho p\u0159\u00edzniv\u00e9 \u00fa\u010dinky na n\u00e1ladu. Faktem v\u0161ak je, \u017ee ho\u0159\u010d\u00edk je nezbytn\u00fd pro v\u00edce ne\u017e 300 proces\u016f v t\u011ble, ale v\u011bt\u0161ina z n\u00e1s ho nem\u00e1 dostatek. Tak\u017ee i kdy\u017e ho pop\u00edj\u00edte pro uklidn\u011bn\u00ed, v\u011bzte, \u017ee pro svou pohodu d\u011bl\u00e1te mnohem v\u00edc.<\/p>\n<p>VYROVNAN\u00c1 N\u00c1LADA<br \/>\nNa\u0161\u00ed obl\u00edbenou v\u00fdhodou ho\u0159\u010d\u00edku je samoz\u0159ejm\u011b to, jak dob\u0159e podporuje vyv\u00e1\u017eenou n\u00e1ladu a zdravou reakci na stres. Uvol\u0148uje tak\u00e9 nap\u011bt\u00ed a pom\u00e1h\u00e1 v\u00e1m relaxovat.*<\/p>\n<p>NO\u010cN\u00cd RELAXACE<br \/>\nHo\u0159\u010d\u00edk pom\u00e1h\u00e1 zm\u00edrnit nap\u011bt\u00ed, tak\u017ee se m\u016f\u017eete uvolnit a dob\u0159e sp\u00e1t.*<\/p>\n<p>FUNKCE SVAL\u016e<br \/>\nKdy\u017e \u0159\u00edk\u00e1me, \u017ee ho\u0159\u010d\u00edk je esenci\u00e1ln\u00ed miner\u00e1l, mysl\u00edme to v\u00e1\u017en\u011b. Va\u0161e svaly ho pot\u0159ebuj\u00ed ke stahov\u00e1n\u00ed a uvol\u0148ov\u00e1n\u00ed. To znamen\u00e1, \u017ee \u010d\u00edm jste aktivn\u011bj\u0161\u00ed, t\u00edm v\u00edce ho pot\u0159ebujete, abyste podpo\u0159ili zdravou funkci sval\u016f*.<\/p>\n<p>FUNKCE MOZKU A NERVOV\u00c9HO SYST\u00c9MU<br \/>\nHo\u0159\u010d\u00edk chr\u00e1n\u00ed v\u00fdstelku nerv\u016f a pom\u00e1h\u00e1 nerv\u016fm vz\u00e1jemn\u011b komunikovat. V kone\u010dn\u00e9m d\u016fsledku tak podporuje celkov\u011b zdravou funkci nerv\u016f a mozku.*<\/p>\n<p>KARDIOVASKUL\u00c1RN\u00cd ZDRAV\u00cd<br \/>\nDal\u0161\u00ed d\u016fvod, pro\u010d milovat ho\u0159\u010d\u00edk? Va\u0161e srdce. Nejen\u017ee pom\u00e1h\u00e1 udr\u017eovat zdravou hladinu krevn\u00edho tlaku, ale je tak\u00e9 nezbytn\u00fd pro norm\u00e1ln\u00ed srde\u010dn\u00ed stahy*.<\/p>\n<p>HUSTOTA KOST\u00cd<br \/>\nUdr\u017eov\u00e1n\u00ed denn\u00ed hladiny ho\u0159\u010d\u00edku pom\u00e1h\u00e1 udr\u017eovat zdrav\u00e9 kosti. Pokud ho nem\u00e1te dostatek, m\u016f\u017ee to m\u00edt vliv na schopnost va\u0161eho t\u011bla vst\u0159eb\u00e1vat v\u00e1pn\u00edk a vitamin D.*.<\/p>","protected":false},"excerpt":{"rendered":"<p>Vegan nutritional supplement in the form of Natural Vitality Calm powder containing magnesium, is ideal for healthy sleep, good mood, proper function of muscles, brain, nervous system, healthy heart and strong bones. Flavor: Cherry. Package contents: 226g.<\/p>","protected":false},"featured_media":52786,"comment_status":"closed","ping_status":"closed","template":"","meta":{"advanced_seo_description":"","jetpack_seo_html_title":"","jetpack_seo_noindex":false},"pwb-brand":[422],"product_brand":[4732],"product_cat":[286,143],"product_tag":[1146,1158,1208,1197,1079,1229],"class_list":{"0":"post-8722","1":"product","2":"type-product","3":"status-publish","4":"has-post-thumbnail","6":"pwb-brand-natural-vitality","7":"product_brand-natural-vitality","8":"product_cat-for-a-better-mood","9":"product_cat-health-issues","10":"product_tag-good-mood","11":"product_tag-heart","12":"product_tag-muscles","13":"product_tag-regeneration","14":"product_tag-relaxation","15":"product_tag-wellness","16":"brand_woo-natural-vitality","18":"first","19":"outofstock","20":"sale","21":"taxable","22":"shipping-taxable","23":"purchasable","24":"product-type-simple"},"jetpack_sharing_enabled":true,"brands":[{"id":422,"name":"P\u0159irozen\u00e1 vitalita","slug":"natural-vitality"}],"_links":{"self":[{"href":"https:\/\/veganova.eu\/cs\/wp-json\/wp\/v2\/product\/8722","targetHints":{"allow":["GET"]}}],"collection":[{"href":"https:\/\/veganova.eu\/cs\/wp-json\/wp\/v2\/product"}],"about":[{"href":"https:\/\/veganova.eu\/cs\/wp-json\/wp\/v2\/types\/product"}],"replies":[{"embeddable":true,"href":"https:\/\/veganova.eu\/cs\/wp-json\/wp\/v2\/comments?post=8722"}],"version-history":[{"count":1,"href":"https:\/\/veganova.eu\/cs\/wp-json\/wp\/v2\/product\/8722\/revisions"}],"predecessor-version":[{"id":58637,"href":"https:\/\/veganova.eu\/cs\/wp-json\/wp\/v2\/product\/8722\/revisions\/58637"}],"wp:featuredmedia":[{"embeddable":true,"href":"https:\/\/veganova.eu\/cs\/wp-json\/wp\/v2\/media\/52786"}],"wp:attachment":[{"href":"https:\/\/veganova.eu\/cs\/wp-json\/wp\/v2\/media?parent=8722"}],"wp:term":[{"taxonomy":"pwb-brand","embeddable":true,"href":"https:\/\/veganova.eu\/cs\/wp-json\/wp\/v2\/pwb-brand?post=8722"},{"taxonomy":"product_brand","embeddable":true,"href":"https:\/\/veganova.eu\/cs\/wp-json\/wp\/v2\/product_brand?post=8722"},{"taxonomy":"product_cat","embeddable":true,"href":"https:\/\/veganova.eu\/cs\/wp-json\/wp\/v2\/product_cat?post=8722"},{"taxonomy":"product_tag","embeddable":true,"href":"https:\/\/veganova.eu\/cs\/wp-json\/wp\/v2\/product_tag?post=8722"}],"curies":[{"name":"wp","href":"https:\/\/api.w.org\/{rel}","templated":true}]}}