{"id":8774,"date":"2023-10-01T17:12:34","date_gmt":"2023-10-01T15:12:34","guid":{"rendered":"https:\/\/veganova.eu\/?post_type=product&#038;p=8774"},"modified":"2026-04-21T07:25:06","modified_gmt":"2026-04-21T05:25:06","slug":"enzymedica-digest-90-caps","status":"publish","type":"product","link":"https:\/\/veganova.eu\/cs\/shop\/enzymedica-digest-90-caps\/","title":{"rendered":"Enzymedica Digest - 90 kapsl\u00ed"},"content":{"rendered":"<h3>Enzymedica Digest - 90 kapsl\u00ed<\/h3>\n<p>Plnohodnotn\u00e9 enzymy pro rozklad ka\u017edodenn\u00edch pokrm\u016f!<br \/>\nDigest Complete obsahuje enzymy, kter\u00e9 rozkl\u00e1daj\u00ed 2x v\u00edce ne\u017e Digest Basic.<br \/>\nTento p\u0159\u00edpravek \u00fa\u010dinn\u011b rozkl\u00e1d\u00e1 sacharidy, tuky, vl\u00e1kninu a b\u00edlkoviny - tedy v\u0161e, co se obvykle nach\u00e1z\u00ed v ka\u017edodenn\u00edm j\u00eddle. Urychluje tak\u00e9 tr\u00e1ven\u00ed a podporuje vst\u0159eb\u00e1v\u00e1n\u00ed \u017eivin. Tyto enzymy pom\u00e1haj\u00ed p\u0159em\u011bnit denn\u00ed j\u00eddlo na celodenn\u00ed energii. Na\u0161e patentovan\u00e9 enzymy Thera-blend jsou v\u011bdecky formulov\u00e1ny pro celkov\u00e9 v\u00fdsledky v t\u011ble.<\/p>","protected":false},"excerpt":{"rendered":"<p>Enzymedica Digest Vegan Digestive Enzymes dod\u00e1v\u00e1 t\u011blu v\u0161echny enzymy, kter\u00e9 napravuj\u00ed zhor\u0161en\u00e9 tr\u00e1ven\u00ed po \u0161patn\u00e9 strav\u011b, \u0161patn\u00e9m \u017eivotn\u00edm stylu nebo za\u017e\u00edvac\u00edch pot\u00ed\u017e\u00edch souvisej\u00edc\u00edch s v\u011bkem. Speci\u00e1ln\u00ed slo\u017een\u00ed enzym\u016f pom\u016f\u017ee t\u011blu spr\u00e1vn\u011b zpracovat sacharidy, tuky, vl\u00e1kninu a b\u00edlkoviny. Obsah balen\u00ed: Balen\u00ed obsahuje 90 kapsl\u00ed.<\/p>","protected":false},"featured_media":12113,"comment_status":"closed","ping_status":"closed","template":"","meta":{"advanced_seo_description":"","jetpack_seo_html_title":"","jetpack_seo_noindex":false},"pwb-brand":[467],"product_brand":[4767],"product_cat":[596],"product_tag":[1190,1191],"class_list":{"0":"post-8774","1":"product","2":"type-product","3":"status-publish","4":"has-post-thumbnail","6":"pwb-brand-enzymedica","7":"product_brand-enzymedica","8":"product_cat-digestion","9":"product_tag-digestive-enzymes","10":"product_tag-digestive-problems","11":"brand_woo-enzymedica","13":"first","14":"outofstock","15":"sale","16":"taxable","17":"shipping-taxable","18":"purchasable","19":"product-type-simple"},"jetpack_sharing_enabled":true,"brands":[{"id":467,"name":"Enzymedica","slug":"enzymedica"}],"_links":{"self":[{"href":"https:\/\/veganova.eu\/cs\/wp-json\/wp\/v2\/product\/8774","targetHints":{"allow":["GET"]}}],"collection":[{"href":"https:\/\/veganova.eu\/cs\/wp-json\/wp\/v2\/product"}],"about":[{"href":"https:\/\/veganova.eu\/cs\/wp-json\/wp\/v2\/types\/product"}],"replies":[{"embeddable":true,"href":"https:\/\/veganova.eu\/cs\/wp-json\/wp\/v2\/comments?post=8774"}],"version-history":[{"count":1,"href":"https:\/\/veganova.eu\/cs\/wp-json\/wp\/v2\/product\/8774\/revisions"}],"predecessor-version":[{"id":58661,"href":"https:\/\/veganova.eu\/cs\/wp-json\/wp\/v2\/product\/8774\/revisions\/58661"}],"wp:featuredmedia":[{"embeddable":true,"href":"https:\/\/veganova.eu\/cs\/wp-json\/wp\/v2\/media\/12113"}],"wp:attachment":[{"href":"https:\/\/veganova.eu\/cs\/wp-json\/wp\/v2\/media?parent=8774"}],"wp:term":[{"taxonomy":"pwb-brand","embeddable":true,"href":"https:\/\/veganova.eu\/cs\/wp-json\/wp\/v2\/pwb-brand?post=8774"},{"taxonomy":"product_brand","embeddable":true,"href":"https:\/\/veganova.eu\/cs\/wp-json\/wp\/v2\/product_brand?post=8774"},{"taxonomy":"product_cat","embeddable":true,"href":"https:\/\/veganova.eu\/cs\/wp-json\/wp\/v2\/product_cat?post=8774"},{"taxonomy":"product_tag","embeddable":true,"href":"https:\/\/veganova.eu\/cs\/wp-json\/wp\/v2\/product_tag?post=8774"}],"curies":[{"name":"wp","href":"https:\/\/api.w.org\/{rel}","templated":true}]}}