{"id":8778,"date":"2023-10-01T17:12:35","date_gmt":"2023-10-01T15:12:35","guid":{"rendered":"https:\/\/veganova.eu\/?post_type=product&#038;p=8778"},"modified":"2026-04-21T07:25:07","modified_gmt":"2026-04-21T05:25:07","slug":"enzymedica-digest-basic-90-caps","status":"publish","type":"product","link":"https:\/\/veganova.eu\/cs\/shop\/enzymedica-digest-basic-90-caps\/","title":{"rendered":"Enzymedica Digest Basic - 90 kapsl\u00ed"},"content":{"rendered":"<h3>Enzymedica Digest Basic - 90 kapsl\u00ed<\/h3>\n<p>\u0160etrn\u00e1 pomoc pro citliv\u00fd \u017ealudek<br \/>\nRozkl\u00e1d\u00e1 tuk, vl\u00e1kninu, b\u00edlkoviny a sacharidy.<br \/>\nUrychluje tr\u00e1ven\u00ed<br \/>\nZvy\u0161uje energii<br \/>\nSni\u017euje ob\u010dasn\u00e9 plynatost, nad\u00fdm\u00e1n\u00ed a za\u017e\u00edvac\u00ed pot\u00ed\u017ee<\/p>","protected":false},"excerpt":{"rendered":"<p>Enzymedica Digest Basic Vegan Digestive Enzymes dod\u00e1v\u00e1 t\u011blu v\u0161echny enzymy, kter\u00e9 napravuj\u00ed zhor\u0161en\u00e9 tr\u00e1ven\u00ed po nevhodn\u00e9 strav\u011b, \u0161patn\u00e9m \u017eivotn\u00edm stylu nebo za\u017e\u00edvac\u00edch pot\u00ed\u017e\u00edch souvisej\u00edc\u00edch s v\u011bkem. Speci\u00e1ln\u00ed slo\u017een\u00ed enzym\u016f pom\u016f\u017ee t\u011blu spr\u00e1vn\u011b zpracovat sacharidy, tuky, vl\u00e1kninu a b\u00edlkoviny. Obsah balen\u00ed: Balen\u00ed obsahuje 90 kapsl\u00ed.<\/p>","protected":false},"featured_media":12111,"comment_status":"closed","ping_status":"closed","template":"","meta":{"advanced_seo_description":"","jetpack_seo_html_title":"","jetpack_seo_noindex":false},"pwb-brand":[467],"product_brand":[4767],"product_cat":[596],"product_tag":[601,602],"class_list":{"0":"post-8778","1":"product","2":"type-product","3":"status-publish","4":"has-post-thumbnail","6":"pwb-brand-enzymedica","7":"product_brand-enzymedica","8":"product_cat-digestion","9":"product_tag-non-gmo","10":"product_tag-vegan","11":"brand_woo-enzymedica","13":"first","14":"instock","15":"sale","16":"taxable","17":"shipping-taxable","18":"purchasable","19":"product-type-simple"},"jetpack_sharing_enabled":true,"brands":[{"id":467,"name":"Enzymedica","slug":"enzymedica"}],"_links":{"self":[{"href":"https:\/\/veganova.eu\/cs\/wp-json\/wp\/v2\/product\/8778","targetHints":{"allow":["GET"]}}],"collection":[{"href":"https:\/\/veganova.eu\/cs\/wp-json\/wp\/v2\/product"}],"about":[{"href":"https:\/\/veganova.eu\/cs\/wp-json\/wp\/v2\/types\/product"}],"replies":[{"embeddable":true,"href":"https:\/\/veganova.eu\/cs\/wp-json\/wp\/v2\/comments?post=8778"}],"version-history":[{"count":1,"href":"https:\/\/veganova.eu\/cs\/wp-json\/wp\/v2\/product\/8778\/revisions"}],"predecessor-version":[{"id":58663,"href":"https:\/\/veganova.eu\/cs\/wp-json\/wp\/v2\/product\/8778\/revisions\/58663"}],"wp:featuredmedia":[{"embeddable":true,"href":"https:\/\/veganova.eu\/cs\/wp-json\/wp\/v2\/media\/12111"}],"wp:attachment":[{"href":"https:\/\/veganova.eu\/cs\/wp-json\/wp\/v2\/media?parent=8778"}],"wp:term":[{"taxonomy":"pwb-brand","embeddable":true,"href":"https:\/\/veganova.eu\/cs\/wp-json\/wp\/v2\/pwb-brand?post=8778"},{"taxonomy":"product_brand","embeddable":true,"href":"https:\/\/veganova.eu\/cs\/wp-json\/wp\/v2\/product_brand?post=8778"},{"taxonomy":"product_cat","embeddable":true,"href":"https:\/\/veganova.eu\/cs\/wp-json\/wp\/v2\/product_cat?post=8778"},{"taxonomy":"product_tag","embeddable":true,"href":"https:\/\/veganova.eu\/cs\/wp-json\/wp\/v2\/product_tag?post=8778"}],"curies":[{"name":"wp","href":"https:\/\/api.w.org\/{rel}","templated":true}]}}