{"id":8784,"date":"2023-10-01T17:12:36","date_gmt":"2023-10-01T15:12:36","guid":{"rendered":"https:\/\/veganova.eu\/?post_type=product&#038;p=8784"},"modified":"2026-04-21T07:25:07","modified_gmt":"2026-04-21T05:25:07","slug":"enzymedica-digest-spectrum-90-caps","status":"publish","type":"product","link":"https:\/\/veganova.eu\/cs\/shop\/enzymedica-digest-spectrum-90-caps\/","title":{"rendered":"Enzymedica Digest Spectrum - 90 kapsl\u00ed"},"content":{"rendered":"<h3>Enzymedica Digest Spectrum - 90 kapsl\u00ed<\/h3>\n<p>Potravinov\u00e9 intolerance jsou zp\u016fsobeny nedostatkem enzym\u016f a mohou v\u00e9st k za\u017e\u00edvac\u00edm pot\u00ed\u017e\u00edm u d\u011bt\u00ed i dosp\u011bl\u00fdch. Dopln\u011bn\u00ed stravy o specializovan\u00e9 enzymy pro tr\u00e1ven\u00ed lepku, lakt\u00f3zy, fenolu a kaseinu m\u016f\u017ee pomoci zm\u00edrnit pot\u00ed\u017ee, kter\u00e9 jsou pro intoleranci typick\u00e9.<\/p>\n<p>Digest Spectrum je jedine\u010dn\u00e1 kombinace vysoce \u00fa\u010dinn\u00fdch enzym\u016f, kter\u00e1 poskytuje specializovanou podporu tr\u00e1ven\u00ed pro osoby s nesn\u00e1\u0161enlivost\u00ed potravin obsahuj\u00edc\u00edch lepek, ml\u00e9\u010dn\u00e9 v\u00fdrobky, fenoly, zeleninu a fazole.<\/p>","protected":false},"excerpt":{"rendered":"<p>Enzymedica Digest Spectrum vegan digestive enzymes provide the body with all the enzymes to repair your impaired digestion after a poor diet, poor lifestyle or age-related indigestion. The special formula of enzymes will help the body to properly process carbohydrates, fats, fiber and proteins. Package contents: 90 capsules.<\/p>","protected":false},"featured_media":12109,"comment_status":"closed","ping_status":"closed","template":"","meta":{"advanced_seo_description":"","jetpack_seo_html_title":"","jetpack_seo_noindex":false},"pwb-brand":[467],"product_brand":[4767],"product_cat":[596],"product_tag":[1191,1502,1156],"class_list":{"0":"post-8784","1":"product","2":"type-product","3":"status-publish","4":"has-post-thumbnail","6":"pwb-brand-enzymedica","7":"product_brand-enzymedica","8":"product_cat-digestion","9":"product_tag-digestive-problems","10":"product_tag-food-allergies","11":"product_tag-healthy-digestion","12":"brand_woo-enzymedica","14":"first","15":"instock","16":"sale","17":"taxable","18":"shipping-taxable","19":"purchasable","20":"product-type-simple"},"jetpack_sharing_enabled":true,"brands":[{"id":467,"name":"Enzymedica","slug":"enzymedica"}],"_links":{"self":[{"href":"https:\/\/veganova.eu\/cs\/wp-json\/wp\/v2\/product\/8784","targetHints":{"allow":["GET"]}}],"collection":[{"href":"https:\/\/veganova.eu\/cs\/wp-json\/wp\/v2\/product"}],"about":[{"href":"https:\/\/veganova.eu\/cs\/wp-json\/wp\/v2\/types\/product"}],"replies":[{"embeddable":true,"href":"https:\/\/veganova.eu\/cs\/wp-json\/wp\/v2\/comments?post=8784"}],"version-history":[{"count":1,"href":"https:\/\/veganova.eu\/cs\/wp-json\/wp\/v2\/product\/8784\/revisions"}],"predecessor-version":[{"id":58666,"href":"https:\/\/veganova.eu\/cs\/wp-json\/wp\/v2\/product\/8784\/revisions\/58666"}],"wp:featuredmedia":[{"embeddable":true,"href":"https:\/\/veganova.eu\/cs\/wp-json\/wp\/v2\/media\/12109"}],"wp:attachment":[{"href":"https:\/\/veganova.eu\/cs\/wp-json\/wp\/v2\/media?parent=8784"}],"wp:term":[{"taxonomy":"pwb-brand","embeddable":true,"href":"https:\/\/veganova.eu\/cs\/wp-json\/wp\/v2\/pwb-brand?post=8784"},{"taxonomy":"product_brand","embeddable":true,"href":"https:\/\/veganova.eu\/cs\/wp-json\/wp\/v2\/product_brand?post=8784"},{"taxonomy":"product_cat","embeddable":true,"href":"https:\/\/veganova.eu\/cs\/wp-json\/wp\/v2\/product_cat?post=8784"},{"taxonomy":"product_tag","embeddable":true,"href":"https:\/\/veganova.eu\/cs\/wp-json\/wp\/v2\/product_tag?post=8784"}],"curies":[{"name":"wp","href":"https:\/\/api.w.org\/{rel}","templated":true}]}}