{"id":8880,"date":"2023-10-01T17:13:03","date_gmt":"2023-10-01T15:13:03","guid":{"rendered":"https:\/\/veganova.eu\/?post_type=product&#038;p=8880"},"modified":"2026-04-21T07:25:11","modified_gmt":"2026-04-21T05:25:11","slug":"enzymedica-gut-motility-30-caps","status":"publish","type":"product","link":"https:\/\/veganova.eu\/cs\/shop\/enzymedica-gut-motility-30-caps\/","title":{"rendered":"Enzymedica Gut Motility - 30 kapsl\u00ed"},"content":{"rendered":"<h3>Enzymedica Gut Motility - 30 kapsl\u00ed<\/h3>\n<p>P\u0159\u00edrodn\u00ed zdrav\u00ed tr\u00e1vic\u00edho traktu a wellness<br \/>\nS jable\u010dn\u00fdm octem<br \/>\nPodporuje zdravou motilitu tr\u00e1vic\u00edho traktu a vyprazd\u0148ov\u00e1n\u00ed \u017ealudku<br \/>\nPom\u00e1h\u00e1 zm\u00edrnit ob\u010dasn\u00e9 nad\u00fdm\u00e1n\u00ed a z\u00e1cpu<br \/>\nObsahuje listy arty\u010doku, ko\u0159en z\u00e1zvoru a jable\u010dn\u00fd ocet<br \/>\nBez GMO<br \/>\nVegansk\u00fd dopln\u011bk stravy<\/p>\n<p>Pro optim\u00e1ln\u00ed rychlost tr\u00e1ven\u00ed<br \/>\nSt\u0159evn\u00ed motilita podporuje transport potravy, aby se tr\u00e1vic\u00ed syst\u00e9m pohyboval hladce. Podporuje motilitu a vyprazd\u0148ov\u00e1n\u00ed \u017ealudku, tedy rychlost, s jakou potrava opou\u0161t\u00ed \u017ealudek a dost\u00e1v\u00e1 se do tenk\u00e9ho st\u0159eva.<\/p>\n<p>S\u00edla arty\u010doku a z\u00e1zvoru<br \/>\nTento p\u0159\u00edpravek obsahuje ProDigest - klinicky studovanou synergickou kombinaci standardizovan\u00fdch extrakt\u016f z list\u016f arty\u010doku a ko\u0159ene z\u00e1zvoru, kter\u00e9 podporuj\u00ed zdrav\u00fd transport tr\u00e1veniny.<\/p>\n<p>Podporuje lep\u0161\u00ed tr\u00e1ven\u00ed<br \/>\nSyrov\u00fd a nefiltrovan\u00fd jable\u010dn\u00fd ocet s \"matkou\" pom\u00e1h\u00e1 optimalizovat metabolismus a podporuje vyv\u00e1\u017een\u00e9 pH v tr\u00e1vic\u00edm syst\u00e9mu.<\/p>\n<p>Motilita znamen\u00e1 pohyb<br \/>\nT\u011blo v\u00ed, jak udr\u017eet potravu v pohybu tr\u00e1vic\u00edm traktem, aby bylo zaji\u0161t\u011bno zdrav\u00e9 tr\u00e1ven\u00ed, vst\u0159eb\u00e1v\u00e1n\u00ed \u017eivin a vylu\u010dov\u00e1n\u00ed. Pohyblivost tr\u00e1vic\u00edho traktu je norm\u00e1ln\u00ed, p\u0159irozen\u00fd pohyb sval\u016f a tr\u00e1vic\u00edch org\u00e1n\u016f. Pokud je pohyblivost v nerovnov\u00e1ze nebo pomal\u00e1, m\u016f\u017ee doch\u00e1zet k probl\u00e9m\u016fm, jako je ob\u010dasn\u00e9 nad\u00fdm\u00e1n\u00ed nebo z\u00e1cpa.<\/p>\n<p>Co ovliv\u0148uje pohyblivost tr\u00e1vic\u00edho traktu?<br \/>\nN\u011bkter\u00e9 l\u00e9ky a t\u011blesn\u00e9 pot\u00ed\u017ee mohou ovlivnit nebo zpomalit pohyblivost tr\u00e1vic\u00edho traktu, co\u017e vede k ob\u010dasn\u00e9 plnosti a dal\u0161\u00edm pot\u00ed\u017e\u00edm, jako je nad\u00fdm\u00e1n\u00ed, nevolnost a plynatost.<\/p>\n<p>Klinicky studovan\u00e1 sm\u011bs pro zaru\u010denou podporu<\/p>\n<p>Gut Motility obsahuje ProDigest - synergickou sm\u011bs, kter\u00e1 byla klinicky zkoum\u00e1na tak, aby v\u017edy poskytovala \u0161etrnou podporu. Nen\u00ed n\u00e1vykov\u00e1 a je na rostlinn\u00e9 b\u00e1zi, spolupracuje s va\u0161\u00edm t\u011blem a podporuje st\u0159evn\u00ed komfort, lep\u0161\u00ed pohyblivost a pravidelnou, zdravou stolici.<\/p>","protected":false},"excerpt":{"rendered":"<p>Enzymedica Gut Mobility vegansk\u00fd dopln\u011bk stravy pro zdrav\u00e9 tr\u00e1ven\u00ed, zdrav\u00fd \u017ealudek a st\u0159evn\u00ed mikrofl\u00f3ru obsahuj\u00edc\u00ed enzymy a rostlinn\u00e9 extrakty, jako jsou arty\u010doky, z\u00e1zvor a jable\u010dn\u00fd ocet. Obsah: Obsah: 30 kapsl\u00ed.<\/p>","protected":false},"featured_media":52688,"comment_status":"closed","ping_status":"closed","template":"","meta":{"advanced_seo_description":"","jetpack_seo_html_title":"","jetpack_seo_noindex":false},"pwb-brand":[467],"product_brand":[4767],"product_cat":[596],"product_tag":[1156,1275,1425],"class_list":{"0":"post-8880","1":"product","2":"type-product","3":"status-publish","4":"has-post-thumbnail","6":"pwb-brand-enzymedica","7":"product_brand-enzymedica","8":"product_cat-digestion","9":"product_tag-healthy-digestion","10":"product_tag-intestinal-microflora","11":"product_tag-stomach-problems","12":"brand_woo-enzymedica","14":"first","15":"outofstock","16":"taxable","17":"shipping-taxable","18":"purchasable","19":"product-type-simple"},"jetpack_sharing_enabled":true,"brands":[{"id":467,"name":"Enzymedica","slug":"enzymedica"}],"_links":{"self":[{"href":"https:\/\/veganova.eu\/cs\/wp-json\/wp\/v2\/product\/8880","targetHints":{"allow":["GET"]}}],"collection":[{"href":"https:\/\/veganova.eu\/cs\/wp-json\/wp\/v2\/product"}],"about":[{"href":"https:\/\/veganova.eu\/cs\/wp-json\/wp\/v2\/types\/product"}],"replies":[{"embeddable":true,"href":"https:\/\/veganova.eu\/cs\/wp-json\/wp\/v2\/comments?post=8880"}],"version-history":[{"count":1,"href":"https:\/\/veganova.eu\/cs\/wp-json\/wp\/v2\/product\/8880\/revisions"}],"predecessor-version":[{"id":58708,"href":"https:\/\/veganova.eu\/cs\/wp-json\/wp\/v2\/product\/8880\/revisions\/58708"}],"wp:featuredmedia":[{"embeddable":true,"href":"https:\/\/veganova.eu\/cs\/wp-json\/wp\/v2\/media\/52688"}],"wp:attachment":[{"href":"https:\/\/veganova.eu\/cs\/wp-json\/wp\/v2\/media?parent=8880"}],"wp:term":[{"taxonomy":"pwb-brand","embeddable":true,"href":"https:\/\/veganova.eu\/cs\/wp-json\/wp\/v2\/pwb-brand?post=8880"},{"taxonomy":"product_brand","embeddable":true,"href":"https:\/\/veganova.eu\/cs\/wp-json\/wp\/v2\/product_brand?post=8880"},{"taxonomy":"product_cat","embeddable":true,"href":"https:\/\/veganova.eu\/cs\/wp-json\/wp\/v2\/product_cat?post=8880"},{"taxonomy":"product_tag","embeddable":true,"href":"https:\/\/veganova.eu\/cs\/wp-json\/wp\/v2\/product_tag?post=8880"}],"curies":[{"name":"wp","href":"https:\/\/api.w.org\/{rel}","templated":true}]}}