{"id":8956,"date":"2023-10-01T17:13:23","date_gmt":"2023-10-01T15:13:23","guid":{"rendered":"https:\/\/veganova.eu\/?post_type=product&#038;p=8956"},"modified":"2026-04-21T07:25:13","modified_gmt":"2026-04-21T05:25:13","slug":"enzymedica-lypo-gold-60-caps","status":"publish","type":"product","link":"https:\/\/veganova.eu\/cs\/shop\/enzymedica-lypo-gold-60-caps\/","title":{"rendered":"Enzymedica Lypo Gold - 60 kapsl\u00ed"},"content":{"rendered":"<h3>Enzymedica Lypo Gold - 60 kapsl\u00ed<\/h3>\n<p>Lypo Gold je p\u0159\u00edpravek, kter\u00fd obsahuje nejvy\u0161\u0161\u00ed s\u00edlu lip\u00e1zy Thera-blend. Jeho slo\u017een\u00ed bylo vytvo\u0159eno tak, aby podporovalo spr\u00e1vn\u00e9 vst\u0159eb\u00e1v\u00e1n\u00ed esenci\u00e1ln\u00edch tuk\u016f a vitamin\u016f rozpustn\u00fdch v tuc\u00edch, funkci \u017elu\u010dn\u00edku a kardiovaskul\u00e1rn\u00ed zdrav\u00ed a \u0159e\u0161ilo p\u0159\u00edznaky nedostatku lip\u00e1zy.<\/p>\n<p>Pokud se p\u0159\u00edpravek Lypo Gold u\u017e\u00edv\u00e1 s j\u00eddlem, m\u016f\u017ee umo\u017enit d\u0159\u00edv\u011bj\u0161\u00ed zah\u00e1jen\u00ed tr\u00e1vic\u00edho procesu, \u010d\u00edm\u017e se odleh\u010d\u00ed \u017elu\u010dn\u00edku, j\u00e1tr\u016fm a slinivce b\u0159i\u0161n\u00ed a umo\u017en\u00ed se efektivn\u00ed vst\u0159eb\u00e1v\u00e1n\u00ed z\u00e1kladn\u00edch \u017eivin. P\u0159i u\u017e\u00edv\u00e1n\u00ed nala\u010dno m\u016f\u017ee enzym lip\u00e1za napom\u00e1hat p\u0159irozen\u00e9 schopnosti organismu odstra\u0148ovat tuky z krve a pom\u00e1hat tak udr\u017eovat zdravou hladinu cholesterolu a triglycerid\u016f ji\u017e v norm\u011b. Prote\u00e1za, amyl\u00e1za a lakt\u00e1za jsou obsa\u017eeny pro zv\u00fd\u0161en\u00ed celkov\u00e9ho p\u0159\u00ednosu p\u0159\u00edpravku pro tr\u00e1ven\u00ed. Lypo Gold obsahuje enzymy Thera-blend.<\/p>\n<p>Thera-blend je exkluzivn\u00ed proces, kter\u00fd kombinuje n\u011bkolik kmen\u016f enzym\u016f, kter\u00e9 p\u016fsob\u00ed ve specifick\u00fdch hladin\u00e1ch pH, co\u017e vede k vynikaj\u00edc\u00edmu v\u00fdkonu v t\u011ble.<\/p>","protected":false},"excerpt":{"rendered":"<p>Dopln\u011bk stravy obsahuj\u00edc\u00ed enzym lip\u00e1zu v jej\u00ed nejaktivn\u011bj\u0161\u00ed form\u011b Enzymedica Lypo Gold podporuje zdrav\u00e9 tr\u00e1ven\u00ed, metabolismus tuk\u016f a vitamin\u016f rozpustn\u00fdch v tuc\u00edch. Obsah balen\u00ed: Obsah balen\u00ed: 60 vegansk\u00fdch kapsl\u00ed.<\/p>","protected":false},"featured_media":53899,"comment_status":"closed","ping_status":"closed","template":"","meta":{"advanced_seo_description":"","jetpack_seo_html_title":"","jetpack_seo_noindex":false},"pwb-brand":[467],"product_brand":[4767],"product_cat":[596],"product_tag":[1097,1156],"class_list":{"0":"post-8956","1":"product","2":"type-product","3":"status-publish","4":"has-post-thumbnail","6":"pwb-brand-enzymedica","7":"product_brand-enzymedica","8":"product_cat-digestion","9":"product_tag-fat-metabolism","10":"product_tag-healthy-digestion","11":"brand_woo-enzymedica","13":"first","14":"instock","15":"taxable","16":"shipping-taxable","17":"purchasable","18":"product-type-simple"},"jetpack_sharing_enabled":true,"brands":[{"id":467,"name":"Enzymedica","slug":"enzymedica"}],"_links":{"self":[{"href":"https:\/\/veganova.eu\/cs\/wp-json\/wp\/v2\/product\/8956","targetHints":{"allow":["GET"]}}],"collection":[{"href":"https:\/\/veganova.eu\/cs\/wp-json\/wp\/v2\/product"}],"about":[{"href":"https:\/\/veganova.eu\/cs\/wp-json\/wp\/v2\/types\/product"}],"replies":[{"embeddable":true,"href":"https:\/\/veganova.eu\/cs\/wp-json\/wp\/v2\/comments?post=8956"}],"version-history":[{"count":1,"href":"https:\/\/veganova.eu\/cs\/wp-json\/wp\/v2\/product\/8956\/revisions"}],"predecessor-version":[{"id":58743,"href":"https:\/\/veganova.eu\/cs\/wp-json\/wp\/v2\/product\/8956\/revisions\/58743"}],"wp:featuredmedia":[{"embeddable":true,"href":"https:\/\/veganova.eu\/cs\/wp-json\/wp\/v2\/media\/53899"}],"wp:attachment":[{"href":"https:\/\/veganova.eu\/cs\/wp-json\/wp\/v2\/media?parent=8956"}],"wp:term":[{"taxonomy":"pwb-brand","embeddable":true,"href":"https:\/\/veganova.eu\/cs\/wp-json\/wp\/v2\/pwb-brand?post=8956"},{"taxonomy":"product_brand","embeddable":true,"href":"https:\/\/veganova.eu\/cs\/wp-json\/wp\/v2\/product_brand?post=8956"},{"taxonomy":"product_cat","embeddable":true,"href":"https:\/\/veganova.eu\/cs\/wp-json\/wp\/v2\/product_cat?post=8956"},{"taxonomy":"product_tag","embeddable":true,"href":"https:\/\/veganova.eu\/cs\/wp-json\/wp\/v2\/product_tag?post=8956"}],"curies":[{"name":"wp","href":"https:\/\/api.w.org\/{rel}","templated":true}]}}