{"id":9002,"date":"2023-10-01T17:13:33","date_gmt":"2023-10-01T15:13:33","guid":{"rendered":"https:\/\/veganova.eu\/?post_type=product&#038;p=9002"},"modified":"2026-04-21T07:25:14","modified_gmt":"2026-04-21T05:25:14","slug":"garden-of-life-mykind-organics-prenatal-multi-gummies-organic-berry-120-vegan-gummy-drops","status":"publish","type":"product","link":"https:\/\/veganova.eu\/cs\/shop\/garden-of-life-mykind-organics-prenatal-multi-gummies-organic-berry-120-vegan-gummy-drops\/","title":{"rendered":"Garden of Life Mykind Organics Prenatal Multi Gummies, Organic Berry - 120 vegansk\u00fdch gumov\u00fdch kapek"},"content":{"rendered":"<h3>Garden of Life Mykind Organics Prenatal Multi Gummies, Organic Berry - 120 vegansk\u00fdch gumov\u00fdch kapek<\/h3>\n<p>Made to support mothers during their prenatal journey, mykind Prenatal Multi Gummies are both certified USDA and non-GMO project verified. Each gummy provides folate, a key nutrient for mums during pregnancy.<\/p>\n<p>A blend with nine whole fruits, they are free from synthetic vitamins, processed sugar and syrups, corn starch, or pig gelatine. Made with pectin from non-GMO apples and orange peel, they come in a tasty berry chew. These convenient chews don\u2019t include any animal products either. Instead, they\u2019re made with true, wholefood ingredients. That makes them not just and non-GMO, but vegan, gluten free and kosher.<\/p>\n<p>Key Benefits :<\/p>\n<p>Provides 600mcg of folate<br \/>\nIncludes 800IU vegan vitamin D3<br \/>\nMade to support mum and baby<\/p>\n<p>Podrobnosti o strav\u011b:<\/p>\n<p>Bez ml\u00e9ka a ml\u00e9\u010dn\u00fdch v\u00fdrobk\u016f<br \/>\nBez s\u00f3ji<br \/>\nVegetari\u00e1nsk\u00e9<br \/>\nVegan<br \/>\nKo\u0161er<br \/>\nBez lepku<\/p>","protected":false},"excerpt":{"rendered":"<p>Nutritional multivitamin supplement intended for pregnant women Garden of Life Mykind Organics Prenatal Multi Gummies in organic form and vegan certification. Flavor: berry. Package contents: 120 vegan gelatins.<\/p>","protected":false},"featured_media":52619,"comment_status":"closed","ping_status":"closed","template":"","meta":{"advanced_seo_description":"","jetpack_seo_html_title":"","jetpack_seo_noindex":false},"pwb-brand":[303],"product_brand":[4625],"product_cat":[267,143],"product_tag":[1104,1503],"class_list":{"0":"post-9002","1":"product","2":"type-product","3":"status-publish","4":"has-post-thumbnail","6":"pwb-brand-garden-of-life","7":"product_brand-garden-of-life","8":"product_cat-for-women","9":"product_cat-health-issues","10":"product_tag-pregnancy","11":"product_tag-vitamins-for-pregnant-women","12":"brand_woo-garden-of-life","14":"first","15":"instock","16":"sale","17":"taxable","18":"shipping-taxable","19":"purchasable","20":"product-type-simple"},"jetpack_sharing_enabled":true,"brands":[{"id":303,"name":"Zahrada \u017eivota","slug":"garden-of-life"}],"_links":{"self":[{"href":"https:\/\/veganova.eu\/cs\/wp-json\/wp\/v2\/product\/9002","targetHints":{"allow":["GET"]}}],"collection":[{"href":"https:\/\/veganova.eu\/cs\/wp-json\/wp\/v2\/product"}],"about":[{"href":"https:\/\/veganova.eu\/cs\/wp-json\/wp\/v2\/types\/product"}],"replies":[{"embeddable":true,"href":"https:\/\/veganova.eu\/cs\/wp-json\/wp\/v2\/comments?post=9002"}],"version-history":[{"count":1,"href":"https:\/\/veganova.eu\/cs\/wp-json\/wp\/v2\/product\/9002\/revisions"}],"predecessor-version":[{"id":58763,"href":"https:\/\/veganova.eu\/cs\/wp-json\/wp\/v2\/product\/9002\/revisions\/58763"}],"wp:featuredmedia":[{"embeddable":true,"href":"https:\/\/veganova.eu\/cs\/wp-json\/wp\/v2\/media\/52619"}],"wp:attachment":[{"href":"https:\/\/veganova.eu\/cs\/wp-json\/wp\/v2\/media?parent=9002"}],"wp:term":[{"taxonomy":"pwb-brand","embeddable":true,"href":"https:\/\/veganova.eu\/cs\/wp-json\/wp\/v2\/pwb-brand?post=9002"},{"taxonomy":"product_brand","embeddable":true,"href":"https:\/\/veganova.eu\/cs\/wp-json\/wp\/v2\/product_brand?post=9002"},{"taxonomy":"product_cat","embeddable":true,"href":"https:\/\/veganova.eu\/cs\/wp-json\/wp\/v2\/product_cat?post=9002"},{"taxonomy":"product_tag","embeddable":true,"href":"https:\/\/veganova.eu\/cs\/wp-json\/wp\/v2\/product_tag?post=9002"}],"curies":[{"name":"wp","href":"https:\/\/api.w.org\/{rel}","templated":true}]}}