{"id":9216,"date":"2023-10-01T17:14:34","date_gmt":"2023-10-01T15:14:34","guid":{"rendered":"https:\/\/veganova.eu\/?post_type=product&#038;p=9216"},"modified":"2026-04-21T07:25:21","modified_gmt":"2026-04-21T05:25:21","slug":"kiki-health-shiitake-extract-powder-organic-50g","status":"publish","type":"product","link":"https:\/\/veganova.eu\/cs\/shop\/kiki-health-shiitake-extract-powder-organic-50g\/","title":{"rendered":"KIKI Health Shiitake extrakt v pr\u00e1\u0161ku BIO - 50g"},"content":{"rendered":"<h3>KIKI Health Shiitake extrakt v pr\u00e1\u0161ku BIO - 50g<\/h3>\n<p>N\u00e1\u0161 pr\u00e1\u0161kov\u00fd extrakt z shiitake se z\u00edsk\u00e1v\u00e1 extrakc\u00ed plodnic, kter\u00e9 jsou prokazateln\u011b mnohem bohat\u0161\u00ed na \u00fa\u010dinn\u00e9 l\u00e1tky a obsahuj\u00ed v\u00edce polysacharid\u016f bohat\u00fdch na beta-D-glukany ne\u017e houby extrahovan\u00e9 z mycelia.<\/p>\n<p>N\u00e1\u0161 \u010dist\u00fd a koncentrovan\u00fd extrakt Shiitake v pr\u00e1\u0161ku je odborn\u011b standardizov\u00e1n na p\u016fsobiv\u00fd obsah polysacharid\u016f 50% a obsahuje v\u00fdznamn\u00e9 mno\u017estv\u00ed triterpen\u016f, sterol\u016f a polyfenol\u016f.<\/p>\n<p>N\u00e1\u0161 extrakt neobsahuje plnidla, jako je \u0161krob a obil\u00ed, ani \u017e\u00e1dn\u00e9 p\u0159\u00eddatn\u00e9 l\u00e1tky.<\/p>\n<p>Z na\u0161eho extraktu z hub Shiitake z\u00edsk\u00e1te 100% \u010dist\u00e9ho houbov\u00e9ho extraktu.<\/p>\n<p>Vhodn\u00e9 pro vegetari\u00e1ny a vegany.<\/p>\n<p>\u017d\u00e1dn\u00e9 p\u0159\u00edsady, mycelium, zrna ani nic podobn\u00e9ho. \u010cist\u00e9 a koncentrovan\u00e9.<\/p>","protected":false},"excerpt":{"rendered":"<p>Dopln\u011bk stravy obsahuj\u00edc\u00ed l\u00e9\u010divou houbu Shitake KIKI Health Shiitake Extract Powder Organic je bezlepkov\u00fd, vegansk\u00fd a ekologicky certifikovan\u00fd. Obsah balen\u00ed: 50g.<\/p>","protected":false},"featured_media":52557,"comment_status":"closed","ping_status":"closed","template":"","meta":{"advanced_seo_description":"","jetpack_seo_html_title":"","jetpack_seo_noindex":false},"pwb-brand":[166],"product_brand":[4573],"product_cat":[149],"product_tag":[860,1117,1155,1063],"class_list":{"0":"post-9216","1":"product","2":"type-product","3":"status-publish","4":"has-post-thumbnail","6":"pwb-brand-kiki-health","7":"product_brand-kiki-health","8":"product_cat-superfoods","9":"product_tag-energy","10":"product_tag-immunity","11":"product_tag-inflammation","12":"product_tag-medicinal-mushrooms","13":"brand_woo-kiki-health","15":"first","16":"outofstock","17":"taxable","18":"shipping-taxable","19":"purchasable","20":"product-type-simple"},"jetpack_sharing_enabled":true,"brands":[{"id":166,"name":"KIKI Health","slug":"kiki-health"}],"_links":{"self":[{"href":"https:\/\/veganova.eu\/cs\/wp-json\/wp\/v2\/product\/9216","targetHints":{"allow":["GET"]}}],"collection":[{"href":"https:\/\/veganova.eu\/cs\/wp-json\/wp\/v2\/product"}],"about":[{"href":"https:\/\/veganova.eu\/cs\/wp-json\/wp\/v2\/types\/product"}],"replies":[{"embeddable":true,"href":"https:\/\/veganova.eu\/cs\/wp-json\/wp\/v2\/comments?post=9216"}],"version-history":[{"count":1,"href":"https:\/\/veganova.eu\/cs\/wp-json\/wp\/v2\/product\/9216\/revisions"}],"predecessor-version":[{"id":58861,"href":"https:\/\/veganova.eu\/cs\/wp-json\/wp\/v2\/product\/9216\/revisions\/58861"}],"wp:featuredmedia":[{"embeddable":true,"href":"https:\/\/veganova.eu\/cs\/wp-json\/wp\/v2\/media\/52557"}],"wp:attachment":[{"href":"https:\/\/veganova.eu\/cs\/wp-json\/wp\/v2\/media?parent=9216"}],"wp:term":[{"taxonomy":"pwb-brand","embeddable":true,"href":"https:\/\/veganova.eu\/cs\/wp-json\/wp\/v2\/pwb-brand?post=9216"},{"taxonomy":"product_brand","embeddable":true,"href":"https:\/\/veganova.eu\/cs\/wp-json\/wp\/v2\/product_brand?post=9216"},{"taxonomy":"product_cat","embeddable":true,"href":"https:\/\/veganova.eu\/cs\/wp-json\/wp\/v2\/product_cat?post=9216"},{"taxonomy":"product_tag","embeddable":true,"href":"https:\/\/veganova.eu\/cs\/wp-json\/wp\/v2\/product_tag?post=9216"}],"curies":[{"name":"wp","href":"https:\/\/api.w.org\/{rel}","templated":true}]}}