{"id":14699,"date":"2023-11-13T19:30:23","date_gmt":"2023-11-13T18:30:23","guid":{"rendered":"https:\/\/veganova.eu\/?post_type=product&#038;p=14699"},"modified":"2026-04-21T07:25:29","modified_gmt":"2026-04-21T05:25:29","slug":"himalaya-intensive-moisturizing-cream-50-ml","status":"publish","type":"product","link":"https:\/\/veganova.eu\/da\/shop\/himalaya-intensive-moisturizing-cream-50-ml\/","title":{"rendered":"Himalaya Intensive Moisturizing Cream - 50 ml."},"content":{"rendered":"<h3>Himalaya Intensive Moisturizing Cream - 50 ml.<\/h3>\n<p>Himalaya Intensive Moisturizing Cream fugter selv de ekstremt t\u00f8rre omr\u00e5der af din hud. Hvedekim, en rig naturlig kilde til E-vitamin, giver n\u00e6ring til at holde huden bl\u00f8d og smidig og beskytter den mod milj\u00f8skader. Mandler fugter selv de ekstremt t\u00f8rre omr\u00e5der af huden.<\/p>","protected":false},"excerpt":{"rendered":"<p>Fugtighedscreme Himalaya Intensive er perfekt til t\u00f8r hud, beskytter og fugter ekstremt. Indeholder: 50 g.<\/p>","protected":false},"featured_media":52400,"comment_status":"closed","ping_status":"closed","template":"","meta":{"advanced_seo_description":"","jetpack_seo_html_title":"","jetpack_seo_noindex":false},"pwb-brand":[690],"product_brand":[4859],"product_cat":[684,689],"product_tag":[],"class_list":{"0":"post-14699","1":"product","2":"type-product","3":"status-publish","4":"has-post-thumbnail","6":"pwb-brand-himalaya","7":"product_brand-himalaya","8":"product_cat-clean-beauty","9":"product_cat-natural-cosmetics","10":"brand_woo-himalaya","12":"first","13":"instock","14":"taxable","15":"shipping-taxable","16":"purchasable","17":"product-type-simple"},"jetpack_sharing_enabled":true,"brands":[{"id":690,"name":"Himalaya","slug":"himalaya"}],"_links":{"self":[{"href":"https:\/\/veganova.eu\/da\/wp-json\/wp\/v2\/product\/14699","targetHints":{"allow":["GET"]}}],"collection":[{"href":"https:\/\/veganova.eu\/da\/wp-json\/wp\/v2\/product"}],"about":[{"href":"https:\/\/veganova.eu\/da\/wp-json\/wp\/v2\/types\/product"}],"replies":[{"embeddable":true,"href":"https:\/\/veganova.eu\/da\/wp-json\/wp\/v2\/comments?post=14699"}],"version-history":[{"count":1,"href":"https:\/\/veganova.eu\/da\/wp-json\/wp\/v2\/product\/14699\/revisions"}],"predecessor-version":[{"id":56065,"href":"https:\/\/veganova.eu\/da\/wp-json\/wp\/v2\/product\/14699\/revisions\/56065"}],"wp:featuredmedia":[{"embeddable":true,"href":"https:\/\/veganova.eu\/da\/wp-json\/wp\/v2\/media\/52400"}],"wp:attachment":[{"href":"https:\/\/veganova.eu\/da\/wp-json\/wp\/v2\/media?parent=14699"}],"wp:term":[{"taxonomy":"pwb-brand","embeddable":true,"href":"https:\/\/veganova.eu\/da\/wp-json\/wp\/v2\/pwb-brand?post=14699"},{"taxonomy":"product_brand","embeddable":true,"href":"https:\/\/veganova.eu\/da\/wp-json\/wp\/v2\/product_brand?post=14699"},{"taxonomy":"product_cat","embeddable":true,"href":"https:\/\/veganova.eu\/da\/wp-json\/wp\/v2\/product_cat?post=14699"},{"taxonomy":"product_tag","embeddable":true,"href":"https:\/\/veganova.eu\/da\/wp-json\/wp\/v2\/product_tag?post=14699"}],"curies":[{"name":"wp","href":"https:\/\/api.w.org\/{rel}","templated":true}]}}