{"id":14709,"date":"2023-11-13T19:30:26","date_gmt":"2023-11-13T18:30:26","guid":{"rendered":"https:\/\/veganova.eu\/?post_type=product&#038;p=14709"},"modified":"2026-04-21T07:25:30","modified_gmt":"2026-04-21T05:25:30","slug":"himalaya-kids-toothpaste-bubble-gum-80g","status":"publish","type":"product","link":"https:\/\/veganova.eu\/da\/shop\/himalaya-kids-toothpaste-bubble-gum-80g\/","title":{"rendered":"Himalaya Kids Tandpasta, Bubble Gum - 80 g"},"content":{"rendered":"<h3>Himalaya Kids Tandpasta, Bubble Gum - 80 g<\/h3>\n<p>Himalaya Bubble Gum Toothpaste for Kids kombinerer fluorfri renlighed med god smag. Hj\u00e6lper med at bek\u00e6mpe karies og forebygge huller i t\u00e6nderne. Hj\u00e6lper med at beskytte t\u00e6nderne mod syreangreb. Sk\u00e5nsom mod tandemaljen. Opretholder et sundt tandk\u00f8d og underst\u00f8tter mundhygiejnen. Hj\u00e6lper med at reducere d\u00e5rlig \u00e5nde og giver en opfrisket f\u00f8lelse.<\/p>\n<p>Fri for: Fluorid, SLS, carrageen, gluten og madfarver<br \/>\n100% Vegansk<br \/>\nIngen kunstige smagsstoffer<br \/>\nMed \u00f8kologiske ingredienser<\/p>","protected":false},"excerpt":{"rendered":"<p>Himalaya Kids tandpasta med tyggegummismag, 100% vegansk, uden kunstige smagsstoffer og med \u00f8kologiske ingredienser. Indeholder: 80 g.<\/p>","protected":false},"featured_media":52389,"comment_status":"closed","ping_status":"closed","template":"","meta":{"advanced_seo_description":"","jetpack_seo_html_title":"","jetpack_seo_noindex":false},"pwb-brand":[690],"product_brand":[4859],"product_cat":[684,689],"product_tag":[],"class_list":{"0":"post-14709","1":"product","2":"type-product","3":"status-publish","4":"has-post-thumbnail","6":"pwb-brand-himalaya","7":"product_brand-himalaya","8":"product_cat-clean-beauty","9":"product_cat-natural-cosmetics","10":"brand_woo-himalaya","12":"first","13":"instock","14":"taxable","15":"shipping-taxable","16":"purchasable","17":"product-type-simple"},"jetpack_sharing_enabled":true,"brands":[{"id":690,"name":"Himalaya","slug":"himalaya"}],"_links":{"self":[{"href":"https:\/\/veganova.eu\/da\/wp-json\/wp\/v2\/product\/14709","targetHints":{"allow":["GET"]}}],"collection":[{"href":"https:\/\/veganova.eu\/da\/wp-json\/wp\/v2\/product"}],"about":[{"href":"https:\/\/veganova.eu\/da\/wp-json\/wp\/v2\/types\/product"}],"replies":[{"embeddable":true,"href":"https:\/\/veganova.eu\/da\/wp-json\/wp\/v2\/comments?post=14709"}],"version-history":[{"count":1,"href":"https:\/\/veganova.eu\/da\/wp-json\/wp\/v2\/product\/14709\/revisions"}],"predecessor-version":[{"id":58932,"href":"https:\/\/veganova.eu\/da\/wp-json\/wp\/v2\/product\/14709\/revisions\/58932"}],"wp:featuredmedia":[{"embeddable":true,"href":"https:\/\/veganova.eu\/da\/wp-json\/wp\/v2\/media\/52389"}],"wp:attachment":[{"href":"https:\/\/veganova.eu\/da\/wp-json\/wp\/v2\/media?parent=14709"}],"wp:term":[{"taxonomy":"pwb-brand","embeddable":true,"href":"https:\/\/veganova.eu\/da\/wp-json\/wp\/v2\/pwb-brand?post=14709"},{"taxonomy":"product_brand","embeddable":true,"href":"https:\/\/veganova.eu\/da\/wp-json\/wp\/v2\/product_brand?post=14709"},{"taxonomy":"product_cat","embeddable":true,"href":"https:\/\/veganova.eu\/da\/wp-json\/wp\/v2\/product_cat?post=14709"},{"taxonomy":"product_tag","embeddable":true,"href":"https:\/\/veganova.eu\/da\/wp-json\/wp\/v2\/product_tag?post=14709"}],"curies":[{"name":"wp","href":"https:\/\/api.w.org\/{rel}","templated":true}]}}