{"id":14741,"date":"2023-11-13T19:30:38","date_gmt":"2023-11-13T18:30:38","guid":{"rendered":"https:\/\/veganova.eu\/?post_type=product&#038;p=14741"},"modified":"2026-04-21T07:25:30","modified_gmt":"2026-04-21T05:25:30","slug":"neocell-marine-collagen-120-caps","status":"publish","type":"product","link":"https:\/\/veganova.eu\/da\/shop\/neocell-marine-collagen-120-caps\/","title":{"rendered":"NeoCell Marine Collagen - 120 kapsler"},"content":{"rendered":"<h3>NeoCell Marine Collagen - 120 kapsler<\/h3>\n<p>Giv din lykke n\u00e6ring og oplys din indre sk\u00f8nhed med vores Marine Collagen. Den fremmer str\u00e5lende, sund og st\u00e6rk hud og kombinerer kollagen og hyaluronsyre for at arbejde synergistisk med en vita-mineralblanding for at underst\u00f8tte sund kollagendannelse og ungdommelig, str\u00e5lende hud.<\/p>","protected":false},"excerpt":{"rendered":"<p>Sk\u00f8nhedsern\u00e6ringstilskud NeoCell Marine Collagen til str\u00e5lende, sund og gl\u00f8dende hud. Indhold Marine Neocell Collagen, C-vitamin, hyaluronsyre, vitamin B6 og B12, magnesium, zink og kobber. Oplys din indre sk\u00f8nhed. Indeholder: 120 kapsler.<\/p>","protected":false},"featured_media":52358,"comment_status":"closed","ping_status":"closed","template":"","meta":{"advanced_seo_description":"","jetpack_seo_html_title":"","jetpack_seo_noindex":false},"pwb-brand":[703],"product_brand":[4862],"product_cat":[688,684],"product_tag":[],"class_list":{"0":"post-14741","1":"product","2":"type-product","3":"status-publish","4":"has-post-thumbnail","6":"pwb-brand-neocell","7":"product_brand-neocell","8":"product_cat-beauty-supplements","9":"product_cat-clean-beauty","10":"brand_woo-neocell","12":"first","13":"instock","14":"taxable","15":"shipping-taxable","16":"purchasable","17":"product-type-simple"},"jetpack_sharing_enabled":true,"brands":[{"id":703,"name":"NeoCell","slug":"neocell"}],"_links":{"self":[{"href":"https:\/\/veganova.eu\/da\/wp-json\/wp\/v2\/product\/14741","targetHints":{"allow":["GET"]}}],"collection":[{"href":"https:\/\/veganova.eu\/da\/wp-json\/wp\/v2\/product"}],"about":[{"href":"https:\/\/veganova.eu\/da\/wp-json\/wp\/v2\/types\/product"}],"replies":[{"embeddable":true,"href":"https:\/\/veganova.eu\/da\/wp-json\/wp\/v2\/comments?post=14741"}],"version-history":[{"count":1,"href":"https:\/\/veganova.eu\/da\/wp-json\/wp\/v2\/product\/14741\/revisions"}],"predecessor-version":[{"id":58946,"href":"https:\/\/veganova.eu\/da\/wp-json\/wp\/v2\/product\/14741\/revisions\/58946"}],"wp:featuredmedia":[{"embeddable":true,"href":"https:\/\/veganova.eu\/da\/wp-json\/wp\/v2\/media\/52358"}],"wp:attachment":[{"href":"https:\/\/veganova.eu\/da\/wp-json\/wp\/v2\/media?parent=14741"}],"wp:term":[{"taxonomy":"pwb-brand","embeddable":true,"href":"https:\/\/veganova.eu\/da\/wp-json\/wp\/v2\/pwb-brand?post=14741"},{"taxonomy":"product_brand","embeddable":true,"href":"https:\/\/veganova.eu\/da\/wp-json\/wp\/v2\/product_brand?post=14741"},{"taxonomy":"product_cat","embeddable":true,"href":"https:\/\/veganova.eu\/da\/wp-json\/wp\/v2\/product_cat?post=14741"},{"taxonomy":"product_tag","embeddable":true,"href":"https:\/\/veganova.eu\/da\/wp-json\/wp\/v2\/product_tag?post=14741"}],"curies":[{"name":"wp","href":"https:\/\/api.w.org\/{rel}","templated":true}]}}