{"id":14753,"date":"2023-11-13T19:30:42","date_gmt":"2023-11-13T18:30:42","guid":{"rendered":"https:\/\/veganova.eu\/?post_type=product&#038;p=14753"},"modified":"2026-04-21T07:25:31","modified_gmt":"2026-04-21T05:25:31","slug":"himalaya-neem-pomegranate-toothpaste-150g","status":"publish","type":"product","link":"https:\/\/veganova.eu\/da\/shop\/himalaya-neem-pomegranate-toothpaste-150g\/","title":{"rendered":"Himalaya Neem &amp; Granat\u00e6ble Tandpasta - 150g"},"content":{"rendered":"<h3>Himalaya Neem &amp; Granat\u00e6ble Tandpasta - 150g<\/h3>\n<p>En unik blanding af \u00f8kologisk neem, \u00f8kologisk granat\u00e6ble og andre effektive \u00f8kologiske urteekstrakter, der renser t\u00e6nderne, giver frisk \u00e5nde og hj\u00e6lper med at fremme et sundt tandk\u00f8d, s\u00e5 dit smil bliver endnu mere funklende.<\/p>\n<p>Sundt tandk\u00f8d og forfriskende smag<br \/>\n100% Vegetarisk<br \/>\n99,6% af de samlede ingredienser er af naturlig oprindelse<br \/>\nYderkassen er lavet af 100% genbrugsmateriale. Klorfri. Trykt med sojabaserede farver.<\/p>","protected":false},"excerpt":{"rendered":"<p>Naturlig tandpasta Himalaya Neem Pomegranate Toothpaste er 100% vegetarisk. Den ydre \u00e6ske er lavet af 100% genbrugsmaterialer. Klorfri. Trykt med sojabaseret bl\u00e6k. Indeholder: 150 g.<\/p>","protected":false},"featured_media":52348,"comment_status":"closed","ping_status":"closed","template":"","meta":{"advanced_seo_description":"","jetpack_seo_html_title":"","jetpack_seo_noindex":false},"pwb-brand":[690],"product_brand":[4859],"product_cat":[684,689],"product_tag":[],"class_list":{"0":"post-14753","1":"product","2":"type-product","3":"status-publish","4":"has-post-thumbnail","6":"pwb-brand-himalaya","7":"product_brand-himalaya","8":"product_cat-clean-beauty","9":"product_cat-natural-cosmetics","10":"brand_woo-himalaya","12":"first","13":"outofstock","14":"taxable","15":"shipping-taxable","16":"purchasable","17":"product-type-simple"},"jetpack_sharing_enabled":true,"brands":[{"id":690,"name":"Himalaya","slug":"himalaya"}],"_links":{"self":[{"href":"https:\/\/veganova.eu\/da\/wp-json\/wp\/v2\/product\/14753","targetHints":{"allow":["GET"]}}],"collection":[{"href":"https:\/\/veganova.eu\/da\/wp-json\/wp\/v2\/product"}],"about":[{"href":"https:\/\/veganova.eu\/da\/wp-json\/wp\/v2\/types\/product"}],"replies":[{"embeddable":true,"href":"https:\/\/veganova.eu\/da\/wp-json\/wp\/v2\/comments?post=14753"}],"version-history":[{"count":1,"href":"https:\/\/veganova.eu\/da\/wp-json\/wp\/v2\/product\/14753\/revisions"}],"predecessor-version":[{"id":58950,"href":"https:\/\/veganova.eu\/da\/wp-json\/wp\/v2\/product\/14753\/revisions\/58950"}],"wp:featuredmedia":[{"embeddable":true,"href":"https:\/\/veganova.eu\/da\/wp-json\/wp\/v2\/media\/52348"}],"wp:attachment":[{"href":"https:\/\/veganova.eu\/da\/wp-json\/wp\/v2\/media?parent=14753"}],"wp:term":[{"taxonomy":"pwb-brand","embeddable":true,"href":"https:\/\/veganova.eu\/da\/wp-json\/wp\/v2\/pwb-brand?post=14753"},{"taxonomy":"product_brand","embeddable":true,"href":"https:\/\/veganova.eu\/da\/wp-json\/wp\/v2\/product_brand?post=14753"},{"taxonomy":"product_cat","embeddable":true,"href":"https:\/\/veganova.eu\/da\/wp-json\/wp\/v2\/product_cat?post=14753"},{"taxonomy":"product_tag","embeddable":true,"href":"https:\/\/veganova.eu\/da\/wp-json\/wp\/v2\/product_tag?post=14753"}],"curies":[{"name":"wp","href":"https:\/\/api.w.org\/{rel}","templated":true}]}}