{"id":14813,"date":"2023-11-13T19:31:03","date_gmt":"2023-11-13T18:31:03","guid":{"rendered":"https:\/\/veganova.eu\/?post_type=product&#038;p=14813"},"modified":"2026-04-21T07:25:33","modified_gmt":"2026-04-21T05:25:33","slug":"life-extension-super-absorbable-tocotrienols-60-softgels","status":"publish","type":"product","link":"https:\/\/veganova.eu\/da\/shop\/life-extension-super-absorbable-tocotrienols-60-softgels\/","title":{"rendered":"Life Extension Super Absorbable Tocotrienols - 60 softgels"},"content":{"rendered":"<h3>Life Extension Super Absorberbare Tocotrienoler<\/h3>\n<p>De fleste mennesker er ikke klar over, at E-vitamin indeholder otte forskellige forbindelser. Kommercielle E-vitamintilskud fokuserer kun p\u00e5 fire af disse forbindelser kaldet tocopheroler, mens de fire tocotrienoler, der er rige p\u00e5 terapeutiske og antioxidante fordele, for det meste udelades.<\/p>\n<p>Life Extensions Super-Absorbable Tocotrienols softgel-kapsler indeholder tocotrienoler, der stammer fra r\u00f8d palmeolie fra Elaeis guineensis-tr\u00e6et. P\u00e5 grund af deres unikke kemiske struktur giver tocotrienoler potente antioxidantfordele i hele kroppen. Vigtigst af alt beskytter tocotrienoler DNA mod oxidationsskader, samtidig med at de beskytter cellemembraner.<br \/>\nEfterh\u00e5nden som forskningen accelererer, opdager forskerne, at tocotrienoler underst\u00f8tter en sund celledeling, fremmer en sund lipidprofil, beskytter hjernens funktion og endda underst\u00f8tter en sund h\u00e5rv\u00e6kst.<\/p>\n<p>Gennem et patenteret leveringssystem5 giver Life Extension det mest absorberbare tilskud af tocotrienoler fra r\u00f8d palmeolie, der findes i dag.<\/p>","protected":false},"excerpt":{"rendered":"<p>Sk\u00f8nheds- og sundhedsern\u00e6ringstilskuddet Life Extension Super Absorbable Tocotrienols indeholder alle 8 forskellige forbindelser af vitamin E. Rig p\u00e5 antioxidanter, terapeutiske fordele. Beskytter DNA mod oxidationsskader. IKKE GENMODIFICERET. Indhold: 60 softgels.<\/p>","protected":false},"featured_media":51001,"comment_status":"closed","ping_status":"closed","template":"","meta":{"advanced_seo_description":"","jetpack_seo_html_title":"","jetpack_seo_noindex":false},"pwb-brand":[168],"product_brand":[4575],"product_cat":[688,684],"product_tag":[],"class_list":{"0":"post-14813","1":"product","2":"type-product","3":"status-publish","4":"has-post-thumbnail","6":"pwb-brand-life-extension","7":"product_brand-life-extension","8":"product_cat-beauty-supplements","9":"product_cat-clean-beauty","10":"brand_woo-life-extension","12":"first","13":"instock","14":"taxable","15":"shipping-taxable","16":"purchasable","17":"product-type-simple"},"jetpack_sharing_enabled":true,"brands":[{"id":168,"name":"Livsforl\u00e6ngelse","slug":"life-extension"}],"_links":{"self":[{"href":"https:\/\/veganova.eu\/da\/wp-json\/wp\/v2\/product\/14813","targetHints":{"allow":["GET"]}}],"collection":[{"href":"https:\/\/veganova.eu\/da\/wp-json\/wp\/v2\/product"}],"about":[{"href":"https:\/\/veganova.eu\/da\/wp-json\/wp\/v2\/types\/product"}],"replies":[{"embeddable":true,"href":"https:\/\/veganova.eu\/da\/wp-json\/wp\/v2\/comments?post=14813"}],"version-history":[{"count":1,"href":"https:\/\/veganova.eu\/da\/wp-json\/wp\/v2\/product\/14813\/revisions"}],"predecessor-version":[{"id":58977,"href":"https:\/\/veganova.eu\/da\/wp-json\/wp\/v2\/product\/14813\/revisions\/58977"}],"wp:featuredmedia":[{"embeddable":true,"href":"https:\/\/veganova.eu\/da\/wp-json\/wp\/v2\/media\/51001"}],"wp:attachment":[{"href":"https:\/\/veganova.eu\/da\/wp-json\/wp\/v2\/media?parent=14813"}],"wp:term":[{"taxonomy":"pwb-brand","embeddable":true,"href":"https:\/\/veganova.eu\/da\/wp-json\/wp\/v2\/pwb-brand?post=14813"},{"taxonomy":"product_brand","embeddable":true,"href":"https:\/\/veganova.eu\/da\/wp-json\/wp\/v2\/product_brand?post=14813"},{"taxonomy":"product_cat","embeddable":true,"href":"https:\/\/veganova.eu\/da\/wp-json\/wp\/v2\/product_cat?post=14813"},{"taxonomy":"product_tag","embeddable":true,"href":"https:\/\/veganova.eu\/da\/wp-json\/wp\/v2\/product_tag?post=14813"}],"curies":[{"name":"wp","href":"https:\/\/api.w.org\/{rel}","templated":true}]}}