{"id":15441,"date":"2023-12-20T17:29:20","date_gmt":"2023-12-20T16:29:20","guid":{"rendered":"https:\/\/veganova.eu\/?post_type=product&#038;p=15441"},"modified":"2026-04-21T07:25:40","modified_gmt":"2026-04-21T05:25:40","slug":"garden-of-life-dr-formulated-magnesium-with-pre-probiotics-gummies-orange-creme-60-gummies","status":"publish","type":"product","link":"https:\/\/veganova.eu\/da\/shop\/garden-of-life-dr-formulated-magnesium-with-pre-probiotics-gummies-orange-creme-60-gummies\/","title":{"rendered":"Garden of Life Dr. Formulated Magnesium with Pre &amp; Probiotics Gummies, Orange Creme - 60 gummier"},"content":{"rendered":"<h3>Garden of Life Dr. Formulated Magnesium with Pre &amp; Probiotics Gummies<\/h3>\n<p><strong>Hvad er magnesium-gummier?<\/strong><\/p>\n<p>Garden of Life Dr Formulated Magnesium Gummies er designet til at \u00f8ge magnesiumniveauet for at bidrage til at reducere tr\u00e6thed og udmattelse samt underst\u00f8tte normal muskelfunktion.<\/p>\n<p><strong>Hvad er der i Dr Formulated Magnesium Gummies?<\/strong><\/p>\n<p>Vores magnesiumgummier giver 400 mg biotilg\u00e6ngeligt magnesium pr. 4 gummier og f\u00e5s i en l\u00e6kker hindb\u00e6rsmag.<\/p>\n<p>Vores Magnesium Gummies er formuleret med citruspektin og uden tilsat sukker og indeholder 1 milliard CFU af klinisk unders\u00f8gte gavnlige, levende bakterier pr. portion.<\/p>\n<p>Disse magnesiumgummier er designet til at bidrage til normale psykologiske funktioner, s\u00e5som stresslindring, s\u00f8vn, hjertesundhed, normal muskelfunktion og knogler. De er ogs\u00e5 ikke-GMO-verificerede, NSF-certificerede glutenfri, veganske og kosher-venlige.<\/p>\n<p><span style=\"text-decoration: underline;\"><strong>Fordelene ved magnesium-gummier:<\/strong><\/span><\/p>\n<ul>\n<li>\u00d8ger magnesiumniveauet og giver 400 mg magnesium (pr. 4 gummier)<\/li>\n<li>Leverer 1 milliard CFU mikrobiomer pr. portion: Bacillus subtilis DE111<\/li>\n<li>Underst\u00f8tter normale psykologiske funktioner<\/li>\n<li>Non-GMO, vegansk og kosher<\/li>\n<li>Glutenfri<\/li>\n<\/ul>","protected":false},"excerpt":{"rendered":"<p>Vegan nutritional supplement in the form of &#8220;gelatin&#8221; candies Garden of Life Dr. Formulated Magnesium with Pre \u00b4n\u00b4Probiotics contains magnesium with high bioavailability, supplemented with pre and probiotics. Ideal during periods of increased physical and mental exertion. Gluten-free, GMO-free. Flavor: Orange Creme. Package contents: 60 gelatins.<\/p>","protected":false},"featured_media":51349,"comment_status":"closed","ping_status":"closed","template":"","meta":{"advanced_seo_description":"","jetpack_seo_html_title":"","jetpack_seo_noindex":false},"pwb-brand":[303],"product_brand":[4625],"product_cat":[596,597,2598],"product_tag":[],"class_list":{"0":"post-15441","1":"product","2":"type-product","3":"status-publish","4":"has-post-thumbnail","6":"pwb-brand-garden-of-life","7":"product_brand-garden-of-life","8":"product_cat-digestion","9":"product_cat-body-immunity","10":"product_cat-recovery","11":"brand_woo-garden-of-life","13":"first","14":"instock","15":"taxable","16":"shipping-taxable","17":"purchasable","18":"product-type-simple"},"jetpack_sharing_enabled":true,"brands":[{"id":303,"name":"Livets have","slug":"garden-of-life"}],"_links":{"self":[{"href":"https:\/\/veganova.eu\/da\/wp-json\/wp\/v2\/product\/15441","targetHints":{"allow":["GET"]}}],"collection":[{"href":"https:\/\/veganova.eu\/da\/wp-json\/wp\/v2\/product"}],"about":[{"href":"https:\/\/veganova.eu\/da\/wp-json\/wp\/v2\/types\/product"}],"replies":[{"embeddable":true,"href":"https:\/\/veganova.eu\/da\/wp-json\/wp\/v2\/comments?post=15441"}],"version-history":[{"count":1,"href":"https:\/\/veganova.eu\/da\/wp-json\/wp\/v2\/product\/15441\/revisions"}],"predecessor-version":[{"id":59056,"href":"https:\/\/veganova.eu\/da\/wp-json\/wp\/v2\/product\/15441\/revisions\/59056"}],"wp:featuredmedia":[{"embeddable":true,"href":"https:\/\/veganova.eu\/da\/wp-json\/wp\/v2\/media\/51349"}],"wp:attachment":[{"href":"https:\/\/veganova.eu\/da\/wp-json\/wp\/v2\/media?parent=15441"}],"wp:term":[{"taxonomy":"pwb-brand","embeddable":true,"href":"https:\/\/veganova.eu\/da\/wp-json\/wp\/v2\/pwb-brand?post=15441"},{"taxonomy":"product_brand","embeddable":true,"href":"https:\/\/veganova.eu\/da\/wp-json\/wp\/v2\/product_brand?post=15441"},{"taxonomy":"product_cat","embeddable":true,"href":"https:\/\/veganova.eu\/da\/wp-json\/wp\/v2\/product_cat?post=15441"},{"taxonomy":"product_tag","embeddable":true,"href":"https:\/\/veganova.eu\/da\/wp-json\/wp\/v2\/product_tag?post=15441"}],"curies":[{"name":"wp","href":"https:\/\/api.w.org\/{rel}","templated":true}]}}