{"id":15475,"date":"2023-12-20T17:29:48","date_gmt":"2023-12-20T16:29:48","guid":{"rendered":"https:\/\/veganova.eu\/?post_type=product&#038;p=15475"},"modified":"2026-04-21T07:25:41","modified_gmt":"2026-04-21T05:25:41","slug":"kiki-health-liquid-iron-50-ml","status":"publish","type":"product","link":"https:\/\/veganova.eu\/da\/shop\/kiki-health-liquid-iron-50-ml\/","title":{"rendered":"KIKI Health flydende jern - 50 ml."},"content":{"rendered":"<h3>KIKI Health flydende jern - 50 ml.<\/h3>\n<ul>\n<li>5mg iron per serving (36% Recommended intake)<\/li>\n<li>Fremstillet af 100% naturlige mineraler fra jorden<\/li>\n<li>Skal blot blandes med afioniseret vand<\/li>\n<li>Absorberes hurtigt og er 100% biotilg\u00e6ngelig<\/li>\n<li>Fremmer optimal mineralbalance<\/li>\n<li>Ingen ford\u00f8jelse n\u00f8dvendig p\u00e5 grund af deres flydende form<\/li>\n<li>Let at bruge, tils\u00e6t blot et par dr\u00e5ber til vand<\/li>\n<\/ul>\n<p>Iron aids in normal cognitive function, energy-yielding metabolism, red blood cell and haemoglobin formation, and oxygen transport in the body. It alleviates tiredness and fatigue, promotes normal immune system function, and aids in cell division.<\/p>\n<p>Vores naturligt forekommende ioniske mineraler er designet til at genoprette mineraler p\u00e5 celleniveau.<\/p>\n<p>N\u00e5r disse ioniske v\u00e6skekoncentrater, der er fremstillet af 100% naturligt forekommende mineraler fra jorden, tils\u00e6ttes afioniseret vand, hj\u00e6lper de med at skabe en tilstand af \"mineralibrium\" eller optimal v\u00e6vsmineralbalance.<\/p>\n<p>Deres flydende form g\u00f8r dem letford\u00f8jelige og fuldt biotilg\u00e6ngelige for kroppen, da de kan absorberes hurtigt uden at blive ford\u00f8jet, s\u00e5 du kan h\u00f8ste deres fordele uden forsinkelse.<\/p>\n<p>At bruge dem er s\u00e5 enkelt som at tils\u00e6tte et par dr\u00e5ber til et glas vand.<\/p>","protected":false},"excerpt":{"rendered":"<p>Vegan nutritional supplement with iron in liquid form KIKI Health Liquid Iron contains 5mg of iron per scoop (30 drops\/2ml). 100% bioavailability, natural form of iron, easily digestible. Gluten-free. Package contents: 50ml.<\/p>","protected":false},"featured_media":51351,"comment_status":"closed","ping_status":"closed","template":"","meta":{"advanced_seo_description":"","jetpack_seo_html_title":"","jetpack_seo_noindex":false},"pwb-brand":[166],"product_brand":[4573],"product_cat":[172],"product_tag":[],"class_list":{"0":"post-15475","1":"product","2":"type-product","3":"status-publish","4":"has-post-thumbnail","6":"pwb-brand-kiki-health","7":"product_brand-kiki-health","8":"product_cat-minerals","9":"brand_woo-kiki-health","11":"first","12":"outofstock","13":"taxable","14":"shipping-taxable","15":"purchasable","16":"product-type-simple"},"jetpack_sharing_enabled":true,"brands":[{"id":166,"name":"KIKI Sundhed","slug":"kiki-health"}],"_links":{"self":[{"href":"https:\/\/veganova.eu\/da\/wp-json\/wp\/v2\/product\/15475","targetHints":{"allow":["GET"]}}],"collection":[{"href":"https:\/\/veganova.eu\/da\/wp-json\/wp\/v2\/product"}],"about":[{"href":"https:\/\/veganova.eu\/da\/wp-json\/wp\/v2\/types\/product"}],"replies":[{"embeddable":true,"href":"https:\/\/veganova.eu\/da\/wp-json\/wp\/v2\/comments?post=15475"}],"version-history":[{"count":1,"href":"https:\/\/veganova.eu\/da\/wp-json\/wp\/v2\/product\/15475\/revisions"}],"predecessor-version":[{"id":59073,"href":"https:\/\/veganova.eu\/da\/wp-json\/wp\/v2\/product\/15475\/revisions\/59073"}],"wp:featuredmedia":[{"embeddable":true,"href":"https:\/\/veganova.eu\/da\/wp-json\/wp\/v2\/media\/51351"}],"wp:attachment":[{"href":"https:\/\/veganova.eu\/da\/wp-json\/wp\/v2\/media?parent=15475"}],"wp:term":[{"taxonomy":"pwb-brand","embeddable":true,"href":"https:\/\/veganova.eu\/da\/wp-json\/wp\/v2\/pwb-brand?post=15475"},{"taxonomy":"product_brand","embeddable":true,"href":"https:\/\/veganova.eu\/da\/wp-json\/wp\/v2\/product_brand?post=15475"},{"taxonomy":"product_cat","embeddable":true,"href":"https:\/\/veganova.eu\/da\/wp-json\/wp\/v2\/product_cat?post=15475"},{"taxonomy":"product_tag","embeddable":true,"href":"https:\/\/veganova.eu\/da\/wp-json\/wp\/v2\/product_tag?post=15475"}],"curies":[{"name":"wp","href":"https:\/\/api.w.org\/{rel}","templated":true}]}}