{"id":2980,"date":"2023-10-01T17:02:44","date_gmt":"2023-10-01T15:02:44","guid":{"rendered":"https:\/\/veganova.eu\/?post_type=product&#038;p=2980"},"modified":"2026-04-21T07:23:36","modified_gmt":"2026-04-21T05:23:36","slug":"doctors-best-sustained-release-vitamin-c-with-pureway-c-500mg-60-tab","status":"publish","type":"product","link":"https:\/\/veganova.eu\/da\/shop\/doctors-best-sustained-release-vitamin-c-with-pureway-c-500mg-60-tab\/","title":{"rendered":"Doctor's Best Sustained Release C-vitamin med PureWay-C, 500 mg (60 tab)"},"content":{"rendered":"<h3>Doctor's Best Sustained Release C-vitamin med PureWay-C<\/h3>\n<ul>\n<li>Sustained Release C-vitamin med PureWay-C, en unik formel, der underst\u00f8tter kroppens sunde immunsystem.<\/li>\n<li>Indeholder PureWay-C, en unik form for C-vitamin, der indeholder lipidmetabolitter af C-vitamin, som har en fremragende absorption, biotilg\u00e6ngelighed og cellul\u00e6r tilbageholdelse samt en mere effektiv evne til at fjerne frie radikaler end andre former for C-vitamin.<\/li>\n<li>Formlen indeholder ogs\u00e5 citrusbioflavonoider og ascorbylpalmitat, en fedtopl\u00f8selig form for C-vitamin, der kan lagres i lipidcellemembraner til senere brug.<\/li>\n<li>Bioflavonoider arbejder sammen med C-vitamin for at forbedre optagelsen og forst\u00e6rke dets effekt p\u00e5 at fange frie radikaler.<\/li>\n<li>PureWay-C er blevet testet for sin evne til at blive absorberet og fastholdt i cellen. Sammenlignet med ascorbinsyre, den mest almindelige form for C-vitamin, viste PureWay-C en stigning p\u00e5 233% i cellul\u00e6r optagelse af humane T-lymfocytter efter b\u00e5de 30 og 45 minutter. Dette optagelsesniveau repr\u00e6senterede en forbedring p\u00e5 122% i forhold til den n\u00e6stbedste form for C-vitamin.<\/li>\n<\/ul>\n<p>&nbsp;<\/p>","protected":false},"excerpt":{"rendered":"<p>Vegansk kosttilskud med den mest aktive form for C-vitamin Doctor's Best Sustained Release Vitamin C med PureWay-C, 500 mg, pakken indeholder: 60 tabletter. Glutenfri og GMO-fri.<\/p>","protected":false},"featured_media":53659,"comment_status":"closed","ping_status":"closed","template":"","meta":{"advanced_seo_description":"","jetpack_seo_html_title":"","jetpack_seo_noindex":false},"pwb-brand":[147],"product_brand":[4565],"product_cat":[597,2600,153,152],"product_tag":[1093,1167,854,860,1117,1155],"class_list":{"0":"post-2980","1":"product","2":"type-product","3":"status-publish","4":"has-post-thumbnail","6":"pwb-brand-doctors-best","7":"product_brand-doctors-best","8":"product_cat-body-immunity","9":"product_cat-inflammation","10":"product_cat-vitamins","11":"product_cat-vitamins-and-minerals","12":"product_tag-antioxidant","13":"product_tag-blood-vessels","14":"product_tag-collagen-booster","15":"product_tag-energy","16":"product_tag-immunity","17":"product_tag-inflammation","18":"brand_woo-doctors-best","20":"first","21":"instock","22":"taxable","23":"shipping-taxable","24":"purchasable","25":"product-type-simple"},"jetpack_sharing_enabled":true,"brands":[{"id":147,"name":"Doctor's Best","slug":"doctors-best"}],"_links":{"self":[{"href":"https:\/\/veganova.eu\/da\/wp-json\/wp\/v2\/product\/2980","targetHints":{"allow":["GET"]}}],"collection":[{"href":"https:\/\/veganova.eu\/da\/wp-json\/wp\/v2\/product"}],"about":[{"href":"https:\/\/veganova.eu\/da\/wp-json\/wp\/v2\/types\/product"}],"replies":[{"embeddable":true,"href":"https:\/\/veganova.eu\/da\/wp-json\/wp\/v2\/comments?post=2980"}],"version-history":[{"count":1,"href":"https:\/\/veganova.eu\/da\/wp-json\/wp\/v2\/product\/2980\/revisions"}],"predecessor-version":[{"id":57486,"href":"https:\/\/veganova.eu\/da\/wp-json\/wp\/v2\/product\/2980\/revisions\/57486"}],"wp:featuredmedia":[{"embeddable":true,"href":"https:\/\/veganova.eu\/da\/wp-json\/wp\/v2\/media\/53659"}],"wp:attachment":[{"href":"https:\/\/veganova.eu\/da\/wp-json\/wp\/v2\/media?parent=2980"}],"wp:term":[{"taxonomy":"pwb-brand","embeddable":true,"href":"https:\/\/veganova.eu\/da\/wp-json\/wp\/v2\/pwb-brand?post=2980"},{"taxonomy":"product_brand","embeddable":true,"href":"https:\/\/veganova.eu\/da\/wp-json\/wp\/v2\/product_brand?post=2980"},{"taxonomy":"product_cat","embeddable":true,"href":"https:\/\/veganova.eu\/da\/wp-json\/wp\/v2\/product_cat?post=2980"},{"taxonomy":"product_tag","embeddable":true,"href":"https:\/\/veganova.eu\/da\/wp-json\/wp\/v2\/product_tag?post=2980"}],"curies":[{"name":"wp","href":"https:\/\/api.w.org\/{rel}","templated":true}]}}