{"id":3233,"date":"2023-10-01T17:04:22","date_gmt":"2023-10-01T15:04:22","guid":{"rendered":"https:\/\/veganova.eu\/?post_type=product&#038;p=3233"},"modified":"2026-04-21T07:23:52","modified_gmt":"2026-04-21T05:23:52","slug":"kiki-health-natures-living-superfood-organic-300g","status":"publish","type":"product","link":"https:\/\/veganova.eu\/da\/shop\/kiki-health-natures-living-superfood-organic-300g\/","title":{"rendered":"KIKI Health Nature's Living Superfood Organic (300 g)"},"content":{"rendered":"<h3>KIKI Health Nature's Living Superfood Organic (300 g)<\/h3>\n<p>Gr\u00f8nne f\u00f8devarer<br \/>\nPlantesaft<br \/>\nGr\u00f8ntsager fra havet<br \/>\nAlger<br \/>\nEnzymer<br \/>\nBakterielle kulturer<br \/>\nCertificeret<br \/>\nGlutenfri<\/p>\n<p>Nature's Living Superfood er et gr\u00f8nt, alkaliserende fuldkosttilskud. Det er fremstillet af en omfattende blanding af hele f\u00f8devarer, herunder alkaliserende land- og havgr\u00f8ntsager, mikroalger, enzymer og bakteriekulturer. Alle 32 koldpressede, prim\u00e6re ingredienser i Nature's Living Superfood er n\u00f8je udvalgt, afbalanceret og tilberedt for at sikre maksimal optagelse og udnyttelse i kroppen p\u00e5 celleniveau. Nature's Living Superfood er designet til at underst\u00f8tte dine daglige ern\u00e6ringsm\u00e6ssige behov, da det udelukkende er fremstillet af plantebaserede, hele f\u00f8devareingredienser med probiotika og enzymer, som alle hj\u00e6lper med at give kroppen mulighed for at absorbere de n\u00e6ringsstoffer, den har brug for, og underst\u00f8tter ford\u00f8jelsessundheden.<\/p>","protected":false},"excerpt":{"rendered":"<p>Vegansk kosttilskud KIKI Health Nature's Living Superfood Organic indeholder et rent ekstrakt af superfoods, alger, i kombination med enzymer og probiotiske kulturer. Et ideelt kosttilskud til maksimal sundhed, sund ford\u00f8jelse og styrkelse af immunforsvaret. Pakken indeholder: 300g. Glutenfri.<\/p>","protected":false},"featured_media":53135,"comment_status":"closed","ping_status":"closed","template":"","meta":{"advanced_seo_description":"","jetpack_seo_html_title":"","jetpack_seo_noindex":false},"pwb-brand":[166],"product_brand":[4573],"product_cat":[149],"product_tag":[1167,1157,1037,1067,1117,1285],"class_list":{"0":"post-3233","1":"product","2":"type-product","3":"status-publish","4":"has-post-thumbnail","6":"pwb-brand-kiki-health","7":"product_brand-kiki-health","8":"product_cat-superfoods","9":"product_tag-blood-vessels","10":"product_tag-circulation","11":"product_tag-detox","12":"product_tag-digestion","13":"product_tag-immunity","14":"product_tag-intestines","15":"brand_woo-kiki-health","17":"first","18":"outofstock","19":"taxable","20":"shipping-taxable","21":"purchasable","22":"product-type-simple"},"jetpack_sharing_enabled":true,"brands":[{"id":166,"name":"KIKI Sundhed","slug":"kiki-health"}],"_links":{"self":[{"href":"https:\/\/veganova.eu\/da\/wp-json\/wp\/v2\/product\/3233","targetHints":{"allow":["GET"]}}],"collection":[{"href":"https:\/\/veganova.eu\/da\/wp-json\/wp\/v2\/product"}],"about":[{"href":"https:\/\/veganova.eu\/da\/wp-json\/wp\/v2\/types\/product"}],"replies":[{"embeddable":true,"href":"https:\/\/veganova.eu\/da\/wp-json\/wp\/v2\/comments?post=3233"}],"version-history":[{"count":1,"href":"https:\/\/veganova.eu\/da\/wp-json\/wp\/v2\/product\/3233\/revisions"}],"predecessor-version":[{"id":57718,"href":"https:\/\/veganova.eu\/da\/wp-json\/wp\/v2\/product\/3233\/revisions\/57718"}],"wp:featuredmedia":[{"embeddable":true,"href":"https:\/\/veganova.eu\/da\/wp-json\/wp\/v2\/media\/53135"}],"wp:attachment":[{"href":"https:\/\/veganova.eu\/da\/wp-json\/wp\/v2\/media?parent=3233"}],"wp:term":[{"taxonomy":"pwb-brand","embeddable":true,"href":"https:\/\/veganova.eu\/da\/wp-json\/wp\/v2\/pwb-brand?post=3233"},{"taxonomy":"product_brand","embeddable":true,"href":"https:\/\/veganova.eu\/da\/wp-json\/wp\/v2\/product_brand?post=3233"},{"taxonomy":"product_cat","embeddable":true,"href":"https:\/\/veganova.eu\/da\/wp-json\/wp\/v2\/product_cat?post=3233"},{"taxonomy":"product_tag","embeddable":true,"href":"https:\/\/veganova.eu\/da\/wp-json\/wp\/v2\/product_tag?post=3233"}],"curies":[{"name":"wp","href":"https:\/\/api.w.org\/{rel}","templated":true}]}}