{"id":3568,"date":"2023-10-01T17:06:39","date_gmt":"2023-10-01T15:06:39","guid":{"rendered":"https:\/\/veganova.eu\/?post_type=product&#038;p=3568"},"modified":"2026-04-21T07:24:15","modified_gmt":"2026-04-21T05:24:15","slug":"now-foods-magnesium-ascorbate-pure-buffered-powder-227g","status":"publish","type":"product","link":"https:\/\/veganova.eu\/da\/shop\/now-foods-magnesium-ascorbate-pure-buffered-powder-227g\/","title":{"rendered":"NOW Foods Magnesium Ascorbat, rent bufferet pulver (227 g)"},"content":{"rendered":"<h3>NOW Foods Magnesium Ascorbat<\/h3>\n<ul>\n<li>Rent bufret C-vitamin i pulverform. C-vitamin er et essentielt n\u00e6ringsstof, der er kendt for sin vigtige rolle i immunsystemets funktion.<\/li>\n<li>Det er en meget effektiv antioxidant, som kan beskytte kroppens strukturer mod oxidative skader, der opst\u00e5r under det normale stofskifte.<\/li>\n<li>C-vitamin er ogs\u00e5 n\u00f8dvendigt for dannelsen af kollagen og er derfor vigtigt for hudens, knoglernes og leddenes sundhed.<\/li>\n<li>Det er ogs\u00e5 n\u00f8dvendigt for metabolismen af aminosyrer og udnyttelsen af mange n\u00e6ringsstoffer som folinsyre og jern.<\/li>\n<li>Magnesiumascorbat er en ikke-bitter, ikke-syrlig, bufret form af C-vitamin i en meget opl\u00f8selig form.<\/li>\n<\/ul>","protected":false},"excerpt":{"rendered":"<p>Vegansk kosttilskud NOW Foods Magnesium Ascorbate, rent pulver, pakken indeholder: 227g. Glutenfri, GMO-fri.<\/p>","protected":false},"featured_media":51689,"comment_status":"closed","ping_status":"closed","template":"","meta":{"advanced_seo_description":"","jetpack_seo_html_title":"","jetpack_seo_noindex":false},"pwb-brand":[173],"product_brand":[4580],"product_cat":[172,2598,2595,152],"product_tag":[1093,860,1117],"class_list":{"0":"post-3568","1":"product","2":"type-product","3":"status-publish","4":"has-post-thumbnail","6":"pwb-brand-now-foods","7":"product_brand-now-foods","8":"product_cat-minerals","9":"product_cat-recovery","10":"product_cat-stress","11":"product_cat-vitamins-and-minerals","12":"product_tag-antioxidant","13":"product_tag-energy","14":"product_tag-immunity","15":"brand_woo-now-foods","17":"first","18":"instock","19":"sale","20":"taxable","21":"shipping-taxable","22":"purchasable","23":"product-type-simple"},"jetpack_sharing_enabled":true,"brands":[{"id":173,"name":"NOW Foods","slug":"now-foods"}],"_links":{"self":[{"href":"https:\/\/veganova.eu\/da\/wp-json\/wp\/v2\/product\/3568","targetHints":{"allow":["GET"]}}],"collection":[{"href":"https:\/\/veganova.eu\/da\/wp-json\/wp\/v2\/product"}],"about":[{"href":"https:\/\/veganova.eu\/da\/wp-json\/wp\/v2\/types\/product"}],"replies":[{"embeddable":true,"href":"https:\/\/veganova.eu\/da\/wp-json\/wp\/v2\/comments?post=3568"}],"version-history":[{"count":1,"href":"https:\/\/veganova.eu\/da\/wp-json\/wp\/v2\/product\/3568\/revisions"}],"predecessor-version":[{"id":57983,"href":"https:\/\/veganova.eu\/da\/wp-json\/wp\/v2\/product\/3568\/revisions\/57983"}],"wp:featuredmedia":[{"embeddable":true,"href":"https:\/\/veganova.eu\/da\/wp-json\/wp\/v2\/media\/51689"}],"wp:attachment":[{"href":"https:\/\/veganova.eu\/da\/wp-json\/wp\/v2\/media?parent=3568"}],"wp:term":[{"taxonomy":"pwb-brand","embeddable":true,"href":"https:\/\/veganova.eu\/da\/wp-json\/wp\/v2\/pwb-brand?post=3568"},{"taxonomy":"product_brand","embeddable":true,"href":"https:\/\/veganova.eu\/da\/wp-json\/wp\/v2\/product_brand?post=3568"},{"taxonomy":"product_cat","embeddable":true,"href":"https:\/\/veganova.eu\/da\/wp-json\/wp\/v2\/product_cat?post=3568"},{"taxonomy":"product_tag","embeddable":true,"href":"https:\/\/veganova.eu\/da\/wp-json\/wp\/v2\/product_tag?post=3568"}],"curies":[{"name":"wp","href":"https:\/\/api.w.org\/{rel}","templated":true}]}}