{"id":3784,"date":"2023-10-01T17:08:13","date_gmt":"2023-10-01T15:08:13","guid":{"rendered":"https:\/\/veganova.eu\/?post_type=product&#038;p=3784"},"modified":"2026-04-21T07:24:28","modified_gmt":"2026-04-21T05:24:28","slug":"pescience-select-protein-vegan-series-chocolate-peanut-butter-918g","status":"publish","type":"product","link":"https:\/\/veganova.eu\/da\/shop\/pescience-select-protein-vegan-series-chocolate-peanut-butter-918g\/","title":{"rendered":"PEScience Select Protein Vegan Series, chokolade og jordn\u00f8ddesm\u00f8r (918 g)"},"content":{"rendered":"<h3>PEScience Select Protein Vegan Series<\/h3>\n<ul>\n<li>Select Vegan bruger en blanding af to vegetabilske proteinkilder af h\u00f8jeste kvalitet: \u00e6rter og brune ris.<\/li>\n<li>Klinisk testede proteinkilder.<\/li>\n<li>Ingen soja.<\/li>\n<li>Select Vegan Proteins enkle formel indeholder ingen tils\u00e6tningsstoffer - bare en lille smule perfekt sammensatte ingredienser, der sikrer en f\u00f8rsteklasses smag.<\/li>\n<li>Der skal to ting til for at f\u00e5 vegansk protein til at smage godt: De bedste ingredienser og en s\u00e6rlig smagstils\u00e6tning, som PEScience har.<\/li>\n<li>Hver Select Vegan er kun s\u00f8det med stevia.<\/li>\n<\/ul>","protected":false},"excerpt":{"rendered":"<p>Vegan sports nutritional supplement containing vegetable protein PEScience Select Protein Vegan Series. Premium protein with amino acids, soy-free, gluten-free, lactose-free, GMO-free. 20g protein from peas and brown rice. Flavor: Chocolate Peanut Butter, package contains: 918g.<\/p>","protected":false},"featured_media":53432,"comment_status":"closed","ping_status":"closed","template":"","meta":{"advanced_seo_description":"","jetpack_seo_html_title":"","jetpack_seo_noindex":false},"pwb-brand":[382],"product_brand":[4706],"product_cat":[132,133],"product_tag":[1210,1378,1142,1212,1145],"class_list":{"0":"post-3784","1":"product","2":"type-product","3":"status-publish","4":"has-post-thumbnail","6":"pwb-brand-pescience","7":"product_brand-pescience","8":"product_cat-sports-nutrition","9":"product_cat-vegan-proteins","10":"product_tag-protein-for-allergy-sufferers","11":"product_tag-protein-with-amino-acids","12":"product_tag-soy-free-protein","13":"product_tag-sugar-free-protein","14":"product_tag-vegan-protein","15":"brand_woo-pescience","17":"first","18":"outofstock","19":"taxable","20":"shipping-taxable","21":"purchasable","22":"product-type-simple"},"jetpack_sharing_enabled":true,"brands":[{"id":382,"name":"PEScience","slug":"pescience"}],"_links":{"self":[{"href":"https:\/\/veganova.eu\/da\/wp-json\/wp\/v2\/product\/3784","targetHints":{"allow":["GET"]}}],"collection":[{"href":"https:\/\/veganova.eu\/da\/wp-json\/wp\/v2\/product"}],"about":[{"href":"https:\/\/veganova.eu\/da\/wp-json\/wp\/v2\/types\/product"}],"replies":[{"embeddable":true,"href":"https:\/\/veganova.eu\/da\/wp-json\/wp\/v2\/comments?post=3784"}],"version-history":[{"count":1,"href":"https:\/\/veganova.eu\/da\/wp-json\/wp\/v2\/product\/3784\/revisions"}],"predecessor-version":[{"id":58166,"href":"https:\/\/veganova.eu\/da\/wp-json\/wp\/v2\/product\/3784\/revisions\/58166"}],"wp:featuredmedia":[{"embeddable":true,"href":"https:\/\/veganova.eu\/da\/wp-json\/wp\/v2\/media\/53432"}],"wp:attachment":[{"href":"https:\/\/veganova.eu\/da\/wp-json\/wp\/v2\/media?parent=3784"}],"wp:term":[{"taxonomy":"pwb-brand","embeddable":true,"href":"https:\/\/veganova.eu\/da\/wp-json\/wp\/v2\/pwb-brand?post=3784"},{"taxonomy":"product_brand","embeddable":true,"href":"https:\/\/veganova.eu\/da\/wp-json\/wp\/v2\/product_brand?post=3784"},{"taxonomy":"product_cat","embeddable":true,"href":"https:\/\/veganova.eu\/da\/wp-json\/wp\/v2\/product_cat?post=3784"},{"taxonomy":"product_tag","embeddable":true,"href":"https:\/\/veganova.eu\/da\/wp-json\/wp\/v2\/product_tag?post=3784"}],"curies":[{"name":"wp","href":"https:\/\/api.w.org\/{rel}","templated":true}]}}