{"id":47715,"date":"2024-09-15T12:27:40","date_gmt":"2024-09-15T10:27:40","guid":{"rendered":"https:\/\/veganova.eu\/?post_type=product&#038;p=47715"},"modified":"2026-04-21T07:25:51","modified_gmt":"2026-04-21T05:25:51","slug":"weider-ashwagandha-professional-120-vcaps","status":"publish","type":"product","link":"https:\/\/veganova.eu\/da\/shop\/weider-ashwagandha-professional-120-vcaps\/","title":{"rendered":"Weider Ashwagandha Professional - 120 vcaps"},"content":{"rendered":"<h3>Weider Ashwagandha Professional - 120 vcaps<\/h3>\n<p>Ashwagandha (Withania somnifera), ogs\u00e5 kendt som s\u00f8vnb\u00e6r, er blevet brugt i tusinder af \u00e5r i traditionel medicin og alternativ medicin til forskellige form\u00e5l. Planteekstraktet er is\u00e6r popul\u00e6rt som terapeutisk middel i den indiske helbredende kunst Ayurveda. Ashwaganda bruges her prim\u00e6rt til at reducere stress, forynge og forbedre den generelle vitalitet. M\u00e6rker\u00e5varen KSM-66 er kendt for sin us\u00e6dvanligt h\u00f8je kvalitet. Mens ashwagandha-rod indeholder en r\u00e6kke vigtige komponenter som fedtsyrer, mineraler og phytonutrienter, er de s\u00e5kaldte withanolider s\u00e6rligt karakteristiske og v\u00e6rdifulde for denne type plante. KSM-66 er standardiseret til mindst 5% withanolider gennem en unik ekstraktionsproces og er underlagt de strengeste kvalitetskontroller og analyser. Ved at bruge den organiske forst\u00e6rker AstraGin bliver vores Ashwagandha-formel endnu mere effektiv. Planteekstraktblandingen kan forbedre optagelsen af forskellige andre ingredienser i tyndtarmen. Vi anbefaler at tage to kapsler Ashwagandha Professional om dagen som en del af dit n\u00e6ringstilskud i forbindelse med en behovsbaseret, sund kost og en aktiv og sportslig livsstil. Ashwagandha Professional kan tages b\u00e5de i l\u00f8bet af dagen og f\u00f8r sengetid. Kapselskallerne er fri for gelatine, og derfor er produktet let foreneligt med en vegetarisk og vegansk kost.<\/p>","protected":false},"excerpt":{"rendered":"<p>Vegetariske kapsler Weider Ashwagandha Professional underst\u00f8tter din mentale sundhed og dit energiniveau. Indhold: 120 vegetariske kapsler. Certificering: Vegansk, Vegetarisk.<\/p>","protected":false},"featured_media":52115,"comment_status":"closed","ping_status":"closed","template":"","meta":{"advanced_seo_description":"","jetpack_seo_html_title":"","jetpack_seo_noindex":false},"pwb-brand":[499],"product_brand":[4792],"product_cat":[2596,152],"product_tag":[],"class_list":{"0":"post-47715","1":"product","2":"type-product","3":"status-publish","4":"has-post-thumbnail","6":"pwb-brand-weider","7":"product_brand-weider","8":"product_cat-herbs","9":"product_cat-vitamins-and-minerals","10":"brand_woo-weider","12":"first","13":"instock","14":"taxable","15":"shipping-taxable","16":"purchasable","17":"product-type-simple"},"jetpack_sharing_enabled":true,"brands":[{"id":499,"name":"Weider","slug":"weider"}],"_links":{"self":[{"href":"https:\/\/veganova.eu\/da\/wp-json\/wp\/v2\/product\/47715","targetHints":{"allow":["GET"]}}],"collection":[{"href":"https:\/\/veganova.eu\/da\/wp-json\/wp\/v2\/product"}],"about":[{"href":"https:\/\/veganova.eu\/da\/wp-json\/wp\/v2\/types\/product"}],"replies":[{"embeddable":true,"href":"https:\/\/veganova.eu\/da\/wp-json\/wp\/v2\/comments?post=47715"}],"version-history":[{"count":1,"href":"https:\/\/veganova.eu\/da\/wp-json\/wp\/v2\/product\/47715\/revisions"}],"predecessor-version":[{"id":59200,"href":"https:\/\/veganova.eu\/da\/wp-json\/wp\/v2\/product\/47715\/revisions\/59200"}],"wp:featuredmedia":[{"embeddable":true,"href":"https:\/\/veganova.eu\/da\/wp-json\/wp\/v2\/media\/52115"}],"wp:attachment":[{"href":"https:\/\/veganova.eu\/da\/wp-json\/wp\/v2\/media?parent=47715"}],"wp:term":[{"taxonomy":"pwb-brand","embeddable":true,"href":"https:\/\/veganova.eu\/da\/wp-json\/wp\/v2\/pwb-brand?post=47715"},{"taxonomy":"product_brand","embeddable":true,"href":"https:\/\/veganova.eu\/da\/wp-json\/wp\/v2\/product_brand?post=47715"},{"taxonomy":"product_cat","embeddable":true,"href":"https:\/\/veganova.eu\/da\/wp-json\/wp\/v2\/product_cat?post=47715"},{"taxonomy":"product_tag","embeddable":true,"href":"https:\/\/veganova.eu\/da\/wp-json\/wp\/v2\/product_tag?post=47715"}],"curies":[{"name":"wp","href":"https:\/\/api.w.org\/{rel}","templated":true}]}}