{"id":47793,"date":"2024-09-15T12:29:02","date_gmt":"2024-09-15T10:29:02","guid":{"rendered":"https:\/\/veganova.eu\/?post_type=product&#038;p=47793"},"modified":"2026-04-21T07:25:55","modified_gmt":"2026-04-21T05:25:55","slug":"trained-by-jp-cream-of-rice-maple-syrup-2000g","status":"publish","type":"product","link":"https:\/\/veganova.eu\/da\/shop\/trained-by-jp-cream-of-rice-maple-syrup-2000g\/","title":{"rendered":"Tr\u00e6net af JP Fl\u00f8de af ris, ahornsirup - 2000g"},"content":{"rendered":"<h3>Tr\u00e6net af JP Fl\u00f8de af ris, ahornsirup - 2000g<\/h3>\n<p>Hvorfor risfl\u00f8de?<\/p>\n<p>Under forberedelse, offseason eller enhver anden tr\u00e6ningsfase kan det hj\u00e6lpe dig med at holde dig p\u00e5 sporet af din kost, hvis du spiser ting med god smag i stedet for mere kedelige ris, da det ofte vil f\u00f8les som en godbid, men er helt let at passe ind i dit kulhydratbehov for dagen.<\/p>\n<p>Under en lavs\u00e6son, hvor maden kan blive h\u00f8jere, kan ford\u00f8jelsen ofte blive lidt sv\u00e6rere, og i denne fase vil det at have en r\u00e6kke forskellige smage, der altid ford\u00f8jes perfekt, give dig mulighed for at holde din appetit og fremskridt i gang.<\/p>\n<p>JP har selv et stort fokus p\u00e5 ford\u00f8jelsen og rammer kropsv\u00e6gte og kalorieindtag, der er enorme, og derfor er alt, hvad vi laver, afpr\u00f8vet og testet af ham for at sikre, at der ikke er for meget s\u00f8demiddel, at smagsstofferne ikke er for st\u00e6rke - alle de ting, der er vigtige, n\u00e5r man rent faktisk lever og \u00e5nder for bodybuilding.<\/p>\n<p>2 kg COR f\u00e5s i 13 l\u00e6kre smagsvarianter, s\u00e5 dine smagsl\u00f8g bliver glade!<\/p>\n<p>Hurtigtvirkende kulhydrat<\/p>\n<p>Utrolig smag<br \/>\nLet at blande<br \/>\nPerfekt ford\u00f8jet<br \/>\n2KG er 80x 25g portioner<\/p>","protected":false},"excerpt":{"rendered":"<p>Power fitness breakfast Trained by JP Cream of Rice, flavor: Maple Syrup. Content: 2000g. Certification: vegan, vegetarian, gluten free.<\/p>","protected":false},"featured_media":52220,"comment_status":"closed","ping_status":"closed","template":"","meta":{"advanced_seo_description":"","jetpack_seo_html_title":"","jetpack_seo_noindex":false},"pwb-brand":[2217],"product_brand":[4954],"product_cat":[225,132],"product_tag":[],"class_list":{"0":"post-47793","1":"product","2":"type-product","3":"status-publish","4":"has-post-thumbnail","6":"pwb-brand-trained-by-jp","7":"product_brand-trained-by-jp","8":"product_cat-carbohydrates","9":"product_cat-sports-nutrition","10":"brand_woo-trained-by-jp","12":"first","13":"instock","14":"taxable","15":"shipping-taxable","16":"purchasable","17":"product-type-simple"},"jetpack_sharing_enabled":true,"brands":[{"id":2217,"name":"Tr\u00e6net af JP","slug":"trained-by-jp"}],"_links":{"self":[{"href":"https:\/\/veganova.eu\/da\/wp-json\/wp\/v2\/product\/47793","targetHints":{"allow":["GET"]}}],"collection":[{"href":"https:\/\/veganova.eu\/da\/wp-json\/wp\/v2\/product"}],"about":[{"href":"https:\/\/veganova.eu\/da\/wp-json\/wp\/v2\/types\/product"}],"replies":[{"embeddable":true,"href":"https:\/\/veganova.eu\/da\/wp-json\/wp\/v2\/comments?post=47793"}],"version-history":[{"count":1,"href":"https:\/\/veganova.eu\/da\/wp-json\/wp\/v2\/product\/47793\/revisions"}],"predecessor-version":[{"id":59233,"href":"https:\/\/veganova.eu\/da\/wp-json\/wp\/v2\/product\/47793\/revisions\/59233"}],"wp:featuredmedia":[{"embeddable":true,"href":"https:\/\/veganova.eu\/da\/wp-json\/wp\/v2\/media\/52220"}],"wp:attachment":[{"href":"https:\/\/veganova.eu\/da\/wp-json\/wp\/v2\/media?parent=47793"}],"wp:term":[{"taxonomy":"pwb-brand","embeddable":true,"href":"https:\/\/veganova.eu\/da\/wp-json\/wp\/v2\/pwb-brand?post=47793"},{"taxonomy":"product_brand","embeddable":true,"href":"https:\/\/veganova.eu\/da\/wp-json\/wp\/v2\/product_brand?post=47793"},{"taxonomy":"product_cat","embeddable":true,"href":"https:\/\/veganova.eu\/da\/wp-json\/wp\/v2\/product_cat?post=47793"},{"taxonomy":"product_tag","embeddable":true,"href":"https:\/\/veganova.eu\/da\/wp-json\/wp\/v2\/product_tag?post=47793"}],"curies":[{"name":"wp","href":"https:\/\/api.w.org\/{rel}","templated":true}]}}