{"id":47813,"date":"2024-09-15T12:29:20","date_gmt":"2024-09-15T10:29:20","guid":{"rendered":"https:\/\/veganova.eu\/?post_type=product&#038;p=47813"},"modified":"2026-04-27T02:22:34","modified_gmt":"2026-04-27T00:22:34","slug":"applied-nutrition-critical-greens-apple-burst-150g","status":"publish","type":"product","link":"https:\/\/veganova.eu\/da\/shop\/applied-nutrition-critical-greens-apple-burst-150g\/","title":{"rendered":"Applied Nutrition Critical Greens, Apple Burst - 150 g"},"content":{"rendered":"<h3>Applied Nutrition Critical Greens, Apple Burst - 150 g<\/h3>\n<p>Critical Greens er fyldt med 17 ekstrakter af supergr\u00f8ntsager, herunder broccoli, selleri, spinat, hvedegr\u00e6s og gr\u00f8nk\u00e5lspulver, s\u00e5 du kan f\u00e5 dine sportslige gr\u00f8ntsager p\u00e5 en superpraktisk m\u00e5de. Vores kritiske blanding kan blot tils\u00e6ttes din proteinshake, frugtsmoothie eller blandes med vand for at f\u00e5 en frisk, naturlig smag.<\/p>\n<p>N\u00d8GLEFORDELE<\/p>\n<p>Ultimativ atletisk supergr\u00f8ntsagsblanding<br \/>\nBrugt sammen med dine fem om dagen<br \/>\n17 supergr\u00f8nne ingredienser<br \/>\nFrisk, naturlig smag<br \/>\nVelegnet til veganere og vegetarer<br \/>\nHalal-certificeret produkt<\/p>","protected":false},"excerpt":{"rendered":"<p>Superfood drink in powder form Applied Nutrition Critical Greens, with flavor: Apple Burst. Content: 150g. Certification: Vegan, vegetarian, halal.<\/p>","protected":false},"featured_media":52020,"comment_status":"closed","ping_status":"closed","template":"","meta":{"advanced_seo_description":"","jetpack_seo_html_title":"","jetpack_seo_noindex":false},"pwb-brand":[202],"product_brand":[4592],"product_cat":[149],"product_tag":[],"class_list":{"0":"post-47813","1":"product","2":"type-product","3":"status-publish","4":"has-post-thumbnail","6":"pwb-brand-applied-nutrition","7":"product_brand-applied-nutrition","8":"product_cat-superfoods","9":"brand_woo-applied-nutrition","11":"first","12":"instock","13":"taxable","14":"shipping-taxable","15":"purchasable","16":"product-type-simple"},"jetpack_sharing_enabled":true,"brands":[{"id":202,"name":"Anvendt ern\u00e6ring","slug":"applied-nutrition"}],"_links":{"self":[{"href":"https:\/\/veganova.eu\/da\/wp-json\/wp\/v2\/product\/47813","targetHints":{"allow":["GET"]}}],"collection":[{"href":"https:\/\/veganova.eu\/da\/wp-json\/wp\/v2\/product"}],"about":[{"href":"https:\/\/veganova.eu\/da\/wp-json\/wp\/v2\/types\/product"}],"replies":[{"embeddable":true,"href":"https:\/\/veganova.eu\/da\/wp-json\/wp\/v2\/comments?post=47813"}],"version-history":[{"count":1,"href":"https:\/\/veganova.eu\/da\/wp-json\/wp\/v2\/product\/47813\/revisions"}],"predecessor-version":[{"id":59242,"href":"https:\/\/veganova.eu\/da\/wp-json\/wp\/v2\/product\/47813\/revisions\/59242"}],"wp:featuredmedia":[{"embeddable":true,"href":"https:\/\/veganova.eu\/da\/wp-json\/wp\/v2\/media\/52020"}],"wp:attachment":[{"href":"https:\/\/veganova.eu\/da\/wp-json\/wp\/v2\/media?parent=47813"}],"wp:term":[{"taxonomy":"pwb-brand","embeddable":true,"href":"https:\/\/veganova.eu\/da\/wp-json\/wp\/v2\/pwb-brand?post=47813"},{"taxonomy":"product_brand","embeddable":true,"href":"https:\/\/veganova.eu\/da\/wp-json\/wp\/v2\/product_brand?post=47813"},{"taxonomy":"product_cat","embeddable":true,"href":"https:\/\/veganova.eu\/da\/wp-json\/wp\/v2\/product_cat?post=47813"},{"taxonomy":"product_tag","embeddable":true,"href":"https:\/\/veganova.eu\/da\/wp-json\/wp\/v2\/product_tag?post=47813"}],"curies":[{"name":"wp","href":"https:\/\/api.w.org\/{rel}","templated":true}]}}