{"id":47853,"date":"2024-09-15T12:30:02","date_gmt":"2024-09-15T10:30:02","guid":{"rendered":"https:\/\/veganova.eu\/?post_type=product&#038;p=47853"},"modified":"2026-04-21T07:25:57","modified_gmt":"2026-04-21T05:25:57","slug":"enzymedica-digest-180-caps","status":"publish","type":"product","link":"https:\/\/veganova.eu\/da\/shop\/enzymedica-digest-180-caps\/","title":{"rendered":"Enzymedica Digest - 180 kapsler"},"content":{"rendered":"<h3>Enzymedica Digest - 180 kapsler<\/h3>\n<p>Enzymmangel kan skyldes en kombination af alder, kost og livsstil. Disse mangler kan f\u00f8re til en r\u00e6kke ford\u00f8jelsesproblemer, herunder lejlighedsvis luft i maven, oppustethed, ford\u00f8jelsesbesv\u00e6r og uregelm\u00e6ssigheder.<\/p>\n<p>Digest er en forbedret formel, der nedbryder kulhydrater, fedt, fibre og protein. Enzymerne i Digest underst\u00f8tter en optimal ford\u00f8jelse ved at hj\u00e6lpe kroppen med at optage n\u00e6ringsstoffer og omdanne maden til energi. Ford\u00f8jelsesm\u00e6ssig velv\u00e6re forbedrer koncentrationen og \u00f8ger vitaliteten.<\/p>","protected":false},"excerpt":{"rendered":"<p>Enzymedica Digest supports healthy digestion. Content: 180 vegetarian capsules. Certification: vegan, NON GMO.<\/p>","protected":false},"featured_media":52186,"comment_status":"closed","ping_status":"closed","template":"","meta":{"advanced_seo_description":"","jetpack_seo_html_title":"","jetpack_seo_noindex":false},"pwb-brand":[467],"product_brand":[4767],"product_cat":[596,143],"product_tag":[],"class_list":{"0":"post-47853","1":"product","2":"type-product","3":"status-publish","4":"has-post-thumbnail","6":"pwb-brand-enzymedica","7":"product_brand-enzymedica","8":"product_cat-digestion","9":"product_cat-health-issues","10":"brand_woo-enzymedica","12":"first","13":"instock","14":"sale","15":"taxable","16":"shipping-taxable","17":"purchasable","18":"product-type-simple"},"jetpack_sharing_enabled":true,"brands":[{"id":467,"name":"Enzymedica","slug":"enzymedica"}],"_links":{"self":[{"href":"https:\/\/veganova.eu\/da\/wp-json\/wp\/v2\/product\/47853","targetHints":{"allow":["GET"]}}],"collection":[{"href":"https:\/\/veganova.eu\/da\/wp-json\/wp\/v2\/product"}],"about":[{"href":"https:\/\/veganova.eu\/da\/wp-json\/wp\/v2\/types\/product"}],"replies":[{"embeddable":true,"href":"https:\/\/veganova.eu\/da\/wp-json\/wp\/v2\/comments?post=47853"}],"version-history":[{"count":1,"href":"https:\/\/veganova.eu\/da\/wp-json\/wp\/v2\/product\/47853\/revisions"}],"predecessor-version":[{"id":59260,"href":"https:\/\/veganova.eu\/da\/wp-json\/wp\/v2\/product\/47853\/revisions\/59260"}],"wp:featuredmedia":[{"embeddable":true,"href":"https:\/\/veganova.eu\/da\/wp-json\/wp\/v2\/media\/52186"}],"wp:attachment":[{"href":"https:\/\/veganova.eu\/da\/wp-json\/wp\/v2\/media?parent=47853"}],"wp:term":[{"taxonomy":"pwb-brand","embeddable":true,"href":"https:\/\/veganova.eu\/da\/wp-json\/wp\/v2\/pwb-brand?post=47853"},{"taxonomy":"product_brand","embeddable":true,"href":"https:\/\/veganova.eu\/da\/wp-json\/wp\/v2\/product_brand?post=47853"},{"taxonomy":"product_cat","embeddable":true,"href":"https:\/\/veganova.eu\/da\/wp-json\/wp\/v2\/product_cat?post=47853"},{"taxonomy":"product_tag","embeddable":true,"href":"https:\/\/veganova.eu\/da\/wp-json\/wp\/v2\/product_tag?post=47853"}],"curies":[{"name":"wp","href":"https:\/\/api.w.org\/{rel}","templated":true}]}}