{"id":47985,"date":"2024-09-15T12:32:41","date_gmt":"2024-09-15T10:32:41","guid":{"rendered":"https:\/\/veganova.eu\/?post_type=product&#038;p=47985"},"modified":"2026-04-28T02:23:33","modified_gmt":"2026-04-28T00:23:33","slug":"swanson-magnesium-gummies-watermelon-120-gummies","status":"publish","type":"product","link":"https:\/\/veganova.eu\/da\/shop\/swanson-magnesium-gummies-watermelon-120-gummies\/","title":{"rendered":"Swanson Magnesium Gummies, vandmelon - 120 gummier"},"content":{"rendered":"<h3>Swanson Magnesium Gummies, vandmelon - 120 gummier<\/h3>\n<p>St\u00f8tte til stress, muskler og knogler<br \/>\nVegansk<br \/>\nGlutenfri<br \/>\nIkke-GMO<br \/>\nKosttilskud<br \/>\nUnderst\u00f8tter en sund stressreaktion<br \/>\nVigtig for hjerte-, knogle- og muskelsundhed<br \/>\nFremmer afslapning af krop og sind<br \/>\nVegetarisk<\/p>\n<p>Magnesium har haft en vigtig plads i knoglesundhedsregimer i \u00e5rtier, men det bliver mere og mere popul\u00e6rt for at fremme mental og fysisk afslapning. Pr\u00f8v Swanson Magnesium Citrate Gummies for at f\u00e5 et velsmagende twist p\u00e5 dette vigtige mineral. Disse veganske og glutenfri vingummier leverer 84 mg sk\u00e5nsomt magnesiumcitrat i hver vingummi med en saftig vandmelonsmag, der helt sikkert vil tilfredsstille enhver smagspalet.<\/p>","protected":false},"excerpt":{"rendered":"<p>Swanson Magnesium Gummies st\u00f8tter krop og sind. Indhold: 120 vingummier. Certificering: vegansk, glutenfri, ikke gmo.<\/p>","protected":false},"featured_media":52304,"comment_status":"closed","ping_status":"closed","template":"","meta":{"advanced_seo_description":"","jetpack_seo_html_title":"","jetpack_seo_noindex":false},"pwb-brand":[450],"product_brand":[4753],"product_cat":[172,2598,132,152],"product_tag":[],"class_list":{"0":"post-47985","1":"product","2":"type-product","3":"status-publish","4":"has-post-thumbnail","6":"pwb-brand-swanson","7":"product_brand-swanson","8":"product_cat-minerals","9":"product_cat-recovery","10":"product_cat-sports-nutrition","11":"product_cat-vitamins-and-minerals","12":"brand_woo-swanson","14":"first","15":"outofstock","16":"taxable","17":"shipping-taxable","18":"purchasable","19":"product-type-simple"},"jetpack_sharing_enabled":true,"brands":[{"id":450,"name":"Swanson","slug":"swanson"}],"_links":{"self":[{"href":"https:\/\/veganova.eu\/da\/wp-json\/wp\/v2\/product\/47985","targetHints":{"allow":["GET"]}}],"collection":[{"href":"https:\/\/veganova.eu\/da\/wp-json\/wp\/v2\/product"}],"about":[{"href":"https:\/\/veganova.eu\/da\/wp-json\/wp\/v2\/types\/product"}],"replies":[{"embeddable":true,"href":"https:\/\/veganova.eu\/da\/wp-json\/wp\/v2\/comments?post=47985"}],"version-history":[{"count":1,"href":"https:\/\/veganova.eu\/da\/wp-json\/wp\/v2\/product\/47985\/revisions"}],"predecessor-version":[{"id":59313,"href":"https:\/\/veganova.eu\/da\/wp-json\/wp\/v2\/product\/47985\/revisions\/59313"}],"wp:featuredmedia":[{"embeddable":true,"href":"https:\/\/veganova.eu\/da\/wp-json\/wp\/v2\/media\/52304"}],"wp:attachment":[{"href":"https:\/\/veganova.eu\/da\/wp-json\/wp\/v2\/media?parent=47985"}],"wp:term":[{"taxonomy":"pwb-brand","embeddable":true,"href":"https:\/\/veganova.eu\/da\/wp-json\/wp\/v2\/pwb-brand?post=47985"},{"taxonomy":"product_brand","embeddable":true,"href":"https:\/\/veganova.eu\/da\/wp-json\/wp\/v2\/product_brand?post=47985"},{"taxonomy":"product_cat","embeddable":true,"href":"https:\/\/veganova.eu\/da\/wp-json\/wp\/v2\/product_cat?post=47985"},{"taxonomy":"product_tag","embeddable":true,"href":"https:\/\/veganova.eu\/da\/wp-json\/wp\/v2\/product_tag?post=47985"}],"curies":[{"name":"wp","href":"https:\/\/api.w.org\/{rel}","templated":true}]}}