{"id":48219,"date":"2024-09-15T12:36:51","date_gmt":"2024-09-15T10:36:51","guid":{"rendered":"https:\/\/veganova.eu\/?post_type=product&#038;p=48219"},"modified":"2026-04-21T07:26:12","modified_gmt":"2026-04-21T05:26:12","slug":"kiki-health-vitamin-b-complex-30-vcaps","status":"publish","type":"product","link":"https:\/\/veganova.eu\/da\/shop\/kiki-health-vitamin-b-complex-30-vcaps\/","title":{"rendered":"KIKI Health Vitamin B Complex - 30 vcaps"},"content":{"rendered":"<h3>KIKI Health Vitamin B Complex - 30 vcaps<\/h3>\n<ul>\n<li>H\u00f8jt indhold af alle 8 B-vitaminer<\/li>\n<li>Udvundet af 11 forskellige planteekstrakter<\/li>\n<li>Vand udvundet ved hj\u00e6lp af rent vand<\/li>\n<li>Ingen b\u00e6restoffer, tils\u00e6tningsstoffer, konserveringsmidler eller fyldstoffer<\/li>\n<\/ul>\n<p>Et komplet B-vitaminkompleks fra naturen. Genkendes ubesv\u00e6ret af kroppen og har en h\u00f8j optagelighed.<\/p>\n<p>Dette plantebaserede B-vitaminkompleks af h\u00f8j kvalitet indeholder 11 forskellige planteekstrakter, herunder B1, B2, B3, B5, B6, B7, B9 og B12.<\/p>\n<p>Den unikke formel er skabt gennem en sk\u00e5nsom vandudvindingsproces uden brug af kemikalier, tils\u00e6tningsstoffer eller b\u00e6restoffer.<\/p>\n<p>Slutresultatet er en ren og let genkendelig blanding af alle otte B-vitaminer.<\/p>","protected":false},"excerpt":{"rendered":"<p>KIKI Health Vitamin B Complex er et plantebaseret B-vitaminkompleks af h\u00f8j kvalitet, som indeholder 11 forskellige planteekstrakter, herunder B1, B2, B3, B5, B6, B7, B9 og B12. Indhold: 30 vegetariske kapsler.<\/p>","protected":false},"featured_media":52016,"comment_status":"closed","ping_status":"closed","template":"","meta":{"advanced_seo_description":"","jetpack_seo_html_title":"","jetpack_seo_noindex":false},"pwb-brand":[166],"product_brand":[4573],"product_cat":[153,152],"product_tag":[],"class_list":{"0":"post-48219","1":"product","2":"type-product","3":"status-publish","4":"has-post-thumbnail","6":"pwb-brand-kiki-health","7":"product_brand-kiki-health","8":"product_cat-vitamins","9":"product_cat-vitamins-and-minerals","10":"brand_woo-kiki-health","12":"first","13":"instock","14":"taxable","15":"shipping-taxable","16":"purchasable","17":"product-type-simple"},"jetpack_sharing_enabled":true,"brands":[{"id":166,"name":"KIKI Sundhed","slug":"kiki-health"}],"_links":{"self":[{"href":"https:\/\/veganova.eu\/da\/wp-json\/wp\/v2\/product\/48219","targetHints":{"allow":["GET"]}}],"collection":[{"href":"https:\/\/veganova.eu\/da\/wp-json\/wp\/v2\/product"}],"about":[{"href":"https:\/\/veganova.eu\/da\/wp-json\/wp\/v2\/types\/product"}],"replies":[{"embeddable":true,"href":"https:\/\/veganova.eu\/da\/wp-json\/wp\/v2\/comments?post=48219"}],"version-history":[{"count":1,"href":"https:\/\/veganova.eu\/da\/wp-json\/wp\/v2\/product\/48219\/revisions"}],"predecessor-version":[{"id":59399,"href":"https:\/\/veganova.eu\/da\/wp-json\/wp\/v2\/product\/48219\/revisions\/59399"}],"wp:featuredmedia":[{"embeddable":true,"href":"https:\/\/veganova.eu\/da\/wp-json\/wp\/v2\/media\/52016"}],"wp:attachment":[{"href":"https:\/\/veganova.eu\/da\/wp-json\/wp\/v2\/media?parent=48219"}],"wp:term":[{"taxonomy":"pwb-brand","embeddable":true,"href":"https:\/\/veganova.eu\/da\/wp-json\/wp\/v2\/pwb-brand?post=48219"},{"taxonomy":"product_brand","embeddable":true,"href":"https:\/\/veganova.eu\/da\/wp-json\/wp\/v2\/product_brand?post=48219"},{"taxonomy":"product_cat","embeddable":true,"href":"https:\/\/veganova.eu\/da\/wp-json\/wp\/v2\/product_cat?post=48219"},{"taxonomy":"product_tag","embeddable":true,"href":"https:\/\/veganova.eu\/da\/wp-json\/wp\/v2\/product_tag?post=48219"}],"curies":[{"name":"wp","href":"https:\/\/api.w.org\/{rel}","templated":true}]}}