{"id":5130,"date":"2023-10-01T17:08:52","date_gmt":"2023-10-01T15:08:52","guid":{"rendered":"https:\/\/veganova.eu\/?post_type=product&#038;p=5130"},"modified":"2026-04-26T02:21:34","modified_gmt":"2026-04-26T00:21:34","slug":"doctors-best-pure-l-arginine-powder-300-grams","status":"publish","type":"product","link":"https:\/\/veganova.eu\/da\/shop\/doctors-best-pure-l-arginine-powder-300-grams\/","title":{"rendered":"Doctor's Best Pure L-Arginine Powder (300 g)"},"content":{"rendered":"<h3>Doctor's Best Pure L-Arginine Powder<\/h3>\n<ul>\n<li>Doctor's Best L-Arginine Powder hj\u00e6lper med at st\u00f8tte atletisk udholdenhed og hj\u00e6lper med at \u00f8ge produktionen af nitrogenoxid.<\/li>\n<li>L-Arginin er en vigtig forl\u00f8ber for kreatin, som er med til at give energi til alle celler i kroppen.<\/li>\n<li>L-Arginin hj\u00e6lper ogs\u00e5 med at regulere blodtrykket, hj\u00e6lper med at forbedre hjerte-kar-sundheden, hj\u00e6lper med at st\u00f8tte et sundt immunsystem, hj\u00e6lper med at forbedre blodsukkerreguleringen og hj\u00e6lper med at fremme hjernens sundhed.<\/li>\n<li>Denne Doctor's Best-artikel indeholder ingen tilsatte farver, smagsstoffer, fyldstoffer, tils\u00e6tningsstoffer eller un\u00f8dvendige ingredienser.<\/li>\n<li>Glutenfri, Non GMO, Vegansk, Vegetarisk<\/li>\n<\/ul>","protected":false},"excerpt":{"rendered":"<p>Det veganske kosttilskud Doctor's Best Pure L-Arginine Powder er velegnet til energiproduktion, immunitetsst\u00f8tte, blodcirkulation og afbalancerede blodsukkerniveauer. Pakken indeholder: 300 gram (pulver). Glutenfri, GMO-fri.<\/p>","protected":false},"featured_media":51757,"comment_status":"closed","ping_status":"closed","template":"","meta":{"advanced_seo_description":"","jetpack_seo_html_title":"","jetpack_seo_noindex":false},"pwb-brand":[147],"product_brand":[4565],"product_cat":[174,132],"product_tag":[1241,1157,860,1117,1094,1199],"class_list":{"0":"post-5130","1":"product","2":"type-product","3":"status-publish","4":"has-post-thumbnail","6":"pwb-brand-doctors-best","7":"product_brand-doctors-best","8":"product_cat-amino-acids","9":"product_cat-sports-nutrition","10":"product_tag-cardiovascular-system","11":"product_tag-circulation","12":"product_tag-energy","13":"product_tag-immunity","14":"product_tag-metabolism","15":"product_tag-muscless","16":"brand_woo-doctors-best","18":"first","19":"instock","20":"taxable","21":"shipping-taxable","22":"purchasable","23":"product-type-simple"},"jetpack_sharing_enabled":true,"brands":[{"id":147,"name":"Doctor's Best","slug":"doctors-best"}],"_links":{"self":[{"href":"https:\/\/veganova.eu\/da\/wp-json\/wp\/v2\/product\/5130","targetHints":{"allow":["GET"]}}],"collection":[{"href":"https:\/\/veganova.eu\/da\/wp-json\/wp\/v2\/product"}],"about":[{"href":"https:\/\/veganova.eu\/da\/wp-json\/wp\/v2\/types\/product"}],"replies":[{"embeddable":true,"href":"https:\/\/veganova.eu\/da\/wp-json\/wp\/v2\/comments?post=5130"}],"version-history":[{"count":1,"href":"https:\/\/veganova.eu\/da\/wp-json\/wp\/v2\/product\/5130\/revisions"}],"predecessor-version":[{"id":58243,"href":"https:\/\/veganova.eu\/da\/wp-json\/wp\/v2\/product\/5130\/revisions\/58243"}],"wp:featuredmedia":[{"embeddable":true,"href":"https:\/\/veganova.eu\/da\/wp-json\/wp\/v2\/media\/51757"}],"wp:attachment":[{"href":"https:\/\/veganova.eu\/da\/wp-json\/wp\/v2\/media?parent=5130"}],"wp:term":[{"taxonomy":"pwb-brand","embeddable":true,"href":"https:\/\/veganova.eu\/da\/wp-json\/wp\/v2\/pwb-brand?post=5130"},{"taxonomy":"product_brand","embeddable":true,"href":"https:\/\/veganova.eu\/da\/wp-json\/wp\/v2\/product_brand?post=5130"},{"taxonomy":"product_cat","embeddable":true,"href":"https:\/\/veganova.eu\/da\/wp-json\/wp\/v2\/product_cat?post=5130"},{"taxonomy":"product_tag","embeddable":true,"href":"https:\/\/veganova.eu\/da\/wp-json\/wp\/v2\/product_tag?post=5130"}],"curies":[{"name":"wp","href":"https:\/\/api.w.org\/{rel}","templated":true}]}}