{"id":5222,"date":"2023-10-01T17:09:34","date_gmt":"2023-10-01T15:09:34","guid":{"rendered":"https:\/\/veganova.eu\/?post_type=product&#038;p=5222"},"modified":"2026-04-21T07:24:41","modified_gmt":"2026-04-21T05:24:41","slug":"now-foods-nac-1000mg-120-tab","status":"publish","type":"product","link":"https:\/\/veganova.eu\/da\/shop\/now-foods-nac-1000mg-120-tab\/","title":{"rendered":"NOW Foods NAC, 1000 mg (120 tab)"},"content":{"rendered":"<h3>NOW Foods NAC<\/h3>\n<ul>\n<li>Opretholder cellernes sundhed<\/li>\n<li>Immunsystemets normale funktion<\/li>\n<li>N-acetylcystein (NAC) er en stabil form af den ikke-essentielle aminosyre L-cystein.<\/li>\n<li>Det er en svovlholdig aminosyre, der fungerer som en stabilisator for dannelsen af proteinstrukturer og underst\u00f8tter dannelsen af glutathion.<\/li>\n<li>Glutathion er en kraftig opsamler af frie radikaler, som ogs\u00e5 hj\u00e6lper med at opretholde et normalt og afbalanceret immunsystem.<\/li>\n<li>Desuden kan NAC hj\u00e6lpe med at st\u00f8tte en sund hjerne og neuronalt v\u00e6v.<\/li>\n<\/ul>","protected":false},"excerpt":{"rendered":"<p>Vegansk kosttilskud NOW Foods NAC, 1000 mg, pakken indeholder: 120 tabletter. Glutenfri, GMO-fri.<\/p>","protected":false},"featured_media":51616,"comment_status":"closed","ping_status":"closed","template":"","meta":{"advanced_seo_description":"","jetpack_seo_html_title":"","jetpack_seo_noindex":false},"pwb-brand":[173],"product_brand":[4580],"product_cat":[174,132],"product_tag":[1093,1273,1117],"class_list":{"0":"post-5222","1":"product","2":"type-product","3":"status-publish","4":"has-post-thumbnail","6":"pwb-brand-now-foods","7":"product_brand-now-foods","8":"product_cat-amino-acids","9":"product_cat-sports-nutrition","10":"product_tag-antioxidant","11":"product_tag-healthy-brain","12":"product_tag-immunity","13":"brand_woo-now-foods","15":"first","16":"outofstock","17":"taxable","18":"shipping-taxable","19":"purchasable","20":"product-type-simple"},"jetpack_sharing_enabled":true,"brands":[{"id":173,"name":"NOW Foods","slug":"now-foods"}],"_links":{"self":[{"href":"https:\/\/veganova.eu\/da\/wp-json\/wp\/v2\/product\/5222","targetHints":{"allow":["GET"]}}],"collection":[{"href":"https:\/\/veganova.eu\/da\/wp-json\/wp\/v2\/product"}],"about":[{"href":"https:\/\/veganova.eu\/da\/wp-json\/wp\/v2\/types\/product"}],"replies":[{"embeddable":true,"href":"https:\/\/veganova.eu\/da\/wp-json\/wp\/v2\/comments?post=5222"}],"version-history":[{"count":1,"href":"https:\/\/veganova.eu\/da\/wp-json\/wp\/v2\/product\/5222\/revisions"}],"predecessor-version":[{"id":58329,"href":"https:\/\/veganova.eu\/da\/wp-json\/wp\/v2\/product\/5222\/revisions\/58329"}],"wp:featuredmedia":[{"embeddable":true,"href":"https:\/\/veganova.eu\/da\/wp-json\/wp\/v2\/media\/51616"}],"wp:attachment":[{"href":"https:\/\/veganova.eu\/da\/wp-json\/wp\/v2\/media?parent=5222"}],"wp:term":[{"taxonomy":"pwb-brand","embeddable":true,"href":"https:\/\/veganova.eu\/da\/wp-json\/wp\/v2\/pwb-brand?post=5222"},{"taxonomy":"product_brand","embeddable":true,"href":"https:\/\/veganova.eu\/da\/wp-json\/wp\/v2\/product_brand?post=5222"},{"taxonomy":"product_cat","embeddable":true,"href":"https:\/\/veganova.eu\/da\/wp-json\/wp\/v2\/product_cat?post=5222"},{"taxonomy":"product_tag","embeddable":true,"href":"https:\/\/veganova.eu\/da\/wp-json\/wp\/v2\/product_tag?post=5222"}],"curies":[{"name":"wp","href":"https:\/\/api.w.org\/{rel}","templated":true}]}}