{"id":5245,"date":"2023-10-01T17:09:46","date_gmt":"2023-10-01T15:09:46","guid":{"rendered":"https:\/\/veganova.eu\/?post_type=product&#038;p=5245"},"modified":"2026-04-27T02:22:34","modified_gmt":"2026-04-27T00:22:34","slug":"san-rawfusion-natural-chocolate-931g","status":"publish","type":"product","link":"https:\/\/veganova.eu\/da\/shop\/san-rawfusion-natural-chocolate-931g\/","title":{"rendered":"SAN RawFusion, naturlig chokolade (931 g)"},"content":{"rendered":"<h3>SAN RawFusion<\/h3>\n<ul>\n<li>En ny generation af plantebaseret protein<\/li>\n<li>Over et \u00e5rs intensiv forskning og udvikling i kold ekstruderingsteknologi har resulteret i en uovertruffen, vegansk-godkendt proteinformel fra SAN.<\/li>\n<li>Ikke alene er RAWFUSION en non-GMO Project Verified, helt naturlig og allergenfri plantebaseret proteinkilde, men den indeholder ogs\u00e5 hele 21 gram af vores eget biofermenterede protein pr. portion - hvilket g\u00f8r den perfekt til alle.<\/li>\n<li>RAWFUSIONs eksklusive blanding af \u00e6rteproteinisolat, spiret brunt risproteinkoncentrat, artiskokproteinkoncentrat og EFA-rig solsikkeoliematrix giver denne propriet\u00e6re formel, der er ideel til veganere og et fornuftigt valg med h\u00f8jt proteinindhold ogs\u00e5 for ikke-veganere.<\/li>\n<li>Med over 4,5 gram BCAA pr. portion kan RAWFUSIONs aminosyreprofil faktisk m\u00e5le sig med m\u00e6lkeprotein, men uden nogen af ulemperne ved m\u00e6lke- eller animalsk protein.<\/li>\n<\/ul>","protected":false},"excerpt":{"rendered":"<p>Vegansk kosttilskud med vegetabilsk protein og aminosyrer SAN RawFusion er en blanding af \u00e6rter, brune ris, artiskokker og solsikkeolie. Indeholder 21 g protein og 4,5 g BCAA pr. portion. Smag: Naturlig chokolade, pakken indeholder: 931g. Glutenfri, GMO-fri.<\/p>","protected":false},"featured_media":51542,"comment_status":"closed","ping_status":"closed","template":"","meta":{"advanced_seo_description":"","jetpack_seo_html_title":"","jetpack_seo_noindex":false},"pwb-brand":[431],"product_brand":[4740],"product_cat":[132,133],"product_tag":[1445,1378,1443],"class_list":{"0":"post-5245","1":"product","2":"type-product","3":"status-publish","4":"has-post-thumbnail","6":"pwb-brand-san","7":"product_brand-san","8":"product_cat-sports-nutrition","9":"product_cat-vegan-proteins","10":"product_tag-protein-for-men","11":"product_tag-protein-with-amino-acids","12":"product_tag-vegetable-protein","13":"brand_woo-san","15":"first","16":"instock","17":"featured","18":"taxable","19":"shipping-taxable","20":"purchasable","21":"product-type-simple"},"jetpack_sharing_enabled":true,"brands":[{"id":431,"name":"SAN","slug":"san"}],"_links":{"self":[{"href":"https:\/\/veganova.eu\/da\/wp-json\/wp\/v2\/product\/5245","targetHints":{"allow":["GET"]}}],"collection":[{"href":"https:\/\/veganova.eu\/da\/wp-json\/wp\/v2\/product"}],"about":[{"href":"https:\/\/veganova.eu\/da\/wp-json\/wp\/v2\/types\/product"}],"replies":[{"embeddable":true,"href":"https:\/\/veganova.eu\/da\/wp-json\/wp\/v2\/comments?post=5245"}],"version-history":[{"count":1,"href":"https:\/\/veganova.eu\/da\/wp-json\/wp\/v2\/product\/5245\/revisions"}],"predecessor-version":[{"id":58349,"href":"https:\/\/veganova.eu\/da\/wp-json\/wp\/v2\/product\/5245\/revisions\/58349"}],"wp:featuredmedia":[{"embeddable":true,"href":"https:\/\/veganova.eu\/da\/wp-json\/wp\/v2\/media\/51542"}],"wp:attachment":[{"href":"https:\/\/veganova.eu\/da\/wp-json\/wp\/v2\/media?parent=5245"}],"wp:term":[{"taxonomy":"pwb-brand","embeddable":true,"href":"https:\/\/veganova.eu\/da\/wp-json\/wp\/v2\/pwb-brand?post=5245"},{"taxonomy":"product_brand","embeddable":true,"href":"https:\/\/veganova.eu\/da\/wp-json\/wp\/v2\/product_brand?post=5245"},{"taxonomy":"product_cat","embeddable":true,"href":"https:\/\/veganova.eu\/da\/wp-json\/wp\/v2\/product_cat?post=5245"},{"taxonomy":"product_tag","embeddable":true,"href":"https:\/\/veganova.eu\/da\/wp-json\/wp\/v2\/product_tag?post=5245"}],"curies":[{"name":"wp","href":"https:\/\/api.w.org\/{rel}","templated":true}]}}