{"id":5455,"date":"2023-10-01T17:11:24","date_gmt":"2023-10-01T15:11:24","guid":{"rendered":"https:\/\/veganova.eu\/?post_type=product&#038;p=5455"},"modified":"2026-04-21T07:24:55","modified_gmt":"2026-04-21T05:24:55","slug":"garden-of-life-beets-gummies-raspberry-60-gummies","status":"publish","type":"product","link":"https:\/\/veganova.eu\/da\/shop\/garden-of-life-beets-gummies-raspberry-60-gummies\/","title":{"rendered":"Garden of Life r\u00f8dbedegummier, hindb\u00e6r - 60 gummier"},"content":{"rendered":"<h3>Garden of Life r\u00f8dbedegummier, hindb\u00e6r - 60 gummier<\/h3>\n<p>Hvem vidste, at denne lille r\u00f8de rodfrugt har s\u00e5 mange imponerende fordele? R\u00f8dbeder er fyldt med vigtige vitaminer, mineraler, polyfenoler og kraftige antioxidanter. De er ogs\u00e5 en af de rigeste kilder til nitrat - en potent forbindelse, som klinisk har vist sig at forbedre blodgennemstr\u00f8mningen og hjertesundheden. Indtagelse af f\u00f8devarer, der er rige p\u00e5 nitrat, som f.eks. r\u00f8dbeder, hj\u00e6lper kroppens produktion af nitrogenoxid. St\u00f8t din krops produktion af nitrogenoxid med vores unikke blanding af koncentrerede r\u00f8dbeder, syrlige kirseb\u00e6r og fuldgyldige vitaminer. Denne kombination af hjerte- og energiunderst\u00f8ttende n\u00e6ringsstoffer tilbydes i en praktisk, l\u00e6kker vingummi med hindb\u00e6rsmag. Beets Gummies er certificeret USDA, Non-GMO Project Verified, NSF-certificeret glutenfri og certificeret vegansk.<\/p>","protected":false},"excerpt":{"rendered":"<p>Garden of Life Beets Gummies er et vegansk kosttilskud med r\u00f8dbedeekstrakt, som giver kroppen vigtige vitaminer, mineraler, polyfenoler og kraftige antioxidanter. Smag: Hindb\u00e6r. Form: gelatine. Indhold i pakken: 60 gelatiner.<\/p>","protected":false},"featured_media":52896,"comment_status":"closed","ping_status":"closed","template":"","meta":{"advanced_seo_description":"","jetpack_seo_html_title":"","jetpack_seo_noindex":false},"pwb-brand":[303],"product_brand":[4625],"product_cat":[149],"product_tag":[1414,1037,1158,1304,1380,1153],"class_list":{"0":"post-5455","1":"product","2":"type-product","3":"status-publish","4":"has-post-thumbnail","6":"pwb-brand-garden-of-life","7":"product_brand-garden-of-life","8":"product_cat-superfoods","9":"product_tag-antioxidants","10":"product_tag-detox","11":"product_tag-heart","12":"product_tag-hematopoiesis","13":"product_tag-oxidative-stress","14":"product_tag-vessels","15":"brand_woo-garden-of-life","17":"first","18":"outofstock","19":"taxable","20":"shipping-taxable","21":"purchasable","22":"product-type-simple"},"jetpack_sharing_enabled":true,"brands":[{"id":303,"name":"Livets have","slug":"garden-of-life"}],"_links":{"self":[{"href":"https:\/\/veganova.eu\/da\/wp-json\/wp\/v2\/product\/5455","targetHints":{"allow":["GET"]}}],"collection":[{"href":"https:\/\/veganova.eu\/da\/wp-json\/wp\/v2\/product"}],"about":[{"href":"https:\/\/veganova.eu\/da\/wp-json\/wp\/v2\/types\/product"}],"replies":[{"embeddable":true,"href":"https:\/\/veganova.eu\/da\/wp-json\/wp\/v2\/comments?post=5455"}],"version-history":[{"count":1,"href":"https:\/\/veganova.eu\/da\/wp-json\/wp\/v2\/product\/5455\/revisions"}],"predecessor-version":[{"id":58522,"href":"https:\/\/veganova.eu\/da\/wp-json\/wp\/v2\/product\/5455\/revisions\/58522"}],"wp:featuredmedia":[{"embeddable":true,"href":"https:\/\/veganova.eu\/da\/wp-json\/wp\/v2\/media\/52896"}],"wp:attachment":[{"href":"https:\/\/veganova.eu\/da\/wp-json\/wp\/v2\/media?parent=5455"}],"wp:term":[{"taxonomy":"pwb-brand","embeddable":true,"href":"https:\/\/veganova.eu\/da\/wp-json\/wp\/v2\/pwb-brand?post=5455"},{"taxonomy":"product_brand","embeddable":true,"href":"https:\/\/veganova.eu\/da\/wp-json\/wp\/v2\/product_brand?post=5455"},{"taxonomy":"product_cat","embeddable":true,"href":"https:\/\/veganova.eu\/da\/wp-json\/wp\/v2\/product_cat?post=5455"},{"taxonomy":"product_tag","embeddable":true,"href":"https:\/\/veganova.eu\/da\/wp-json\/wp\/v2\/product_tag?post=5455"}],"curies":[{"name":"wp","href":"https:\/\/api.w.org\/{rel}","templated":true}]}}