{"id":54551,"date":"2025-05-17T15:59:55","date_gmt":"2025-05-17T13:59:55","guid":{"rendered":"https:\/\/veganova.eu\/?post_type=product&#038;p=54551"},"modified":"2026-04-21T07:26:23","modified_gmt":"2026-04-21T05:26:23","slug":"hr-labs-defib-v3-advanced-pre-workout-catalyst-american-cream-soda-limited-edition-420g","status":"publish","type":"product","link":"https:\/\/veganova.eu\/da\/shop\/hr-labs-defib-v3-advanced-pre-workout-catalyst-american-cream-soda-limited-edition-420g\/","title":{"rendered":"HR Labs Defib V3 &#8211; Advanced Pre Workout Catalyst, American Cream Soda (Limited Edition) &#8211; 420g"},"content":{"rendered":"<h3>HR Labs Defib V3 &#8211; Advanced Pre Workout Catalyst, American Cream Soda (Limited Edition) &#8211; 420g<\/h3>\n<p>Vi stopper ikke. Defib kom med OG, gik op i niveau med V2 og er her for at tage over med V3.<\/p>\n<p>Vi er 'Made for Progress'. To \u00e5r i kosttilskudsbranchen er lang tid. Nye ingrediensinnovationer betyder nye muligheder for at forbedre eksisterende formuleringer p\u00e5 m\u00e5der, som ikke var mulige for bare et par m\u00e5neder siden.<\/p>\n<p>Defib V2 fik vild k\u00e6rlighed. Den var atletens h\u00f8jtydende, daglige chauff\u00f8r, og den var tusindvis af menneskers foretrukne pre workout. Er du ked af at se den forsvinde? Det skal du ikke v\u00e6re. Med V3 greb vi muligheden for at forbedre den, og det gjorde vi.<\/p>\n<p>Defib V3: Saiyankraft, ekstrem energi, laserfokus, nul nedbrud og doseret til perfektion!<\/p>\n<p>Defib V3 giver den gas, ingen tvivl om det. Helt klart en af de mest komplette daglige chauff\u00f8rer p\u00e5 markedet, og vi vil nu kalde den DEN bedst smagende. Det er helt sikkert et dristigt udsagn, men vi f\u00f8ler, at det er helt berettiget. Vi har taget en mangefacetteret, synergistisk tilgang til pre-workout-g\u00e5den og kn\u00e6kket koden!<\/p>\n<p>Pre workout-kategorien er et minefelt. Tankel\u00f8se, for\u00e6ldede formuleringer og billige underdoserede, ineffektive produkter optager alt for meget hyldeplads. Bland det med lyssky pre's fra det sorte marked, der er lige s\u00e5 lovlige, som de er gennemsigtige, og det er ikke underligt, at folk ikke ved, hvad de skal bruge.<\/p>\n<p>Men heldigvis er tendenserne ved at \u00e6ndre sig! Forbrugerne bliver mere veluddannede og holder med rette brands op p\u00e5 en h\u00f8jere standard. Et voksende antal brands g\u00f8r tingene rigtigt og g\u00f8r det godt, og vi er en af dem. Defib V3 er designet af folk, der tr\u00e6ner, til folk, der tr\u00e6ner. Vi formulerer kun produkter, som vi selv er dedikeret til at bruge - vores gevinster er dine gevinster!<\/p>\n<p>Defib V3's forskningsdrevne formel bruger optimale doser af effektive ingredienser, er fuldt gennemsigtig og fyldt til at levere til tiden, hver gang. Lavet til fremskridt!<\/p>","protected":false},"excerpt":{"rendered":"<p>HR Labs Defib V3 &#8211; Advanced Pre Workout Catalyst, American Cream Soda (Limited Edition) &#8211; 420g We don\u2019t stop. Defib brought it with the OG, levelled up with V2 and is here to take over with V3. We are \u2018Made for Progress\u2019. Two years in the supplement industry is a long time. New ingredient innovations [&hellip;]<\/p>\n","protected":false},"featured_media":55874,"comment_status":"closed","ping_status":"closed","template":"","meta":{"advanced_seo_description":"","jetpack_seo_html_title":"","jetpack_seo_noindex":false},"pwb-brand":[2181],"product_brand":[4952],"product_cat":[203,132],"product_tag":[],"class_list":{"0":"post-54551","1":"product","2":"type-product","3":"status-publish","4":"has-post-thumbnail","6":"pwb-brand-hr-labs","7":"product_brand-hr-labs","8":"product_cat-pre-workout","9":"product_cat-sports-nutrition","10":"brand_woo-hr-labs","12":"first","13":"outofstock","14":"taxable","15":"shipping-taxable","16":"purchasable","17":"product-type-simple"},"jetpack_sharing_enabled":true,"brands":[{"id":2181,"name":"HR Labs","slug":"hr-labs"}],"_links":{"self":[{"href":"https:\/\/veganova.eu\/da\/wp-json\/wp\/v2\/product\/54551","targetHints":{"allow":["GET"]}}],"collection":[{"href":"https:\/\/veganova.eu\/da\/wp-json\/wp\/v2\/product"}],"about":[{"href":"https:\/\/veganova.eu\/da\/wp-json\/wp\/v2\/types\/product"}],"replies":[{"embeddable":true,"href":"https:\/\/veganova.eu\/da\/wp-json\/wp\/v2\/comments?post=54551"}],"version-history":[{"count":3,"href":"https:\/\/veganova.eu\/da\/wp-json\/wp\/v2\/product\/54551\/revisions"}],"predecessor-version":[{"id":59540,"href":"https:\/\/veganova.eu\/da\/wp-json\/wp\/v2\/product\/54551\/revisions\/59540"}],"wp:featuredmedia":[{"embeddable":true,"href":"https:\/\/veganova.eu\/da\/wp-json\/wp\/v2\/media\/55874"}],"wp:attachment":[{"href":"https:\/\/veganova.eu\/da\/wp-json\/wp\/v2\/media?parent=54551"}],"wp:term":[{"taxonomy":"pwb-brand","embeddable":true,"href":"https:\/\/veganova.eu\/da\/wp-json\/wp\/v2\/pwb-brand?post=54551"},{"taxonomy":"product_brand","embeddable":true,"href":"https:\/\/veganova.eu\/da\/wp-json\/wp\/v2\/product_brand?post=54551"},{"taxonomy":"product_cat","embeddable":true,"href":"https:\/\/veganova.eu\/da\/wp-json\/wp\/v2\/product_cat?post=54551"},{"taxonomy":"product_tag","embeddable":true,"href":"https:\/\/veganova.eu\/da\/wp-json\/wp\/v2\/product_tag?post=54551"}],"curies":[{"name":"wp","href":"https:\/\/api.w.org\/{rel}","templated":true}]}}