{"id":54597,"date":"2025-05-17T16:00:07","date_gmt":"2025-05-17T14:00:07","guid":{"rendered":"https:\/\/veganova.eu\/?post_type=product&#038;p=54597"},"modified":"2026-04-21T07:26:25","modified_gmt":"2026-04-21T05:26:25","slug":"applied-nutrition-endurance-energy-lemon-lime-1500g-2","status":"publish","type":"product","link":"https:\/\/veganova.eu\/da\/shop\/applied-nutrition-endurance-energy-lemon-lime-1500g-2\/","title":{"rendered":"Applied Nutrition Endurance Energy, Citron &amp; Lime - 1500g"},"content":{"rendered":"<h3>Applied Nutrition Endurance Energy, Citron &amp; Lime - 1500g<\/h3>\n<p>Udholdenhedshastighed - br\u00e6ndstofenergi<br \/>\nKulhydrat- og elektrolyt-energipulver 1,5 kg<br \/>\n30 PORTIONER | 48 G KULHYDRATER | 300 MG ELEKTROLYTTER<\/p>\n<p>Endurance Velocity-Fuel Energy-pulver er designet som en letford\u00f8jelig og hurtig energiforsyning, der leverer 48 g hurtigt optagelige kulhydrater med tilf\u00f8jelse af 300 mg elektrolytter pr. portion.<\/p>\n<p>Endurance Velocity-Fuel Energy-pulver kan blandes i forskellige koncentrationer, s\u00e5 det passer til dine behov, og kan indtages som en del af en kulhydratplan i dagene og timerne f\u00f8r og under din tr\u00e6ning eller begivenhed.<\/p>\n<p>N\u00d8GLEFORDELE<\/p>\n<p>Informed-Sport Batch testet for atleter<br \/>\nBr\u00e6ndstof til tr\u00e6ning og perfekt til carb-loading-planer<br \/>\nPerfekt til cyklister, l\u00f8bere og alle former for udholdenhedstr\u00e6ning<br \/>\nHurtigt optagelige, letopl\u00f8selige kulhydrater<br \/>\nVelegnet til veganere, vegetarer, ikke-GMO og glutenfri<br \/>\nHalal-certificeret produkt<\/p>","protected":false},"excerpt":{"rendered":"<p>Applied Nutrition Endurance Energy, Lemon &#038; Lime &#8211; 1500g. Endurance Velocity-Fuel Energy Carb &#038; Electrolyte Energy Powder 1.5kg 30 SERVINGS | 48G CARBS | 300MG ELECTROLYTES  Endurance Velocity-Fuel Energy powder is designed as an easily digestible and quick supply of energy, delivering 48g of fast-absorbing carbohydrates with the addition of 300mg of electrolytes per serving. Endurance Velocity-Fuel Energy powder can be mixed at various concentrations to suit your requirements and can be consumed as part of a carbohydrate loading plan in the days and hours prior to and during your training or event.<\/p>","protected":false},"featured_media":55527,"comment_status":"closed","ping_status":"closed","template":"","meta":{"advanced_seo_description":"","jetpack_seo_html_title":"","jetpack_seo_noindex":false},"pwb-brand":[202],"product_brand":[4592],"product_cat":[203,132],"product_tag":[],"class_list":{"0":"post-54597","1":"product","2":"type-product","3":"status-publish","4":"has-post-thumbnail","6":"pwb-brand-applied-nutrition","7":"product_brand-applied-nutrition","8":"product_cat-pre-workout","9":"product_cat-sports-nutrition","10":"brand_woo-applied-nutrition","12":"first","13":"instock","14":"taxable","15":"shipping-taxable","16":"purchasable","17":"product-type-simple"},"jetpack_sharing_enabled":true,"brands":[{"id":202,"name":"Anvendt ern\u00e6ring","slug":"applied-nutrition"}],"_links":{"self":[{"href":"https:\/\/veganova.eu\/da\/wp-json\/wp\/v2\/product\/54597","targetHints":{"allow":["GET"]}}],"collection":[{"href":"https:\/\/veganova.eu\/da\/wp-json\/wp\/v2\/product"}],"about":[{"href":"https:\/\/veganova.eu\/da\/wp-json\/wp\/v2\/types\/product"}],"replies":[{"embeddable":true,"href":"https:\/\/veganova.eu\/da\/wp-json\/wp\/v2\/comments?post=54597"}],"version-history":[{"count":4,"href":"https:\/\/veganova.eu\/da\/wp-json\/wp\/v2\/product\/54597\/revisions"}],"predecessor-version":[{"id":59562,"href":"https:\/\/veganova.eu\/da\/wp-json\/wp\/v2\/product\/54597\/revisions\/59562"}],"wp:featuredmedia":[{"embeddable":true,"href":"https:\/\/veganova.eu\/da\/wp-json\/wp\/v2\/media\/55527"}],"wp:attachment":[{"href":"https:\/\/veganova.eu\/da\/wp-json\/wp\/v2\/media?parent=54597"}],"wp:term":[{"taxonomy":"pwb-brand","embeddable":true,"href":"https:\/\/veganova.eu\/da\/wp-json\/wp\/v2\/pwb-brand?post=54597"},{"taxonomy":"product_brand","embeddable":true,"href":"https:\/\/veganova.eu\/da\/wp-json\/wp\/v2\/product_brand?post=54597"},{"taxonomy":"product_cat","embeddable":true,"href":"https:\/\/veganova.eu\/da\/wp-json\/wp\/v2\/product_cat?post=54597"},{"taxonomy":"product_tag","embeddable":true,"href":"https:\/\/veganova.eu\/da\/wp-json\/wp\/v2\/product_tag?post=54597"}],"curies":[{"name":"wp","href":"https:\/\/api.w.org\/{rel}","templated":true}]}}