{"id":5475,"date":"2023-10-01T17:11:29","date_gmt":"2023-10-01T15:11:29","guid":{"rendered":"https:\/\/veganova.eu\/?post_type=product&#038;p=5475"},"modified":"2026-04-21T07:24:55","modified_gmt":"2026-04-21T05:24:55","slug":"enzymedica-candidase-42-caps","status":"publish","type":"product","link":"https:\/\/veganova.eu\/da\/shop\/enzymedica-candidase-42-caps\/","title":{"rendered":"Enzymedica Candidase - 42 kapsler"},"content":{"rendered":"<h3>Enzymedica Candidase - 42 kapsler<\/h3>\n<p>Livsstils- og milj\u00f8faktorer kan have stor indflydelse p\u00e5 kroppens evne til at bevare det ideelle niveau af tarmflora. At opretholde en sund tarmflora er afg\u00f8rende for det generelle helbred, da det fornyer kroppens energi og f\u00e5r immun- og ford\u00f8jelsessystemet til at fungere optimalt.<\/p>\n<p>N\u00e5r tarmfloraen er i balance, holdes g\u00e6rniveauerne i skak, og lejlighedsvise gener som ford\u00f8jelsesproblemer, sukkertrang, irritabilitet, tr\u00e6thed og d\u00e5rlig hukommelse kan undg\u00e5s.<\/p>\n<p>Candidase indeholder to enzymblandinger, der underst\u00f8tter kroppens naturlige evne til at opretholde en sund balance i tarmfloraen. Cellulase nedbryder g\u00e6rcellev\u00e6ggen, mens protease ford\u00f8jer de indre proteiner. Denne kombination giver en blid, udrensende effekt uden det voldsomme ubehag, som er almindeligt ved udrensning.<\/p>\n<p>Candidase indeholder Thera-blend-enzymer. Thera-blend er en eksklusiv proces, der kombinerer flere stammer af enzymer, der virker i specifikke pH-niveauer, hvilket resulterer i overlegen ydeevne i kroppen.<\/p>","protected":false},"excerpt":{"rendered":"<p>Vegansk kosttilskud til en sund tarmflora Enzymedica Candidase hj\u00e6lper med at forbedre ford\u00f8jelsen, irritabilitet, trang til s\u00f8de sager, tr\u00e6thed og d\u00e5rlig hukommelse. Fri for GMO. Pakken indeholder: 42 kapsler.<\/p>","protected":false},"featured_media":12114,"comment_status":"closed","ping_status":"closed","template":"","meta":{"advanced_seo_description":"","jetpack_seo_html_title":"","jetpack_seo_noindex":false},"pwb-brand":[467],"product_brand":[4767],"product_cat":[596],"product_tag":[1314,1462],"class_list":{"0":"post-5475","1":"product","2":"type-product","3":"status-publish","4":"has-post-thumbnail","6":"pwb-brand-enzymedica","7":"product_brand-enzymedica","8":"product_cat-digestion","9":"product_tag-candida","10":"product_tag-yeast","11":"brand_woo-enzymedica","13":"first","14":"instock","15":"taxable","16":"shipping-taxable","17":"purchasable","18":"product-type-simple"},"jetpack_sharing_enabled":true,"brands":[{"id":467,"name":"Enzymedica","slug":"enzymedica"}],"_links":{"self":[{"href":"https:\/\/veganova.eu\/da\/wp-json\/wp\/v2\/product\/5475","targetHints":{"allow":["GET"]}}],"collection":[{"href":"https:\/\/veganova.eu\/da\/wp-json\/wp\/v2\/product"}],"about":[{"href":"https:\/\/veganova.eu\/da\/wp-json\/wp\/v2\/types\/product"}],"replies":[{"embeddable":true,"href":"https:\/\/veganova.eu\/da\/wp-json\/wp\/v2\/comments?post=5475"}],"version-history":[{"count":1,"href":"https:\/\/veganova.eu\/da\/wp-json\/wp\/v2\/product\/5475\/revisions"}],"predecessor-version":[{"id":58530,"href":"https:\/\/veganova.eu\/da\/wp-json\/wp\/v2\/product\/5475\/revisions\/58530"}],"wp:featuredmedia":[{"embeddable":true,"href":"https:\/\/veganova.eu\/da\/wp-json\/wp\/v2\/media\/12114"}],"wp:attachment":[{"href":"https:\/\/veganova.eu\/da\/wp-json\/wp\/v2\/media?parent=5475"}],"wp:term":[{"taxonomy":"pwb-brand","embeddable":true,"href":"https:\/\/veganova.eu\/da\/wp-json\/wp\/v2\/pwb-brand?post=5475"},{"taxonomy":"product_brand","embeddable":true,"href":"https:\/\/veganova.eu\/da\/wp-json\/wp\/v2\/product_brand?post=5475"},{"taxonomy":"product_cat","embeddable":true,"href":"https:\/\/veganova.eu\/da\/wp-json\/wp\/v2\/product_cat?post=5475"},{"taxonomy":"product_tag","embeddable":true,"href":"https:\/\/veganova.eu\/da\/wp-json\/wp\/v2\/product_tag?post=5475"}],"curies":[{"name":"wp","href":"https:\/\/api.w.org\/{rel}","templated":true}]}}