{"id":55321,"date":"2025-05-17T16:01:53","date_gmt":"2025-05-17T14:01:53","guid":{"rendered":"https:\/\/veganova.eu\/?post_type=product&#038;p=55321"},"modified":"2026-04-21T07:26:54","modified_gmt":"2026-04-21T05:26:54","slug":"trained-by-jp-vegan-protein-chocolate-pistachio-2000g","status":"publish","type":"product","link":"https:\/\/veganova.eu\/da\/shop\/trained-by-jp-vegan-protein-chocolate-pistachio-2000g\/","title":{"rendered":"Trained by JP Vegan Protein, Chocolate Pistachio &#8211; 2000g"},"content":{"rendered":"<h3>Trained by JP Vegan Protein, Chocolate Pistachio &#8211; 2000g<\/h3>\n<p>Our plant based protein is perfect for 3 scenarios:<\/p>\n<p>Dem, der er veganere<br \/>\nPersoner med intolerance over for laktose<br \/>\nDem, der ofte har brug for at skifte proteinpulver, s\u00e5 kroppen f\u00e5r en pause fra at indtage for meget valle.<br \/>\nOverforbrug af en bestemt f\u00f8devaretype eller proteinkilde kan ofte resultere i intolerans, og derfor er vores plantebaserede protein et perfekt valg til at begr\u00e6nse forekomsten af dette.<\/p>\n<p>Vi har inkluderet en vegansk multivitaminblanding i proteinet, hvilket g\u00f8r produktet til et perfekt, selvst\u00e6ndigt tilskud for at undg\u00e5 eventuelle mangler i b\u00e5de vitamin- og mineralindtag.<\/p>","protected":false},"excerpt":{"rendered":"<p>Trained by JP Vegan Protein, Chocolate Pistachio &#8211; 2000g. Our plant based protein is perfect for 3 scenarios:  Those who are Vegan Those with intolerances to lactose Those who often need to rotate their protein powder choice, giving their body a break from consuming too much whey. Over consumption of any one food type, or protein source, often can result in intolerances, therefore our plant based protein , is a perfect choice to limit that occurrence.<\/p>","protected":false},"featured_media":55544,"comment_status":"closed","ping_status":"closed","template":"","meta":{"advanced_seo_description":"","jetpack_seo_html_title":"","jetpack_seo_noindex":false},"pwb-brand":[2217],"product_brand":[4954],"product_cat":[132,133],"product_tag":[],"class_list":{"0":"post-55321","1":"product","2":"type-product","3":"status-publish","4":"has-post-thumbnail","6":"pwb-brand-trained-by-jp","7":"product_brand-trained-by-jp","8":"product_cat-sports-nutrition","9":"product_cat-vegan-proteins","10":"brand_woo-trained-by-jp","12":"first","13":"outofstock","14":"taxable","15":"shipping-taxable","16":"purchasable","17":"product-type-simple"},"jetpack_sharing_enabled":true,"brands":[{"id":2217,"name":"Tr\u00e6net af JP","slug":"trained-by-jp"}],"_links":{"self":[{"href":"https:\/\/veganova.eu\/da\/wp-json\/wp\/v2\/product\/55321","targetHints":{"allow":["GET"]}}],"collection":[{"href":"https:\/\/veganova.eu\/da\/wp-json\/wp\/v2\/product"}],"about":[{"href":"https:\/\/veganova.eu\/da\/wp-json\/wp\/v2\/types\/product"}],"replies":[{"embeddable":true,"href":"https:\/\/veganova.eu\/da\/wp-json\/wp\/v2\/comments?post=55321"}],"version-history":[{"count":4,"href":"https:\/\/veganova.eu\/da\/wp-json\/wp\/v2\/product\/55321\/revisions"}],"predecessor-version":[{"id":59894,"href":"https:\/\/veganova.eu\/da\/wp-json\/wp\/v2\/product\/55321\/revisions\/59894"}],"wp:featuredmedia":[{"embeddable":true,"href":"https:\/\/veganova.eu\/da\/wp-json\/wp\/v2\/media\/55544"}],"wp:attachment":[{"href":"https:\/\/veganova.eu\/da\/wp-json\/wp\/v2\/media?parent=55321"}],"wp:term":[{"taxonomy":"pwb-brand","embeddable":true,"href":"https:\/\/veganova.eu\/da\/wp-json\/wp\/v2\/pwb-brand?post=55321"},{"taxonomy":"product_brand","embeddable":true,"href":"https:\/\/veganova.eu\/da\/wp-json\/wp\/v2\/product_brand?post=55321"},{"taxonomy":"product_cat","embeddable":true,"href":"https:\/\/veganova.eu\/da\/wp-json\/wp\/v2\/product_cat?post=55321"},{"taxonomy":"product_tag","embeddable":true,"href":"https:\/\/veganova.eu\/da\/wp-json\/wp\/v2\/product_tag?post=55321"}],"curies":[{"name":"wp","href":"https:\/\/api.w.org\/{rel}","templated":true}]}}