{"id":5618,"date":"2023-10-01T17:11:35","date_gmt":"2023-10-01T15:11:35","guid":{"rendered":"https:\/\/veganova.eu\/?post_type=product&#038;p=5618"},"modified":"2026-04-26T02:21:35","modified_gmt":"2026-04-26T00:21:35","slug":"garden-of-life-mykind-organics-elderberry-real-fruit-120-vegan-gummy-drops","status":"publish","type":"product","link":"https:\/\/veganova.eu\/da\/shop\/garden-of-life-mykind-organics-elderberry-real-fruit-120-vegan-gummy-drops\/","title":{"rendered":"Garden of Life Mykind Organics Elderberry, \u00e6gte frugt - 120 veganske vingummidr\u00e5ber"},"content":{"rendered":"<h3>Garden of Life Mykind Organics Elderberry, \u00e6gte frugt - 120 veganske vingummidr\u00e5ber<\/h3>\n<p>Vores mykind Elderberry Gummies er specielt udviklet til at underst\u00f8tte immunforsvarets sundhed og indeholder C-vitamin og zink samt sort hyldeb\u00e6r og echinacea.<\/p>\n<p>Vores Elderberry Gummies er certificerede og Non-GMO Project Verified, hvilket betyder, at de er dyrket uden brug af pesticider, herbicider eller fungicider. 100% er veganervenlige, de er kun lavet af \u00e6gte frugt og indeholder ingen animalsk gelatine eller raffineret sukker.<\/p>\n<p>Vigtige fordele<\/p>\n<p>Giver C-vitamin og zink, som bidrager til immunsystemets normale funktion<br \/>\nLavet med \u00e6gte frugt - ingen animalsk gelatine og intet raffineret sukker<\/p>\n<p>Detaljer om kosten<\/p>\n<p>M\u00e6lkefri<br \/>\nFri for soja<br \/>\nVegetarisk<br \/>\nVegansk<br \/>\nKosher<br \/>\nGlutenfri<\/p>","protected":false},"excerpt":{"rendered":"<p>Kosttilskud, der indeholder Garden of Life Mykind Organics Elderberry real Fruit base i den mest \u00e6gte og rene form. Vegansk. Indhold i pakken: 120 veganske gelatiner.<\/p>","protected":false},"featured_media":52862,"comment_status":"closed","ping_status":"closed","template":"","meta":{"advanced_seo_description":"","jetpack_seo_html_title":"","jetpack_seo_noindex":false},"pwb-brand":[303],"product_brand":[4625],"product_cat":[149],"product_tag":[1117],"class_list":{"0":"post-5618","1":"product","2":"type-product","3":"status-publish","4":"has-post-thumbnail","6":"pwb-brand-garden-of-life","7":"product_brand-garden-of-life","8":"product_cat-superfoods","9":"product_tag-immunity","10":"brand_woo-garden-of-life","12":"first","13":"instock","14":"taxable","15":"shipping-taxable","16":"purchasable","17":"product-type-simple"},"jetpack_sharing_enabled":true,"brands":[{"id":303,"name":"Livets have","slug":"garden-of-life"}],"_links":{"self":[{"href":"https:\/\/veganova.eu\/da\/wp-json\/wp\/v2\/product\/5618","targetHints":{"allow":["GET"]}}],"collection":[{"href":"https:\/\/veganova.eu\/da\/wp-json\/wp\/v2\/product"}],"about":[{"href":"https:\/\/veganova.eu\/da\/wp-json\/wp\/v2\/types\/product"}],"replies":[{"embeddable":true,"href":"https:\/\/veganova.eu\/da\/wp-json\/wp\/v2\/comments?post=5618"}],"version-history":[{"count":1,"href":"https:\/\/veganova.eu\/da\/wp-json\/wp\/v2\/product\/5618\/revisions"}],"predecessor-version":[{"id":58542,"href":"https:\/\/veganova.eu\/da\/wp-json\/wp\/v2\/product\/5618\/revisions\/58542"}],"wp:featuredmedia":[{"embeddable":true,"href":"https:\/\/veganova.eu\/da\/wp-json\/wp\/v2\/media\/52862"}],"wp:attachment":[{"href":"https:\/\/veganova.eu\/da\/wp-json\/wp\/v2\/media?parent=5618"}],"wp:term":[{"taxonomy":"pwb-brand","embeddable":true,"href":"https:\/\/veganova.eu\/da\/wp-json\/wp\/v2\/pwb-brand?post=5618"},{"taxonomy":"product_brand","embeddable":true,"href":"https:\/\/veganova.eu\/da\/wp-json\/wp\/v2\/product_brand?post=5618"},{"taxonomy":"product_cat","embeddable":true,"href":"https:\/\/veganova.eu\/da\/wp-json\/wp\/v2\/product_cat?post=5618"},{"taxonomy":"product_tag","embeddable":true,"href":"https:\/\/veganova.eu\/da\/wp-json\/wp\/v2\/product_tag?post=5618"}],"curies":[{"name":"wp","href":"https:\/\/api.w.org\/{rel}","templated":true}]}}