{"id":5755,"date":"2023-10-01T17:11:45","date_gmt":"2023-10-01T15:11:45","guid":{"rendered":"https:\/\/veganova.eu\/?post_type=product&#038;p=5755"},"modified":"2026-04-21T07:24:57","modified_gmt":"2026-04-21T05:24:57","slug":"naughty-boy-summer-vibes-amino-eaa-summer-fruits-345g","status":"publish","type":"product","link":"https:\/\/veganova.eu\/da\/shop\/naughty-boy-summer-vibes-amino-eaa-summer-fruits-345g\/","title":{"rendered":"Naughty Boy Summer Vibes - Amino EAA, sommerfrugter - 345g"},"content":{"rendered":"<h3>Naughty Boy Summer Vibes - Amino EAA, sommerfrugter - 345g<\/h3>\n<p>SUMMER VIBES AMINO EAA - 30 PORTIONER<\/p>\n<p>AMINO EAA er formuleret med 8,5 gram veganske fermenterede BCAA'er + EAA'er. AMINO EAA hj\u00e6lper med at fremme muskelproteinsyntese, forbedret restitution og \u00f8get tr\u00e6ningsudholdenhed.<\/p>","protected":false},"excerpt":{"rendered":"<p>Veganske aminosyrer Naughty Boy Summer Vibes indeholder 8,5 g BCAA- og EAA-aminosyrer, som er n\u00f8dvendige for muskelregenerering og \u00f8get sportspr\u00e6station. Smag: Sommerfrugt. Indhold: 345g.<\/p>","protected":false},"featured_media":52844,"comment_status":"closed","ping_status":"closed","template":"","meta":{"advanced_seo_description":"","jetpack_seo_html_title":"","jetpack_seo_noindex":false},"pwb-brand":[488],"product_brand":[4785],"product_cat":[174,132],"product_tag":[1470,1214],"class_list":{"0":"post-5755","1":"product","2":"type-product","3":"status-publish","4":"has-post-thumbnail","6":"pwb-brand-naughty-boy","7":"product_brand-naughty-boy","8":"product_cat-amino-acids","9":"product_cat-sports-nutrition","10":"product_tag-increasing-sports-performance","11":"product_tag-muscle-regeneration","12":"brand_woo-naughty-boy","14":"first","15":"instock","16":"taxable","17":"shipping-taxable","18":"purchasable","19":"product-type-simple"},"jetpack_sharing_enabled":true,"brands":[{"id":488,"name":"Uartig dreng","slug":"naughty-boy"}],"_links":{"self":[{"href":"https:\/\/veganova.eu\/da\/wp-json\/wp\/v2\/product\/5755","targetHints":{"allow":["GET"]}}],"collection":[{"href":"https:\/\/veganova.eu\/da\/wp-json\/wp\/v2\/product"}],"about":[{"href":"https:\/\/veganova.eu\/da\/wp-json\/wp\/v2\/types\/product"}],"replies":[{"embeddable":true,"href":"https:\/\/veganova.eu\/da\/wp-json\/wp\/v2\/comments?post=5755"}],"version-history":[{"count":1,"href":"https:\/\/veganova.eu\/da\/wp-json\/wp\/v2\/product\/5755\/revisions"}],"predecessor-version":[{"id":58553,"href":"https:\/\/veganova.eu\/da\/wp-json\/wp\/v2\/product\/5755\/revisions\/58553"}],"wp:featuredmedia":[{"embeddable":true,"href":"https:\/\/veganova.eu\/da\/wp-json\/wp\/v2\/media\/52844"}],"wp:attachment":[{"href":"https:\/\/veganova.eu\/da\/wp-json\/wp\/v2\/media?parent=5755"}],"wp:term":[{"taxonomy":"pwb-brand","embeddable":true,"href":"https:\/\/veganova.eu\/da\/wp-json\/wp\/v2\/pwb-brand?post=5755"},{"taxonomy":"product_brand","embeddable":true,"href":"https:\/\/veganova.eu\/da\/wp-json\/wp\/v2\/product_brand?post=5755"},{"taxonomy":"product_cat","embeddable":true,"href":"https:\/\/veganova.eu\/da\/wp-json\/wp\/v2\/product_cat?post=5755"},{"taxonomy":"product_tag","embeddable":true,"href":"https:\/\/veganova.eu\/da\/wp-json\/wp\/v2\/product_tag?post=5755"}],"curies":[{"name":"wp","href":"https:\/\/api.w.org\/{rel}","templated":true}]}}