{"id":8676,"date":"2023-10-01T17:12:07","date_gmt":"2023-10-01T15:12:07","guid":{"rendered":"https:\/\/veganova.eu\/?post_type=product&#038;p=8676"},"modified":"2026-04-21T07:25:03","modified_gmt":"2026-04-21T05:25:03","slug":"applied-nutrition-abe-all-black-everything-baddy-berry-315g","status":"publish","type":"product","link":"https:\/\/veganova.eu\/da\/shop\/applied-nutrition-abe-all-black-everything-baddy-berry-315g\/","title":{"rendered":"Applied Nutrition ABE - All Black Everything, Baddy Berry - 315g"},"content":{"rendered":"<h3>Applied Nutrition ABE - All Black Everything, Baddy Berry - 315g<\/h3>\n<p>ABE Ultimate Pre-Workout indeholder en unik blanding af de mest unders\u00f8gte ergogene hj\u00e6lpemidler og pr\u00e6stationsfremmende ingredienser, der giver dig br\u00e6ndstof til din fysiske pr\u00e6station, reducerer tr\u00e6thed og udmattelse og forbedrer dit fokus under hele tr\u00e6ningspasset.<\/p>","protected":false},"excerpt":{"rendered":"<p>Vegan pre-workout in the form of Applied Nutrition ABE All Black Everything powder will provide energy for training and all the necessary nutrients for sportsmen\/athletes. Flavor: Bady Berry (berry). Package contents: 315g. The best selling product in the UK.<\/p>","protected":false},"featured_media":52813,"comment_status":"closed","ping_status":"closed","template":"","meta":{"advanced_seo_description":"","jetpack_seo_html_title":"","jetpack_seo_noindex":false},"pwb-brand":[202],"product_brand":[4592],"product_cat":[203,132],"product_tag":[860,1456,1455,1181,1207],"class_list":{"0":"post-8676","1":"product","2":"type-product","3":"status-publish","4":"has-post-thumbnail","6":"pwb-brand-applied-nutrition","7":"product_brand-applied-nutrition","8":"product_cat-pre-workout","9":"product_cat-sports-nutrition","10":"product_tag-energy","11":"product_tag-fatigue-reduction","12":"product_tag-interval-training","13":"product_tag-performance","14":"product_tag-strength","15":"brand_woo-applied-nutrition","17":"first","18":"instock","19":"taxable","20":"shipping-taxable","21":"purchasable","22":"product-type-simple"},"jetpack_sharing_enabled":true,"brands":[{"id":202,"name":"Anvendt ern\u00e6ring","slug":"applied-nutrition"}],"_links":{"self":[{"href":"https:\/\/veganova.eu\/da\/wp-json\/wp\/v2\/product\/8676","targetHints":{"allow":["GET"]}}],"collection":[{"href":"https:\/\/veganova.eu\/da\/wp-json\/wp\/v2\/product"}],"about":[{"href":"https:\/\/veganova.eu\/da\/wp-json\/wp\/v2\/types\/product"}],"replies":[{"embeddable":true,"href":"https:\/\/veganova.eu\/da\/wp-json\/wp\/v2\/comments?post=8676"}],"version-history":[{"count":1,"href":"https:\/\/veganova.eu\/da\/wp-json\/wp\/v2\/product\/8676\/revisions"}],"predecessor-version":[{"id":58617,"href":"https:\/\/veganova.eu\/da\/wp-json\/wp\/v2\/product\/8676\/revisions\/58617"}],"wp:featuredmedia":[{"embeddable":true,"href":"https:\/\/veganova.eu\/da\/wp-json\/wp\/v2\/media\/52813"}],"wp:attachment":[{"href":"https:\/\/veganova.eu\/da\/wp-json\/wp\/v2\/media?parent=8676"}],"wp:term":[{"taxonomy":"pwb-brand","embeddable":true,"href":"https:\/\/veganova.eu\/da\/wp-json\/wp\/v2\/pwb-brand?post=8676"},{"taxonomy":"product_brand","embeddable":true,"href":"https:\/\/veganova.eu\/da\/wp-json\/wp\/v2\/product_brand?post=8676"},{"taxonomy":"product_cat","embeddable":true,"href":"https:\/\/veganova.eu\/da\/wp-json\/wp\/v2\/product_cat?post=8676"},{"taxonomy":"product_tag","embeddable":true,"href":"https:\/\/veganova.eu\/da\/wp-json\/wp\/v2\/product_tag?post=8676"}],"curies":[{"name":"wp","href":"https:\/\/api.w.org\/{rel}","templated":true}]}}