{"id":8698,"date":"2023-10-01T17:12:14","date_gmt":"2023-10-01T15:12:14","guid":{"rendered":"https:\/\/veganova.eu\/?post_type=product&#038;p=8698"},"modified":"2026-04-21T07:25:03","modified_gmt":"2026-04-21T05:25:03","slug":"garden-of-life-beauty-beets-gummies-raspberry-60-fruit-gummies","status":"publish","type":"product","link":"https:\/\/veganova.eu\/da\/shop\/garden-of-life-beauty-beets-gummies-raspberry-60-fruit-gummies\/","title":{"rendered":"Garden of Life Beauty Beets Gummies, hindb\u00e6r - 60 frugtgummier"},"content":{"rendered":"<h3>Garden of Life Beauty Beets Gummies, hindb\u00e6r - 60 frugtgummier<\/h3>\n<p>Hvis du er interesseret i ungdommelig hud, sundt h\u00e5r og opbygning af kollagen, s\u00e5 tilf\u00f8j dette velsmagende gummitilskud til din sk\u00f8nhedsrutine - Beets Beauty Gummies!<\/p>\n<p>Fyldt med antioxidanter 1, der underst\u00f8tter hudens sundhed, indeholder disse Organic Beets Beauty Gummies 10 mg \u00f8kologisk bambussilica. De er tilsat C- og B12-vitamin samt biotin for sund hud og h\u00e5r og f\u00e5s i en velsmagende hindb\u00e6rsmag.<\/p>\n<p>Beets Beauty Gummies er certificeret USDA Organic, Non-GMO Project Verified, NSF-certificeret glutenfri og certificeret vegansk.<\/p>\n<p>Vigtige fordele:<\/p>\n<p>Med \u00f8kologisk roekoncentrat og \u00f8kologisk bambussilica i disse velsmagende hindb\u00e6r-sk\u00f8nhedsgummier<br \/>\nIndeholder fuldgyldigt biotin, C-vitamin og B12<br \/>\nUnderst\u00f8tter ungdommelig hud og hudsundhed med biotin 2<br \/>\nFremmer opbygning af kollagen 3<\/p>\n<p>Detaljer om kosten:<\/p>\n<p>\u00d8kologisk<br \/>\nIkke-GMO<br \/>\nVegansk<br \/>\nGlutenfri<br \/>\nFri for soja<\/p>\n<p>1 C-vitamin bidrager til at beskytte cellerne mod oxidativ stress .<\/p>\n<p>2 Biotin bidrager til at vedligeholde normalt h\u00e5r og normal hud.<\/p>\n<p>3 C-vitamin bidrager til normal kollagendannelse for hudens normale funktion<\/p>","protected":false},"excerpt":{"rendered":"<p>Det naturlige sk\u00f8nhedstilskud Garden of Life Beauty Beets Gummies med hindb\u00e6rsmag hj\u00e6lper med at opbygge kollagen til dit h\u00e5r, din hud og dine led. Vegansk, \u00f8kologisk, NON GMO, glutenfri og sojafri. Indhold: 60 vingummier.<\/p>","protected":false},"featured_media":53284,"comment_status":"closed","ping_status":"closed","template":"","meta":{"advanced_seo_description":"","jetpack_seo_html_title":"","jetpack_seo_noindex":false},"pwb-brand":[303],"product_brand":[4625],"product_cat":[688],"product_tag":[599,601,602],"class_list":{"0":"post-8698","1":"product","2":"type-product","3":"status-publish","4":"has-post-thumbnail","6":"pwb-brand-garden-of-life","7":"product_brand-garden-of-life","8":"product_cat-beauty-supplements","9":"product_tag-gluten-free","10":"product_tag-non-gmo","11":"product_tag-vegan","12":"brand_woo-garden-of-life","14":"first","15":"outofstock","16":"sale","17":"taxable","18":"shipping-taxable","19":"purchasable","20":"product-type-simple"},"jetpack_sharing_enabled":true,"brands":[{"id":303,"name":"Livets have","slug":"garden-of-life"}],"_links":{"self":[{"href":"https:\/\/veganova.eu\/da\/wp-json\/wp\/v2\/product\/8698","targetHints":{"allow":["GET"]}}],"collection":[{"href":"https:\/\/veganova.eu\/da\/wp-json\/wp\/v2\/product"}],"about":[{"href":"https:\/\/veganova.eu\/da\/wp-json\/wp\/v2\/types\/product"}],"replies":[{"embeddable":true,"href":"https:\/\/veganova.eu\/da\/wp-json\/wp\/v2\/comments?post=8698"}],"version-history":[{"count":1,"href":"https:\/\/veganova.eu\/da\/wp-json\/wp\/v2\/product\/8698\/revisions"}],"predecessor-version":[{"id":58625,"href":"https:\/\/veganova.eu\/da\/wp-json\/wp\/v2\/product\/8698\/revisions\/58625"}],"wp:featuredmedia":[{"embeddable":true,"href":"https:\/\/veganova.eu\/da\/wp-json\/wp\/v2\/media\/53284"}],"wp:attachment":[{"href":"https:\/\/veganova.eu\/da\/wp-json\/wp\/v2\/media?parent=8698"}],"wp:term":[{"taxonomy":"pwb-brand","embeddable":true,"href":"https:\/\/veganova.eu\/da\/wp-json\/wp\/v2\/pwb-brand?post=8698"},{"taxonomy":"product_brand","embeddable":true,"href":"https:\/\/veganova.eu\/da\/wp-json\/wp\/v2\/product_brand?post=8698"},{"taxonomy":"product_cat","embeddable":true,"href":"https:\/\/veganova.eu\/da\/wp-json\/wp\/v2\/product_cat?post=8698"},{"taxonomy":"product_tag","embeddable":true,"href":"https:\/\/veganova.eu\/da\/wp-json\/wp\/v2\/product_tag?post=8698"}],"curies":[{"name":"wp","href":"https:\/\/api.w.org\/{rel}","templated":true}]}}