{"id":8718,"date":"2023-10-01T17:12:20","date_gmt":"2023-10-01T15:12:20","guid":{"rendered":"https:\/\/veganova.eu\/?post_type=product&#038;p=8718"},"modified":"2026-04-21T07:25:04","modified_gmt":"2026-04-21T05:25:04","slug":"natural-vitality-calm-gummies-raspberry-lemon-60-gummies","status":"publish","type":"product","link":"https:\/\/veganova.eu\/da\/shop\/natural-vitality-calm-gummies-raspberry-lemon-60-gummies\/","title":{"rendered":"Natural Vitality Calm Gummies, hindb\u00e6r og citron - 60 gummier"},"content":{"rendered":"<h3>Natural Vitality Calm Gummies, hindb\u00e6r og citron - 60 gummier<\/h3>\n<p>Vi ELSKER magnesium for dets gavnlige virkning p\u00e5 hum\u00f8ret - og det har vi gjort siden vores f\u00f8rste CALM-lancering i 1982. Men faktum er, at magnesium er afg\u00f8rende for over 300 processer i kroppen, og alligevel f\u00e5r de fleste af os ikke nok af det. S\u00e5 selv om du tager dit magnesium for at f\u00e5 ro, g\u00f8r du ogs\u00e5 meget mere for din samlede sundhed og dit velbefindende.<\/p>\n<p>BALANCERET STEMNING<br \/>\nVores yndlingsfordel ved magnesium er selvf\u00f8lgelig, hvor godt det virker til at underst\u00f8tte et afbalanceret hum\u00f8r og en sund reaktion p\u00e5 stress. Det lindrer ogs\u00e5 sp\u00e6ndinger og hj\u00e6lper dig med at slappe af*.<\/p>\n<p>SOVE<br \/>\nMagnesium kan hj\u00e6lpe med at forberede dit sind og din krop p\u00e5 at slappe af i s\u00f8vnen*.<\/p>\n<p>MUSKELFUNKTION<br \/>\nN\u00e5r vi siger, at magnesium er et vigtigt mineral, s\u00e5 mener vi det. Dine muskler har brug for det for at kunne tr\u00e6kke sig sammen og slappe af. Det betyder, at jo mere aktiv du er, jo mere har du brug for det til at regulere en sund muskelfunktion*.<\/p>\n<p>HJERNENS OG NERVESYSTEMETS FUNKTION<br \/>\nMagnesium beskytter nerveslimhinden og hj\u00e6lper nerverne med at tale sammen. I sidste ende underst\u00f8tter alt dette den overordnede nerve- og hjernefunktion*.<\/p>\n<p>KARDIOVASKUL\u00c6R SUNDHED<br \/>\nEn anden grund til at elske magnesium? Dit hjerte. Ikke alene hj\u00e6lper det med at opretholde et sundt blodtryk, men det er ogs\u00e5 n\u00f8dvendigt for normale hjertesammentr\u00e6kninger*.<\/p>\n<p>KNOGLEDENSITET<br \/>\nHvis du holder dit daglige niveau af magnesium oppe, hj\u00e6lper det dig med at bevare sunde knogler. N\u00e5r du ikke f\u00e5r nok, kan det p\u00e5virke din krops evne til at optage calcium og D-vitamin*.<\/p>","protected":false},"excerpt":{"rendered":"<p>Vegansk kosttilskud Natural Vitality Calm Gummies med magnesium er ideelt til sund s\u00f8vn, godt hum\u00f8r, korrekt funktion af muskler, hjerne, nervesystem, sundt hjerte og st\u00e6rke knogler. Kosttilskud i form af gelatine. Smag: Raspberry Lemon (hindb\u00e6r, citron). Indhold i pakken: 60 gelatiner.<\/p>","protected":false},"featured_media":12305,"comment_status":"closed","ping_status":"closed","template":"","meta":{"advanced_seo_description":"","jetpack_seo_html_title":"","jetpack_seo_noindex":false},"pwb-brand":[422],"product_brand":[4732],"product_cat":[286,143],"product_tag":[1146,1158,1208,1150,1079,1126,1403],"class_list":{"0":"post-8718","1":"product","2":"type-product","3":"status-publish","4":"has-post-thumbnail","6":"pwb-brand-natural-vitality","7":"product_brand-natural-vitality","8":"product_cat-for-a-better-mood","9":"product_cat-health-issues","10":"product_tag-good-mood","11":"product_tag-heart","12":"product_tag-muscles","13":"product_tag-nervous-system","14":"product_tag-relaxation","15":"product_tag-stress","16":"product_tag-well-being","17":"brand_woo-natural-vitality","19":"first","20":"outofstock","21":"sale","22":"taxable","23":"shipping-taxable","24":"purchasable","25":"product-type-simple"},"jetpack_sharing_enabled":true,"brands":[{"id":422,"name":"Naturlig vitalitet","slug":"natural-vitality"}],"_links":{"self":[{"href":"https:\/\/veganova.eu\/da\/wp-json\/wp\/v2\/product\/8718","targetHints":{"allow":["GET"]}}],"collection":[{"href":"https:\/\/veganova.eu\/da\/wp-json\/wp\/v2\/product"}],"about":[{"href":"https:\/\/veganova.eu\/da\/wp-json\/wp\/v2\/types\/product"}],"replies":[{"embeddable":true,"href":"https:\/\/veganova.eu\/da\/wp-json\/wp\/v2\/comments?post=8718"}],"version-history":[{"count":1,"href":"https:\/\/veganova.eu\/da\/wp-json\/wp\/v2\/product\/8718\/revisions"}],"predecessor-version":[{"id":58635,"href":"https:\/\/veganova.eu\/da\/wp-json\/wp\/v2\/product\/8718\/revisions\/58635"}],"wp:featuredmedia":[{"embeddable":true,"href":"https:\/\/veganova.eu\/da\/wp-json\/wp\/v2\/media\/12305"}],"wp:attachment":[{"href":"https:\/\/veganova.eu\/da\/wp-json\/wp\/v2\/media?parent=8718"}],"wp:term":[{"taxonomy":"pwb-brand","embeddable":true,"href":"https:\/\/veganova.eu\/da\/wp-json\/wp\/v2\/pwb-brand?post=8718"},{"taxonomy":"product_brand","embeddable":true,"href":"https:\/\/veganova.eu\/da\/wp-json\/wp\/v2\/product_brand?post=8718"},{"taxonomy":"product_cat","embeddable":true,"href":"https:\/\/veganova.eu\/da\/wp-json\/wp\/v2\/product_cat?post=8718"},{"taxonomy":"product_tag","embeddable":true,"href":"https:\/\/veganova.eu\/da\/wp-json\/wp\/v2\/product_tag?post=8718"}],"curies":[{"name":"wp","href":"https:\/\/api.w.org\/{rel}","templated":true}]}}