{"id":8734,"date":"2023-10-01T17:12:25","date_gmt":"2023-10-01T15:12:25","guid":{"rendered":"https:\/\/veganova.eu\/?post_type=product&#038;p=8734"},"modified":"2026-04-21T07:25:04","modified_gmt":"2026-04-21T05:25:04","slug":"kiki-health-cognitive-60-vcaps","status":"publish","type":"product","link":"https:\/\/veganova.eu\/da\/shop\/kiki-health-cognitive-60-vcaps\/","title":{"rendered":"KIKI Health Kognitiv - 60 vcaps"},"content":{"rendered":"<h3>KIKI Health Kognitiv - 60 vcaps<\/h3>\n<p>Vores team af eksperter har formuleret denne nye blanding af kraftfulde ingredienser, som alle bidrager til at st\u00f8tte hjerne, hukommelse, stress og mental ydeevne.<\/p>\n<p>Hver ingrediens er b\u00e6redygtigt indk\u00f8bt fra leverand\u00f8rer af h\u00f8j kvalitet for at sikre renhed og effektivitet.<\/p>\n<p>Denne nye propriet\u00e6re formel kombinerer nootropika og adaptogener, som underst\u00f8tter den kognitive udvikling.<\/p>\n<p>Ud over jod fra havtang, som underst\u00f8tter kognitive og neurologiske funktioner og er afg\u00f8rende for mental ydeevne og aktivitet, indeholder vores Cognitive-kapsler ogs\u00e5 ekstrakter af h\u00f8j kvalitet fra Brahmi, l\u00f8vemund, cholin, Gotu Kola og Gingko.<\/p>\n<p>Disse ingredienser underst\u00f8tter tilsammen hjernens og den mentale funktion.<\/p>","protected":false},"excerpt":{"rendered":"<p>Det veganske kosttilskud KIKI Health Cognitive indeholder ekstrakt fra Brahmi, l\u00f8vemund, Gotu Kola, cholin og Ginkgo for sunde hjernefunktioner, forbedret hukommelse og overvindelse af st\u00f8rre mental stress. Indhold i pakken: 60 veganske kapsler.<\/p>","protected":false},"featured_media":52780,"comment_status":"closed","ping_status":"closed","template":"","meta":{"advanced_seo_description":"","jetpack_seo_html_title":"","jetpack_seo_noindex":false},"pwb-brand":[166],"product_brand":[4573],"product_cat":[294,143],"product_tag":[1221,1223,1078],"class_list":{"0":"post-8734","1":"product","2":"type-product","3":"status-publish","4":"has-post-thumbnail","6":"pwb-brand-kiki-health","7":"product_brand-kiki-health","8":"product_cat-for-seniors","9":"product_cat-health-issues","10":"product_tag-brain","11":"product_tag-memory","12":"product_tag-psyche","13":"brand_woo-kiki-health","15":"first","16":"instock","17":"taxable","18":"shipping-taxable","19":"purchasable","20":"product-type-simple"},"jetpack_sharing_enabled":true,"brands":[{"id":166,"name":"KIKI Sundhed","slug":"kiki-health"}],"_links":{"self":[{"href":"https:\/\/veganova.eu\/da\/wp-json\/wp\/v2\/product\/8734","targetHints":{"allow":["GET"]}}],"collection":[{"href":"https:\/\/veganova.eu\/da\/wp-json\/wp\/v2\/product"}],"about":[{"href":"https:\/\/veganova.eu\/da\/wp-json\/wp\/v2\/types\/product"}],"replies":[{"embeddable":true,"href":"https:\/\/veganova.eu\/da\/wp-json\/wp\/v2\/comments?post=8734"}],"version-history":[{"count":1,"href":"https:\/\/veganova.eu\/da\/wp-json\/wp\/v2\/product\/8734\/revisions"}],"predecessor-version":[{"id":58642,"href":"https:\/\/veganova.eu\/da\/wp-json\/wp\/v2\/product\/8734\/revisions\/58642"}],"wp:featuredmedia":[{"embeddable":true,"href":"https:\/\/veganova.eu\/da\/wp-json\/wp\/v2\/media\/52780"}],"wp:attachment":[{"href":"https:\/\/veganova.eu\/da\/wp-json\/wp\/v2\/media?parent=8734"}],"wp:term":[{"taxonomy":"pwb-brand","embeddable":true,"href":"https:\/\/veganova.eu\/da\/wp-json\/wp\/v2\/pwb-brand?post=8734"},{"taxonomy":"product_brand","embeddable":true,"href":"https:\/\/veganova.eu\/da\/wp-json\/wp\/v2\/product_brand?post=8734"},{"taxonomy":"product_cat","embeddable":true,"href":"https:\/\/veganova.eu\/da\/wp-json\/wp\/v2\/product_cat?post=8734"},{"taxonomy":"product_tag","embeddable":true,"href":"https:\/\/veganova.eu\/da\/wp-json\/wp\/v2\/product_tag?post=8734"}],"curies":[{"name":"wp","href":"https:\/\/api.w.org\/{rel}","templated":true}]}}