{"id":8772,"date":"2023-10-01T17:12:34","date_gmt":"2023-10-01T15:12:34","guid":{"rendered":"https:\/\/veganova.eu\/?post_type=product&#038;p=8772"},"modified":"2026-04-21T07:25:06","modified_gmt":"2026-04-21T05:25:06","slug":"enzymedica-digest-30-caps","status":"publish","type":"product","link":"https:\/\/veganova.eu\/da\/shop\/enzymedica-digest-30-caps\/","title":{"rendered":"Enzymedica Digest - 30 kapsler"},"content":{"rendered":"<h3>Enzymedica Digest - 30 kapsler<\/h3>\n<p>Enzymer med fuld r\u00e6kkevidde til at nedbryde hverdagens m\u00e5ltider!<br \/>\nDigest Complete indeholder enzymer til at nedbryde 2x mere end Digest Basic.<br \/>\nDenne formel nedbryder effektivt kulhydrater, fedt, fibre og protein - alt det, der typisk findes i dine daglige m\u00e5ltider. Det fremskynder ogs\u00e5 ford\u00f8jelsen og fremmer optagelsen af n\u00e6ringsstoffer. Disse enzymer hj\u00e6lper med at omdanne daglige m\u00e5ltider til energi hele dagen. Vores propriet\u00e6re Thera-blend-enzymer er videnskabeligt formuleret til at give resultater for hele kroppen.<\/p>","protected":false},"excerpt":{"rendered":"<p>Enzymedica Digest Vegan Digestive Enzymes giver kroppen alle de enzymer, der skal til for at reparere din nedsatte ford\u00f8jelse efter en d\u00e5rlig kost, d\u00e5rlig livsstil eller aldersbetinget ford\u00f8jelsesbesv\u00e6r. Den s\u00e6rlige formel af enzymer hj\u00e6lper kroppen med at bearbejde kulhydrater, fedtstoffer, fibre og proteiner korrekt. Indhold i pakken: 30 kapsler.<\/p>","protected":false},"featured_media":12112,"comment_status":"closed","ping_status":"closed","template":"","meta":{"advanced_seo_description":"","jetpack_seo_html_title":"","jetpack_seo_noindex":false},"pwb-brand":[467],"product_brand":[4767],"product_cat":[596],"product_tag":[1190,1191],"class_list":{"0":"post-8772","1":"product","2":"type-product","3":"status-publish","4":"has-post-thumbnail","6":"pwb-brand-enzymedica","7":"product_brand-enzymedica","8":"product_cat-digestion","9":"product_tag-digestive-enzymes","10":"product_tag-digestive-problems","11":"brand_woo-enzymedica","13":"first","14":"instock","15":"sale","16":"taxable","17":"shipping-taxable","18":"purchasable","19":"product-type-simple"},"jetpack_sharing_enabled":true,"brands":[{"id":467,"name":"Enzymedica","slug":"enzymedica"}],"_links":{"self":[{"href":"https:\/\/veganova.eu\/da\/wp-json\/wp\/v2\/product\/8772","targetHints":{"allow":["GET"]}}],"collection":[{"href":"https:\/\/veganova.eu\/da\/wp-json\/wp\/v2\/product"}],"about":[{"href":"https:\/\/veganova.eu\/da\/wp-json\/wp\/v2\/types\/product"}],"replies":[{"embeddable":true,"href":"https:\/\/veganova.eu\/da\/wp-json\/wp\/v2\/comments?post=8772"}],"version-history":[{"count":1,"href":"https:\/\/veganova.eu\/da\/wp-json\/wp\/v2\/product\/8772\/revisions"}],"predecessor-version":[{"id":58660,"href":"https:\/\/veganova.eu\/da\/wp-json\/wp\/v2\/product\/8772\/revisions\/58660"}],"wp:featuredmedia":[{"embeddable":true,"href":"https:\/\/veganova.eu\/da\/wp-json\/wp\/v2\/media\/12112"}],"wp:attachment":[{"href":"https:\/\/veganova.eu\/da\/wp-json\/wp\/v2\/media?parent=8772"}],"wp:term":[{"taxonomy":"pwb-brand","embeddable":true,"href":"https:\/\/veganova.eu\/da\/wp-json\/wp\/v2\/pwb-brand?post=8772"},{"taxonomy":"product_brand","embeddable":true,"href":"https:\/\/veganova.eu\/da\/wp-json\/wp\/v2\/product_brand?post=8772"},{"taxonomy":"product_cat","embeddable":true,"href":"https:\/\/veganova.eu\/da\/wp-json\/wp\/v2\/product_cat?post=8772"},{"taxonomy":"product_tag","embeddable":true,"href":"https:\/\/veganova.eu\/da\/wp-json\/wp\/v2\/product_tag?post=8772"}],"curies":[{"name":"wp","href":"https:\/\/api.w.org\/{rel}","templated":true}]}}