{"id":8778,"date":"2023-10-01T17:12:35","date_gmt":"2023-10-01T15:12:35","guid":{"rendered":"https:\/\/veganova.eu\/?post_type=product&#038;p=8778"},"modified":"2026-05-02T02:27:33","modified_gmt":"2026-05-02T00:27:33","slug":"enzymedica-digest-basic-90-caps","status":"publish","type":"product","link":"https:\/\/veganova.eu\/da\/shop\/enzymedica-digest-basic-90-caps\/","title":{"rendered":"Enzymedica Digest Basic - 90 kapsler"},"content":{"rendered":"<h3>Enzymedica Digest Basic - 90 kapsler<\/h3>\n<p>Sk\u00e5nsom hj\u00e6lp til f\u00f8lsomme maver<br \/>\nNedbryder fedt, fibre, protein og kulhydrater<br \/>\nFremskynder ford\u00f8jelsen<br \/>\n\u00d8ger energien<br \/>\nReducerer lejlighedsvis luft i maven, oppustethed og ford\u00f8jelsesbesv\u00e6r<\/p>","protected":false},"excerpt":{"rendered":"<p>Enzymedica Digest Basic Vegan Digestive Enzymes forsyner kroppen med alle de enzymer, der skal til for at reparere din nedsatte ford\u00f8jelse efter forkert kost, d\u00e5rlig livsstil eller aldersrelateret ford\u00f8jelsesbesv\u00e6r. Den s\u00e6rlige formel af enzymer hj\u00e6lper kroppen med at bearbejde kulhydrater, fedtstoffer, fibre og proteiner korrekt. Indhold i pakken: 90 kapsler.<\/p>","protected":false},"featured_media":12111,"comment_status":"closed","ping_status":"closed","template":"","meta":{"advanced_seo_description":"","jetpack_seo_html_title":"","jetpack_seo_noindex":false},"pwb-brand":[467],"product_brand":[4767],"product_cat":[596],"product_tag":[601,602],"class_list":{"0":"post-8778","1":"product","2":"type-product","3":"status-publish","4":"has-post-thumbnail","6":"pwb-brand-enzymedica","7":"product_brand-enzymedica","8":"product_cat-digestion","9":"product_tag-non-gmo","10":"product_tag-vegan","11":"brand_woo-enzymedica","13":"first","14":"instock","15":"taxable","16":"shipping-taxable","17":"purchasable","18":"product-type-simple"},"jetpack_sharing_enabled":true,"brands":[{"id":467,"name":"Enzymedica","slug":"enzymedica"}],"_links":{"self":[{"href":"https:\/\/veganova.eu\/da\/wp-json\/wp\/v2\/product\/8778","targetHints":{"allow":["GET"]}}],"collection":[{"href":"https:\/\/veganova.eu\/da\/wp-json\/wp\/v2\/product"}],"about":[{"href":"https:\/\/veganova.eu\/da\/wp-json\/wp\/v2\/types\/product"}],"replies":[{"embeddable":true,"href":"https:\/\/veganova.eu\/da\/wp-json\/wp\/v2\/comments?post=8778"}],"version-history":[{"count":1,"href":"https:\/\/veganova.eu\/da\/wp-json\/wp\/v2\/product\/8778\/revisions"}],"predecessor-version":[{"id":58663,"href":"https:\/\/veganova.eu\/da\/wp-json\/wp\/v2\/product\/8778\/revisions\/58663"}],"wp:featuredmedia":[{"embeddable":true,"href":"https:\/\/veganova.eu\/da\/wp-json\/wp\/v2\/media\/12111"}],"wp:attachment":[{"href":"https:\/\/veganova.eu\/da\/wp-json\/wp\/v2\/media?parent=8778"}],"wp:term":[{"taxonomy":"pwb-brand","embeddable":true,"href":"https:\/\/veganova.eu\/da\/wp-json\/wp\/v2\/pwb-brand?post=8778"},{"taxonomy":"product_brand","embeddable":true,"href":"https:\/\/veganova.eu\/da\/wp-json\/wp\/v2\/product_brand?post=8778"},{"taxonomy":"product_cat","embeddable":true,"href":"https:\/\/veganova.eu\/da\/wp-json\/wp\/v2\/product_cat?post=8778"},{"taxonomy":"product_tag","embeddable":true,"href":"https:\/\/veganova.eu\/da\/wp-json\/wp\/v2\/product_tag?post=8778"}],"curies":[{"name":"wp","href":"https:\/\/api.w.org\/{rel}","templated":true}]}}