{"id":9120,"date":"2023-10-01T17:14:04","date_gmt":"2023-10-01T15:14:04","guid":{"rendered":"https:\/\/veganova.eu\/?post_type=product&#038;p=9120"},"modified":"2026-04-21T07:25:18","modified_gmt":"2026-04-21T05:25:18","slug":"naughty-boy-prime-creatine-300g","status":"publish","type":"product","link":"https:\/\/veganova.eu\/da\/shop\/naughty-boy-prime-creatine-300g\/","title":{"rendered":"Naughty Boy Prime - Kreatin - 300g"},"content":{"rendered":"<h3>Naughty Boy Prime - Kreatin - 300g<\/h3>\n<p>NaughtyBoy Micronised Creatine Powder.<\/p>\n<p>Vores mikroniserede kreatinpulver indeholder en af de mest unders\u00f8gte former for kreatin, der findes. Kreatinmonohydrat har videnskabeligt vist sig at \u00f8ge udholdenhedspr\u00e6station og styrke hos b\u00e5de m\u00e6nd og kvinder.<br \/>\n100% Creatine Monohydrate (200 mesh) is micronised offering excellent mixability. Our Creatine is unflavoured and can be mixed with your favourite NaughtyBoy products.<\/p>","protected":false},"excerpt":{"rendered":"<p>The vegan nutritional supplement containing creatine in powder form Naughty Boy Prime Creatine is ideal for both men and women to increase strength and performance. Fast solubility. Vegan certification. Package contents: 300g.<\/p>","protected":false},"featured_media":52590,"comment_status":"closed","ping_status":"closed","template":"","meta":{"advanced_seo_description":"","jetpack_seo_html_title":"","jetpack_seo_noindex":false},"pwb-brand":[488],"product_brand":[4785],"product_cat":[272,132],"product_tag":[1244],"class_list":{"0":"post-9120","1":"product","2":"type-product","3":"status-publish","4":"has-post-thumbnail","6":"pwb-brand-naughty-boy","7":"product_brand-naughty-boy","8":"product_cat-creatines","9":"product_cat-sports-nutrition","10":"product_tag-power","11":"brand_woo-naughty-boy","13":"first","14":"instock","15":"taxable","16":"shipping-taxable","17":"purchasable","18":"product-type-simple"},"jetpack_sharing_enabled":true,"brands":[{"id":488,"name":"Uartig dreng","slug":"naughty-boy"}],"_links":{"self":[{"href":"https:\/\/veganova.eu\/da\/wp-json\/wp\/v2\/product\/9120","targetHints":{"allow":["GET"]}}],"collection":[{"href":"https:\/\/veganova.eu\/da\/wp-json\/wp\/v2\/product"}],"about":[{"href":"https:\/\/veganova.eu\/da\/wp-json\/wp\/v2\/types\/product"}],"replies":[{"embeddable":true,"href":"https:\/\/veganova.eu\/da\/wp-json\/wp\/v2\/comments?post=9120"}],"version-history":[{"count":1,"href":"https:\/\/veganova.eu\/da\/wp-json\/wp\/v2\/product\/9120\/revisions"}],"predecessor-version":[{"id":58819,"href":"https:\/\/veganova.eu\/da\/wp-json\/wp\/v2\/product\/9120\/revisions\/58819"}],"wp:featuredmedia":[{"embeddable":true,"href":"https:\/\/veganova.eu\/da\/wp-json\/wp\/v2\/media\/52590"}],"wp:attachment":[{"href":"https:\/\/veganova.eu\/da\/wp-json\/wp\/v2\/media?parent=9120"}],"wp:term":[{"taxonomy":"pwb-brand","embeddable":true,"href":"https:\/\/veganova.eu\/da\/wp-json\/wp\/v2\/pwb-brand?post=9120"},{"taxonomy":"product_brand","embeddable":true,"href":"https:\/\/veganova.eu\/da\/wp-json\/wp\/v2\/product_brand?post=9120"},{"taxonomy":"product_cat","embeddable":true,"href":"https:\/\/veganova.eu\/da\/wp-json\/wp\/v2\/product_cat?post=9120"},{"taxonomy":"product_tag","embeddable":true,"href":"https:\/\/veganova.eu\/da\/wp-json\/wp\/v2\/product_tag?post=9120"}],"curies":[{"name":"wp","href":"https:\/\/api.w.org\/{rel}","templated":true}]}}