{"id":9607,"date":"2023-10-01T17:14:50","date_gmt":"2023-10-01T15:14:50","guid":{"rendered":"https:\/\/veganova.eu\/?post_type=product&#038;p=9607"},"modified":"2026-04-21T07:25:25","modified_gmt":"2026-04-21T05:25:25","slug":"life-extension-cat-mix-100g","status":"publish","type":"product","link":"https:\/\/veganova.eu\/da\/shop\/life-extension-cat-mix-100g\/","title":{"rendered":"Life Extension kattemix - 100 g"},"content":{"rendered":"<h3>Life Extension kattemix<\/h3>\n<p>Dyr har unikke fysiologiske og strukturelle systemer og har derfor brug for specifikke f\u00f8devarer og n\u00e6ringsstoffer for at bevare et optimalt helbred. Husdyr er ikke l\u00e6ngere ubetydelige og betragtes nu som familiemedlemmer, der kr\u00e6ver s\u00e6rlig opm\u00e6rksomhed. For at opfylde dette behov er dyrefoderindustrien vokset enormt i \u00e5renes l\u00f8b. Men du m\u00e5 sp\u00f8rge dig selv, om du f\u00e5r de bedste n\u00e6ringsstoffer til din kat.<\/p>\n<p>Katte er blevet t\u00e6mmet siden tidernes morgen for at fange rotter og mus. I dag er de prim\u00e6rt k\u00e6ledyr, der ligesom hunde kr\u00e6ver s\u00e6rlig opm\u00e6rksomhed, n\u00e5r det g\u00e6lder ern\u00e6ring og pleje. Katte er k\u00f8d\u00e6dende. Men i mods\u00e6tning til hunde, som kan spise nogle plantebaserede f\u00f8devarer, har katte brug for animalsk protein for at overleve. N\u00e6ringsstoffer som taurin og arginin er vigtige for en kats sundhed, og uden dem kan katte d\u00f8. Taurin er et must for kattes hjerte-, nyre- og \u00f8jensundhed. Arginin afgifter ammoniak i kattens nyrer og er ogs\u00e5 vigtigt for hjertets og bugspytkirtlens funktion og for at holde tarmen sund. Arachidonsyre er en essentiel fedtsyre for katte, da katte ikke kan omdanne betydelige m\u00e6ngder linoleat til arachidonat. Og ligesom mennesker har katte brug for B-vitaminer til at st\u00f8tte det kardiovaskul\u00e6re system. Katte har ogs\u00e5 problemer med at omdanne visse aminosyrer fra andre n\u00e6ringsstoffer, som f.eks. omdannelsen af niacin fra tryptofan eller A-vitamin fra betacaroten. Af den grund har katte strengere ern\u00e6ringsm\u00e6ssige krav end alt\u00e6dende dyr som hunde og mennesker.<\/p>\n<p>S\u00e5 hvordan kan du v\u00e6re sikker p\u00e5, at du giver dit k\u00e6ledyr den bedste ern\u00e6ring? Ud over kommercielle f\u00f8devarer af h\u00f8j kvalitet, der er beriget med n\u00e6ringsstoffer, er kosttilskud den bedste m\u00e5de at sikre, at dine k\u00e6ledyr f\u00e5r alle de vitaminer og mineraler, de har brug for til at leve et langt og sundt liv.<\/p>\n<p>Life Extensions Cat Mix er blandt de bedste produkter til at beskytte dit k\u00e6ledyrs sundhed. <strong>Bare to skefulde om dagen giver de vitaminer, dit k\u00e6ledyr har brug for for at holde sig sund og st\u00e6rk. Cat Mix indeholder betydelige m\u00e6ngder n\u00e6ringsstoffer af h\u00f8j kvalitet, som normalt er forbeholdt de dyreste kosttilskud til mennesker. Det indeholder flavonoider, aminosyrer, antioxidanter, probiotika, essentielle fedtsyrer, methyleringsforst\u00e6rkere og meget mere.<\/strong><\/p>\n<p>Faktisk indeholder mange kommercielle dyrefoder ikke de vitaminer, aminosyrer, phytonutrienter og avancerede antioxidanter, der findes i Cat Mix. Life Extensions kosttilskud til k\u00e6ledyr indeholder de samme f\u00f8rsteklasses n\u00e6ringsstoffer, som bruges i alle vores produkter.<\/p>","protected":false},"excerpt":{"rendered":"<p>Life Extensions Cat Mix er de bedste produkter til at beskytte dit k\u00e6ledyrs sundhed. Bare to skefulde om dagen giver de vitaminer, dit k\u00e6ledyr har brug for til at forblive sundt og st\u00e6rkt. Cat Mix indeholder betydelige m\u00e6ngder n\u00e6ringsstoffer af h\u00f8j kvalitet, som normalt er forbeholdt de dyreste kosttilskud til mennesker. Det indeholder flavonoider, aminosyrer, antioxidanter, probiotika, essentielle fedtsyrer, methyleringsforst\u00e6rkere og meget mere. Glutenfri, IKKE GMO. Indhold: 100g.<\/p>","protected":false},"featured_media":51372,"comment_status":"closed","ping_status":"closed","template":"","meta":{"advanced_seo_description":"","jetpack_seo_html_title":"","jetpack_seo_noindex":false},"pwb-brand":[168],"product_brand":[4575],"product_cat":[593],"product_tag":[1085,1082,826],"class_list":{"0":"post-9607","1":"product","2":"type-product","3":"status-publish","4":"has-post-thumbnail","6":"pwb-brand-life-extension","7":"product_brand-life-extension","8":"product_cat-for-pets","9":"product_tag-cat-health","10":"product_tag-cat-immunity","11":"product_tag-for-cats","12":"brand_woo-life-extension","14":"first","15":"outofstock","16":"taxable","17":"shipping-taxable","18":"purchasable","19":"product-type-simple"},"jetpack_sharing_enabled":true,"brands":[{"id":168,"name":"Livsforl\u00e6ngelse","slug":"life-extension"}],"_links":{"self":[{"href":"https:\/\/veganova.eu\/da\/wp-json\/wp\/v2\/product\/9607","targetHints":{"allow":["GET"]}}],"collection":[{"href":"https:\/\/veganova.eu\/da\/wp-json\/wp\/v2\/product"}],"about":[{"href":"https:\/\/veganova.eu\/da\/wp-json\/wp\/v2\/types\/product"}],"replies":[{"embeddable":true,"href":"https:\/\/veganova.eu\/da\/wp-json\/wp\/v2\/comments?post=9607"}],"version-history":[{"count":1,"href":"https:\/\/veganova.eu\/da\/wp-json\/wp\/v2\/product\/9607\/revisions"}],"predecessor-version":[{"id":58883,"href":"https:\/\/veganova.eu\/da\/wp-json\/wp\/v2\/product\/9607\/revisions\/58883"}],"wp:featuredmedia":[{"embeddable":true,"href":"https:\/\/veganova.eu\/da\/wp-json\/wp\/v2\/media\/51372"}],"wp:attachment":[{"href":"https:\/\/veganova.eu\/da\/wp-json\/wp\/v2\/media?parent=9607"}],"wp:term":[{"taxonomy":"pwb-brand","embeddable":true,"href":"https:\/\/veganova.eu\/da\/wp-json\/wp\/v2\/pwb-brand?post=9607"},{"taxonomy":"product_brand","embeddable":true,"href":"https:\/\/veganova.eu\/da\/wp-json\/wp\/v2\/product_brand?post=9607"},{"taxonomy":"product_cat","embeddable":true,"href":"https:\/\/veganova.eu\/da\/wp-json\/wp\/v2\/product_cat?post=9607"},{"taxonomy":"product_tag","embeddable":true,"href":"https:\/\/veganova.eu\/da\/wp-json\/wp\/v2\/product_tag?post=9607"}],"curies":[{"name":"wp","href":"https:\/\/api.w.org\/{rel}","templated":true}]}}