{"id":12618,"date":"2023-10-08T15:03:49","date_gmt":"2023-10-08T14:03:49","guid":{"rendered":"https:\/\/veganova.eu\/?page_id=12618"},"modified":"2025-07-31T15:49:29","modified_gmt":"2025-07-31T13:49:29","slug":"cookies","status":"publish","type":"page","link":"https:\/\/veganova.eu\/de\/cookies\/","title":{"rendered":"Cookies"},"content":{"rendered":"<p>Was sind Cookies?<\/p>\r\n\r\n\r\n\r\n<p>Diese Cookie-Richtlinie erkl\u00e4rt, was Cookies sind und wie wir sie verwenden, welche Arten von Cookies wir verwenden, welche Informationen wir durch Cookies sammeln und wie diese Informationen verwendet werden und wie Sie Ihre Cookie-Einstellungen verwalten k\u00f6nnen.<\/p>\r\n\r\n\r\n\r\n<p>Cookies sind kleine Textdateien, die dazu dienen, kleine Informationen zu speichern. Sie werden auf Ihrem Ger\u00e4t gespeichert, wenn eine Website in Ihrem Browser geladen wird. Diese Cookies helfen uns, ordnungsgem\u00e4\u00df zu funktionieren, die Sicherheit zu erh\u00f6hen, eine bessere Benutzererfahrung zu bieten und zu verstehen, wie die Website funktioniert und zu analysieren, was funktioniert und wo Verbesserungen erforderlich sind.<\/p>\r\n\r\n\r\n\r\n<p>Wie verwenden wir Cookies?<\/p>\r\n\r\n\r\n\r\n<p>Wie die meisten Online-Dienste verwendet auch unsere Website Cookies von Erst- und Drittanbietern f\u00fcr verschiedene Zwecke. Cookies von Erstanbietern sind meist notwendig, damit die Website ordnungsgem\u00e4\u00df funktioniert, und erfassen keine pers\u00f6nlichen Daten von Ihnen. Cookies von Drittanbietern, die auf unserer Website verwendet werden, dienen haupts\u00e4chlich dazu, zu verstehen, wie die Website funktioniert, wie Sie mit unserer Website interagieren, unsere Dienste zu sichern, f\u00fcr Sie relevante Werbung bereitzustellen und allgemein eine bessere und verbesserte Benutzererfahrung zu bieten. und helfen, Ihre zuk\u00fcnftigen Interaktionen mit unserer Website zu beschleunigen.<\/p>\r\n\r\n\r\n\r\n<p>Cookie-Einstellungen verwalten<\/p>\r\n\r\n\r\n\r\n<p>Sie k\u00f6nnen Ihre Cookie-Pr\u00e4ferenzen \u00fcber das Cookie-Banner unten links auf unserer Website einstellen.<\/p>\r\n\r\n\r\n\r\n<p>Au\u00dferdem bieten verschiedene Browser unterschiedliche M\u00f6glichkeiten zum Blockieren und L\u00f6schen von Cookies, die von Websites verwendet werden. Sie k\u00f6nnen Ihre Browsereinstellungen \u00e4ndern, um Cookies zu blockieren\/l\u00f6schen. Nachstehend finden Sie Links zu Support-Dokumenten \u00fcber die Verwaltung und L\u00f6schung von Cookies in den wichtigsten Webbrowsern.<\/p>\r\n\r\n\r\n\r\n<p>Chrome: https:\/\/support.google.com\/accounts\/answer\/32050 Safari: https:\/\/support.apple.com\/en-in\/guide\/safari\/sfri11471\/mac<\/p>\r\n\r\n\r\n\r\n<p>Firefox: https:\/\/support.mozilla.org\/en-US\/kb\/clear-cookies-and-site-data-firefox?redirectslug=delete-cookies-remove-info-websites-stored&amp;redirectlocale=en-US<\/p>\r\n\r\n\r\n\r\n<p>Internet Explorer: https:\/\/support.microsoft.com\/en-us\/topic\/how-to-delete-cookie-files-in-internet-explorer-bca9446f-d873-78de-77ba-d42645fa52fc<\/p>\r\n\r\n\r\n\r\n<p>Wenn Sie einen anderen Webbrowser verwenden, lesen Sie bitte die offiziellen Support-Dokumente f\u00fcr Ihren Browser.<\/p>","protected":false},"excerpt":{"rendered":"<p>What are cookies? This cookie policy explains what cookies are and how we use them, the types of cookies we use, the information we collect through cookies and how that information is used, and how to manage your cookie settings. Cookies are small text files that are used to store small pieces of information. They [&hellip;]<\/p>\n","protected":false},"author":1,"featured_media":0,"parent":0,"menu_order":0,"comment_status":"closed","ping_status":"closed","template":"","meta":{"advanced_seo_description":"","jetpack_seo_html_title":"","jetpack_seo_noindex":false,"footnotes":""},"class_list":["post-12618","page","type-page","status-publish","hentry"],"jetpack_sharing_enabled":true,"jetpack_shortlink":"https:\/\/wp.me\/PeA86S-3hw","_links":{"self":[{"href":"https:\/\/veganova.eu\/de\/wp-json\/wp\/v2\/pages\/12618","targetHints":{"allow":["GET"]}}],"collection":[{"href":"https:\/\/veganova.eu\/de\/wp-json\/wp\/v2\/pages"}],"about":[{"href":"https:\/\/veganova.eu\/de\/wp-json\/wp\/v2\/types\/page"}],"author":[{"embeddable":true,"href":"https:\/\/veganova.eu\/de\/wp-json\/wp\/v2\/users\/1"}],"replies":[{"embeddable":true,"href":"https:\/\/veganova.eu\/de\/wp-json\/wp\/v2\/comments?post=12618"}],"version-history":[{"count":1,"href":"https:\/\/veganova.eu\/de\/wp-json\/wp\/v2\/pages\/12618\/revisions"}],"predecessor-version":[{"id":56206,"href":"https:\/\/veganova.eu\/de\/wp-json\/wp\/v2\/pages\/12618\/revisions\/56206"}],"wp:attachment":[{"href":"https:\/\/veganova.eu\/de\/wp-json\/wp\/v2\/media?parent=12618"}],"curies":[{"name":"wp","href":"https:\/\/api.w.org\/{rel}","templated":true}]}}