{"id":14665,"date":"2023-11-13T19:30:04","date_gmt":"2023-11-13T18:30:04","guid":{"rendered":"https:\/\/veganova.eu\/?post_type=product&#038;p=14665"},"modified":"2026-04-21T07:25:28","modified_gmt":"2026-04-21T05:25:28","slug":"allnutrition-flex-all-complete-cherry-400g","status":"publish","type":"product","link":"https:\/\/veganova.eu\/de\/shop\/allnutrition-flex-all-complete-cherry-400g\/","title":{"rendered":"Allnutrition Flex All Complete, Kirsche - 400g"},"content":{"rendered":"<h3>Allnutrition Flex All Complete, Kirsche - 400g<\/h3>\n<p>Der Gelenkknorpel wird als Knorpelgewebe bezeichnet und verhindert den Abrieb von Knochen, die miteinander in Kontakt stehen. Mit zunehmendem Alter hat der Gelenkknorpel nicht mehr die F\u00e4higkeit, sich zu regenerieren, was zu seinem Verlust f\u00fchren kann.<\/p>\n<p>Dank FLEX ALL COMPLETE k\u00f6nnen Sie die Regeneration beschleunigen und den Wiederaufbau der gesch\u00e4digten Knorpelstruktur unterst\u00fctzen, was die Produktion von Kollagen stimuliert und die Elastizit\u00e4t der Gelenke wiederherstellt. Leicht verdauliche Inhaltsstoffe, die in Pulverform vorliegen, sind bei diesem Regenerationsprozess am effektivsten.<\/p>\n<p>FLEX ALL COMPLETE ist ein Produkt, das haupts\u00e4chlich auf Kollagen basiert. Kollagen ist ein Protein, das zur Erhaltung gesunder Knochen beitr\u00e4gt. Dar\u00fcber hinaus enth\u00e4lt es eine Reihe von unterst\u00fctzenden Inhaltsstoffen. Dazu geh\u00f6rt Vitamin C, das zur ordnungsgem\u00e4\u00dfen Produktion von Kollagen beitr\u00e4gt, um das reibungslose Funktionieren von Knorpel und Haut zu gew\u00e4hrleisten.<\/p>","protected":false},"excerpt":{"rendered":"<p>Sch\u00f6nheits- und Gesundheitserg\u00e4nzung Allnutrition Flex All Complete enth\u00e4lt hydrolysiertes Rinderkollagen, L-Prolin, Glucosamin, MSM, Vitamin C, Magnesium und B6. Geschmack: Kirsche. Inhalt: 400g.<\/p>","protected":false},"featured_media":53753,"comment_status":"closed","ping_status":"closed","template":"","meta":{"advanced_seo_description":"","jetpack_seo_html_title":"","jetpack_seo_noindex":false},"pwb-brand":[475],"product_brand":[4774],"product_cat":[688,684],"product_tag":[],"class_list":{"0":"post-14665","1":"product","2":"type-product","3":"status-publish","4":"has-post-thumbnail","6":"pwb-brand-allnutrition","7":"product_brand-allnutrition","8":"product_cat-beauty-supplements","9":"product_cat-clean-beauty","10":"brand_woo-allnutrition","12":"first","13":"outofstock","14":"taxable","15":"shipping-taxable","16":"purchasable","17":"product-type-simple"},"jetpack_sharing_enabled":true,"brands":[{"id":475,"name":"Allnutrition","slug":"allnutrition"}],"_links":{"self":[{"href":"https:\/\/veganova.eu\/de\/wp-json\/wp\/v2\/product\/14665","targetHints":{"allow":["GET"]}}],"collection":[{"href":"https:\/\/veganova.eu\/de\/wp-json\/wp\/v2\/product"}],"about":[{"href":"https:\/\/veganova.eu\/de\/wp-json\/wp\/v2\/types\/product"}],"replies":[{"embeddable":true,"href":"https:\/\/veganova.eu\/de\/wp-json\/wp\/v2\/comments?post=14665"}],"version-history":[{"count":1,"href":"https:\/\/veganova.eu\/de\/wp-json\/wp\/v2\/product\/14665\/revisions"}],"predecessor-version":[{"id":58918,"href":"https:\/\/veganova.eu\/de\/wp-json\/wp\/v2\/product\/14665\/revisions\/58918"}],"wp:featuredmedia":[{"embeddable":true,"href":"https:\/\/veganova.eu\/de\/wp-json\/wp\/v2\/media\/53753"}],"wp:attachment":[{"href":"https:\/\/veganova.eu\/de\/wp-json\/wp\/v2\/media?parent=14665"}],"wp:term":[{"taxonomy":"pwb-brand","embeddable":true,"href":"https:\/\/veganova.eu\/de\/wp-json\/wp\/v2\/pwb-brand?post=14665"},{"taxonomy":"product_brand","embeddable":true,"href":"https:\/\/veganova.eu\/de\/wp-json\/wp\/v2\/product_brand?post=14665"},{"taxonomy":"product_cat","embeddable":true,"href":"https:\/\/veganova.eu\/de\/wp-json\/wp\/v2\/product_cat?post=14665"},{"taxonomy":"product_tag","embeddable":true,"href":"https:\/\/veganova.eu\/de\/wp-json\/wp\/v2\/product_tag?post=14665"}],"curies":[{"name":"wp","href":"https:\/\/api.w.org\/{rel}","templated":true}]}}