{"id":14721,"date":"2023-11-13T19:30:32","date_gmt":"2023-11-13T18:30:32","guid":{"rendered":"https:\/\/veganova.eu\/?post_type=product&#038;p=14721"},"modified":"2026-04-26T02:21:35","modified_gmt":"2026-04-26T00:21:35","slug":"dorian-yates-liquid-collagen-vitamin-c-hyaluronic-acid-orange-500-ml","status":"publish","type":"product","link":"https:\/\/veganova.eu\/de\/shop\/dorian-yates-liquid-collagen-vitamin-c-hyaluronic-acid-orange-500-ml\/","title":{"rendered":"Dorian Yates Fl\u00fcssiges Kollagen + Vitamin C + Hyalurons\u00e4ure, Orange - 500 ml."},"content":{"rendered":"<h3>Dorian Yates Fl\u00fcssiges Kollagen + Vitamin C + Hyalurons\u00e4ure, Orange - 500 ml.<\/h3>\n<p>Fl\u00fcssiges Kollagen und Hyalurons\u00e4ure, Vitamin B6 und Vitamin C enthaltende Lebensmittel f\u00fcr Sportler mit S\u00fc\u00dfungsmitteln.<br \/>\nVitamin B6 tr\u00e4gt zu einem normalen Energiestoffwechsel, zur Verringerung von M\u00fcdigkeit und Ersch\u00f6pfung und zur normalen Funktion des Immunsystems bei.<br \/>\nVitamin C tr\u00e4gt zur normalen Kollagenbildung bei.<\/p>\n<ul>\n<li>normale Funktion der Blutgef\u00e4\u00dfe<\/li>\n<li>normale Funktion der Knochen<\/li>\n<li>normale Funktion des Knorpels<\/li>\n<li>normale Funktion des Zahnfleisches<\/li>\n<\/ul>","protected":false},"excerpt":{"rendered":"<p>Nahrungserg\u00e4nzungsmittel f\u00fcr Sch\u00f6nheit und Gesundheit Dorian Yates Liquid Collagen mit Vitamin C, Hyalurons\u00e4ure, Vitamin B6, Kollagen, Glycin, L-Arginin, Mineralien aus Mohai, Natrium, Pottasium, Kalzium, Magnesium und Eisen. Ideal f\u00fcr Sportler zur zus\u00e4tzlichen Unterst\u00fctzung der Gelenke. Ideal auch f\u00fcr das Immunsystem, die Blutgef\u00e4\u00dfe, die Knochen und die Haut. Inhalt: 500ml.<\/p>","protected":false},"featured_media":52379,"comment_status":"closed","ping_status":"closed","template":"","meta":{"advanced_seo_description":"","jetpack_seo_html_title":"","jetpack_seo_noindex":false},"pwb-brand":[737],"product_brand":[4873],"product_cat":[688,684],"product_tag":[],"class_list":{"0":"post-14721","1":"product","2":"type-product","3":"status-publish","4":"has-post-thumbnail","6":"pwb-brand-dorian-yates","7":"product_brand-dorian-yates","8":"product_cat-beauty-supplements","9":"product_cat-clean-beauty","10":"brand_woo-dorian-yates","12":"first","13":"instock","14":"taxable","15":"shipping-taxable","16":"purchasable","17":"product-type-simple"},"jetpack_sharing_enabled":true,"brands":[{"id":737,"name":"Dorian Yates","slug":"dorian-yates"}],"_links":{"self":[{"href":"https:\/\/veganova.eu\/de\/wp-json\/wp\/v2\/product\/14721","targetHints":{"allow":["GET"]}}],"collection":[{"href":"https:\/\/veganova.eu\/de\/wp-json\/wp\/v2\/product"}],"about":[{"href":"https:\/\/veganova.eu\/de\/wp-json\/wp\/v2\/types\/product"}],"replies":[{"embeddable":true,"href":"https:\/\/veganova.eu\/de\/wp-json\/wp\/v2\/comments?post=14721"}],"version-history":[{"count":1,"href":"https:\/\/veganova.eu\/de\/wp-json\/wp\/v2\/product\/14721\/revisions"}],"predecessor-version":[{"id":58938,"href":"https:\/\/veganova.eu\/de\/wp-json\/wp\/v2\/product\/14721\/revisions\/58938"}],"wp:featuredmedia":[{"embeddable":true,"href":"https:\/\/veganova.eu\/de\/wp-json\/wp\/v2\/media\/52379"}],"wp:attachment":[{"href":"https:\/\/veganova.eu\/de\/wp-json\/wp\/v2\/media?parent=14721"}],"wp:term":[{"taxonomy":"pwb-brand","embeddable":true,"href":"https:\/\/veganova.eu\/de\/wp-json\/wp\/v2\/pwb-brand?post=14721"},{"taxonomy":"product_brand","embeddable":true,"href":"https:\/\/veganova.eu\/de\/wp-json\/wp\/v2\/product_brand?post=14721"},{"taxonomy":"product_cat","embeddable":true,"href":"https:\/\/veganova.eu\/de\/wp-json\/wp\/v2\/product_cat?post=14721"},{"taxonomy":"product_tag","embeddable":true,"href":"https:\/\/veganova.eu\/de\/wp-json\/wp\/v2\/product_tag?post=14721"}],"curies":[{"name":"wp","href":"https:\/\/api.w.org\/{rel}","templated":true}]}}