{"id":14813,"date":"2023-11-13T19:31:03","date_gmt":"2023-11-13T18:31:03","guid":{"rendered":"https:\/\/veganova.eu\/?post_type=product&#038;p=14813"},"modified":"2026-04-21T07:25:33","modified_gmt":"2026-04-21T05:25:33","slug":"life-extension-super-absorbable-tocotrienols-60-softgels","status":"publish","type":"product","link":"https:\/\/veganova.eu\/de\/shop\/life-extension-super-absorbable-tocotrienols-60-softgels\/","title":{"rendered":"Leben Erweiterung Super-absorbierbare Tocotrienole - 60 softgels"},"content":{"rendered":"<h3>Leben Erweiterung Superabsorbierbare Tocotrienole<\/h3>\n<p>Den meisten Menschen ist nicht bewusst, dass Vitamin E acht verschiedene Verbindungen enth\u00e4lt. Kommerzielle Vitamin-E-Nahrungserg\u00e4nzungsmittel konzentrieren sich auf nur vier dieser Verbindungen, die sogenannten Tocopherole, und lassen die vier Tocotrienole, die reich an therapeutischen und antioxidativen Vorteilen sind, meist weg.<\/p>\n<p>Die Weichkapseln der superabsorbierbaren Tocotrienole von Life Extension enthalten Tocotrienole, die aus dem roten Palm\u00f6l des Elaeis guineensis Baumes gewonnen werden. Aufgrund ihrer einzigartigen chemischen Struktur bieten die Tocotrienole dem gesamten Organismus starke antioxidative Vorteile. Am wichtigsten ist, dass die Tocotrienole die DNA vor oxidativen Sch\u00e4den sch\u00fctzen und die Zellmembranen bewahren.<br \/>\nImmer mehr Wissenschaftler entdecken, dass Tocotrienole die gesunde Zellteilung unterst\u00fctzen, ein gesundes Lipidprofil f\u00f6rdern, die Gehirnfunktion sch\u00fctzen und sogar ein gesundes Haarwachstum unterst\u00fctzen.<\/p>\n<p>Durch ein patentiertes Abgabesystem5 bietet Life Extension die am besten absorbierbaren Tocotrienole aus rotem Palm\u00f6l, die heute erh\u00e4ltlich sind.<\/p>","protected":false},"excerpt":{"rendered":"<p>Das Nahrungserg\u00e4nzungsmittel f\u00fcr Sch\u00f6nheit und Gesundheit Life Extension Super Absorbable Tocotrienols liefert alle 8 verschiedenen Verbindungen des Vitamins E. Reich an Antioxidantien, therapeutischer Nutzen. Sch\u00fctzt die DNA vor oxidativen Sch\u00e4den. NICHT GVO. Inhalt: 60 Weichkapseln.<\/p>","protected":false},"featured_media":51001,"comment_status":"closed","ping_status":"closed","template":"","meta":{"advanced_seo_description":"","jetpack_seo_html_title":"","jetpack_seo_noindex":false},"pwb-brand":[168],"product_brand":[4575],"product_cat":[688,684],"product_tag":[],"class_list":{"0":"post-14813","1":"product","2":"type-product","3":"status-publish","4":"has-post-thumbnail","6":"pwb-brand-life-extension","7":"product_brand-life-extension","8":"product_cat-beauty-supplements","9":"product_cat-clean-beauty","10":"brand_woo-life-extension","12":"first","13":"instock","14":"taxable","15":"shipping-taxable","16":"purchasable","17":"product-type-simple"},"jetpack_sharing_enabled":true,"brands":[{"id":168,"name":"Lebensverl\u00e4ngerung","slug":"life-extension"}],"_links":{"self":[{"href":"https:\/\/veganova.eu\/de\/wp-json\/wp\/v2\/product\/14813","targetHints":{"allow":["GET"]}}],"collection":[{"href":"https:\/\/veganova.eu\/de\/wp-json\/wp\/v2\/product"}],"about":[{"href":"https:\/\/veganova.eu\/de\/wp-json\/wp\/v2\/types\/product"}],"replies":[{"embeddable":true,"href":"https:\/\/veganova.eu\/de\/wp-json\/wp\/v2\/comments?post=14813"}],"version-history":[{"count":1,"href":"https:\/\/veganova.eu\/de\/wp-json\/wp\/v2\/product\/14813\/revisions"}],"predecessor-version":[{"id":58977,"href":"https:\/\/veganova.eu\/de\/wp-json\/wp\/v2\/product\/14813\/revisions\/58977"}],"wp:featuredmedia":[{"embeddable":true,"href":"https:\/\/veganova.eu\/de\/wp-json\/wp\/v2\/media\/51001"}],"wp:attachment":[{"href":"https:\/\/veganova.eu\/de\/wp-json\/wp\/v2\/media?parent=14813"}],"wp:term":[{"taxonomy":"pwb-brand","embeddable":true,"href":"https:\/\/veganova.eu\/de\/wp-json\/wp\/v2\/pwb-brand?post=14813"},{"taxonomy":"product_brand","embeddable":true,"href":"https:\/\/veganova.eu\/de\/wp-json\/wp\/v2\/product_brand?post=14813"},{"taxonomy":"product_cat","embeddable":true,"href":"https:\/\/veganova.eu\/de\/wp-json\/wp\/v2\/product_cat?post=14813"},{"taxonomy":"product_tag","embeddable":true,"href":"https:\/\/veganova.eu\/de\/wp-json\/wp\/v2\/product_tag?post=14813"}],"curies":[{"name":"wp","href":"https:\/\/api.w.org\/{rel}","templated":true}]}}